{"id":6825,"date":"2025-04-28T16:47:20","date_gmt":"2025-04-28T16:47:20","guid":{"rendered":"https:\/\/barbosasantander.com\/?post_type=product&#038;p=6825"},"modified":"2025-09-22T19:40:45","modified_gmt":"2025-09-22T19:40:45","slug":"arnes-multiproposito-en-x-ocn-4-puntos","status":"publish","type":"product","link":"https:\/\/cursosalturas.com.co\/tienda\/producto\/arnes-multiproposito-en-x-ocn-4-puntos\/","title":{"rendered":"Arn\u00e9s multiprop\u00f3sito en x con 4 puntos"},"content":{"rendered":"<p>Referencia: fb4x-s<\/p>\n<p>Arn\u00e9s tipo x de 4 puntos de anclaje<\/p>\n<p>1 argolla dorsal para detenci\u00f3n de ca\u00eddas.<\/p>\n<p>2 argollas ubicadas en la cintura para que el trabajador pueda hacer posicionamiento<\/p>\n<p>1 argolla pectoral para ascenso y descenso, tambi\u00e9n se utiliza para rescate<\/p>\n<p>Cumple la normatividad ANSI\/ASSE A359.1-2007<\/p>\n<p>Material: reata poliester de alta tenacidad<\/p>\n<p>Tiene un alto coeficiente de resistencia a la abrasi\u00f3n<\/p>\n<p>Tiene indicador de impacto<\/p>\n<p>Argollas en D con resistencia de (22.2Kn) 5000lb<\/p>\n<p>Capacidad m\u00e1xima de carga 140 kilos o 310 libras<\/p>\n<p>Peso_ 1779 gr<\/p>\n<p>Talla: Universal porque es regulable<\/p>\n<p>Un arnes que proporciona comodidad, seguridad y libertad de movimientos para realizar trabajos en alturas de forma r\u00e1pida, \u00e1gil y ante todo segura.<\/p>\n<p>Dise\u00f1ado para realizar trabajos en andamios, techos, escaleras, postes, suspensi\u00f3n, limpieza de fachadas etc.<\/p>\n<h2>Marca<\/h2>\n<p>DINAMIK<\/p>\n","protected":false},"excerpt":{"rendered":"<p>Arn\u00e9s 4 puntos de anclaje con placa pectoral<\/p>\n<p>Ref: FB4X-S<\/p>\n<p>Arnes de cuerpo completo, cuenta con 4 puntos de anclaje y es tipo x.<\/p>\n<p>Sus consturas son en alta calidad ya que est\u00e1n hechas en poli\u00e9ster de alta tenacidad en color contrastante, este cambio de color facilita la inspecci\u00f3n del arn\u00e9s.<\/p>\n<p>Las argollas son tipo D y tienen una resistencia de 5000 lb<\/p>\n<p>Capacidad M\u00e1xima de carga 130-310 lb<\/p>\n<p>Este arn\u00e9s cumple todos los requerimientos de la ANSI\/ASSP Z359.11-2021<\/p>\n<p>&nbsp;<\/p>\n<div id=\"gtx-trans\" style=\"position: absolute; left: -100px; top: -10px;\">\n<div class=\"gtx-trans-icon\"><\/div>\n<\/div>\n","protected":false},"featured_media":6826,"comment_status":"closed","ping_status":"closed","template":"","meta":[],"product_brand":[],"product_cat":[48],"product_tag":[],"class_list":{"0":"post-6825","1":"product","2":"type-product","3":"status-publish","4":"has-post-thumbnail","6":"product_cat-arneses-multiproposito-para-trabajos-en-alturas-sin-faja-lumbar","8":"first","9":"instock","10":"taxable","11":"shipping-taxable","12":"purchasable","13":"product-type-simple"},"yoast_head":"<!-- This site is optimized with the Yoast SEO plugin v25.3 - https:\/\/yoast.com\/wordpress\/plugins\/seo\/ -->\n<title>Arn\u00e9s multiprop\u00f3sito en x con 4 puntos - Cubik<\/title>\n<meta name=\"description\" content=\"Arn\u00e9s tipo X de 4 anclajes en reata poli\u00e9ster. Certificado ANSI, con indicador de impacto y alta resistencia. Seguridad y confort en trabajos de altura.\" \/>\n<meta name=\"robots\" content=\"index, follow, max-snippet:-1, max-image-preview:large, max-video-preview:-1\" \/>\n<link rel=\"canonical\" href=\"https:\/\/cursosalturas.com.co\/tienda\/producto\/arnes-multiproposito-en-x-ocn-4-puntos\/\" \/>\n<meta property=\"og:locale\" content=\"es_ES\" \/>\n<meta property=\"og:type\" content=\"article\" \/>\n<meta property=\"og:title\" content=\"Arn\u00e9s multiprop\u00f3sito en x con 4 puntos - Cubik\" \/>\n<meta property=\"og:description\" content=\"Arn\u00e9s tipo X de 4 anclajes en reata poli\u00e9ster. Certificado ANSI, con indicador de impacto y alta resistencia. Seguridad y confort en trabajos de altura.\" \/>\n<meta property=\"og:url\" content=\"https:\/\/cursosalturas.com.co\/tienda\/producto\/arnes-multiproposito-en-x-ocn-4-puntos\/\" \/>\n<meta property=\"og:site_name\" content=\"Cubik\" \/>\n<meta property=\"article:modified_time\" content=\"2025-09-22T19:40:45+00:00\" \/>\n<meta property=\"og:image\" content=\"https:\/\/cursosalturas.com.co\/tienda\/wp-content\/uploads\/2025\/04\/arnes-multiproposito-de-4-puntos-dinamik.jpg\" \/>\n\t<meta property=\"og:image:width\" content=\"750\" \/>\n\t<meta property=\"og:image:height\" content=\"750\" \/>\n\t<meta property=\"og:image:type\" content=\"image\/jpeg\" \/>\n<meta name=\"twitter:card\" content=\"summary_large_image\" \/>\n<meta name=\"twitter:label1\" content=\"Tiempo de lectura\" \/>\n\t<meta name=\"twitter:data1\" content=\"1 minuto\" \/>\n<script type=\"application\/ld+json\" class=\"yoast-schema-graph\">{\"@context\":\"https:\/\/schema.org\",\"@graph\":[{\"@type\":\"WebPage\",\"@id\":\"https:\/\/cursosalturas.com.co\/tienda\/producto\/arnes-multiproposito-en-x-ocn-4-puntos\/\",\"url\":\"https:\/\/cursosalturas.com.co\/tienda\/producto\/arnes-multiproposito-en-x-ocn-4-puntos\/\",\"name\":\"Arn\u00e9s multiprop\u00f3sito en x con 4 puntos - Cubik\",\"isPartOf\":{\"@id\":\"https:\/\/cursosalturas.com.co\/tienda\/#website\"},\"primaryImageOfPage\":{\"@id\":\"https:\/\/cursosalturas.com.co\/tienda\/producto\/arnes-multiproposito-en-x-ocn-4-puntos\/#primaryimage\"},\"image\":{\"@id\":\"https:\/\/cursosalturas.com.co\/tienda\/producto\/arnes-multiproposito-en-x-ocn-4-puntos\/#primaryimage\"},\"thumbnailUrl\":\"https:\/\/cursosalturas.com.co\/tienda\/wp-content\/uploads\/2025\/04\/arnes-multiproposito-de-4-puntos-dinamik.jpg\",\"datePublished\":\"2025-04-28T16:47:20+00:00\",\"dateModified\":\"2025-09-22T19:40:45+00:00\",\"description\":\"Arn\u00e9s tipo X de 4 anclajes en reata poli\u00e9ster. Certificado ANSI, con indicador de impacto y alta resistencia. Seguridad y confort en trabajos de altura.\",\"breadcrumb\":{\"@id\":\"https:\/\/cursosalturas.com.co\/tienda\/producto\/arnes-multiproposito-en-x-ocn-4-puntos\/#breadcrumb\"},\"inLanguage\":\"es\",\"potentialAction\":[{\"@type\":\"ReadAction\",\"target\":[\"https:\/\/cursosalturas.com.co\/tienda\/producto\/arnes-multiproposito-en-x-ocn-4-puntos\/\"]}]},{\"@type\":\"ImageObject\",\"inLanguage\":\"es\",\"@id\":\"https:\/\/cursosalturas.com.co\/tienda\/producto\/arnes-multiproposito-en-x-ocn-4-puntos\/#primaryimage\",\"url\":\"https:\/\/cursosalturas.com.co\/tienda\/wp-content\/uploads\/2025\/04\/arnes-multiproposito-de-4-puntos-dinamik.jpg\",\"contentUrl\":\"https:\/\/cursosalturas.com.co\/tienda\/wp-content\/uploads\/2025\/04\/arnes-multiproposito-de-4-puntos-dinamik.jpg\",\"width\":750,\"height\":750,\"caption\":\"arnes de segudiad multiproposito\"},{\"@type\":\"BreadcrumbList\",\"@id\":\"https:\/\/cursosalturas.com.co\/tienda\/producto\/arnes-multiproposito-en-x-ocn-4-puntos\/#breadcrumb\",\"itemListElement\":[{\"@type\":\"ListItem\",\"position\":1,\"name\":\"Portada\",\"item\":\"https:\/\/cursosalturas.com.co\/tienda\/\"},{\"@type\":\"ListItem\",\"position\":2,\"name\":\"Tienda\",\"item\":\"https:\/\/cursosalturas.com.co\/tienda\/tienda\/\"},{\"@type\":\"ListItem\",\"position\":3,\"name\":\"Arn\u00e9s multiprop\u00f3sito en x con 4 puntos\"}]},{\"@type\":\"WebSite\",\"@id\":\"https:\/\/cursosalturas.com.co\/tienda\/#website\",\"url\":\"https:\/\/cursosalturas.com.co\/tienda\/\",\"name\":\"Cubik\",\"description\":\"Cursos certificados y Protecci\u00f3n contra ca\u00eddas en Trabajo de Alturas\",\"publisher\":{\"@id\":\"https:\/\/cursosalturas.com.co\/tienda\/#organization\"},\"potentialAction\":[{\"@type\":\"SearchAction\",\"target\":{\"@type\":\"EntryPoint\",\"urlTemplate\":\"https:\/\/cursosalturas.com.co\/tienda\/?s={search_term_string}\"},\"query-input\":{\"@type\":\"PropertyValueSpecification\",\"valueRequired\":true,\"valueName\":\"search_term_string\"}}],\"inLanguage\":\"es\"},{\"@type\":\"Organization\",\"@id\":\"https:\/\/cursosalturas.com.co\/tienda\/#organization\",\"name\":\"Cubik\",\"url\":\"https:\/\/cursosalturas.com.co\/tienda\/\",\"logo\":{\"@type\":\"ImageObject\",\"inLanguage\":\"es\",\"@id\":\"https:\/\/cursosalturas.com.co\/tienda\/#\/schema\/logo\/image\/\",\"url\":\"https:\/\/cursosalturas.com.co\/tienda\/wp-content\/uploads\/2025\/05\/cubik-logo-blanco.png\",\"contentUrl\":\"https:\/\/cursosalturas.com.co\/tienda\/wp-content\/uploads\/2025\/05\/cubik-logo-blanco.png\",\"width\":225,\"height\":64,\"caption\":\"Cubik\"},\"image\":{\"@id\":\"https:\/\/cursosalturas.com.co\/tienda\/#\/schema\/logo\/image\/\"}}]}<\/script>\n<!-- \/ Yoast SEO plugin. -->","yoast_head_json":{"title":"Arn\u00e9s multiprop\u00f3sito en x con 4 puntos - Cubik","description":"Arn\u00e9s tipo X de 4 anclajes en reata poli\u00e9ster. Certificado ANSI, con indicador de impacto y alta resistencia. Seguridad y confort en trabajos de altura.","robots":{"index":"index","follow":"follow","max-snippet":"max-snippet:-1","max-image-preview":"max-image-preview:large","max-video-preview":"max-video-preview:-1"},"canonical":"https:\/\/cursosalturas.com.co\/tienda\/producto\/arnes-multiproposito-en-x-ocn-4-puntos\/","og_locale":"es_ES","og_type":"article","og_title":"Arn\u00e9s multiprop\u00f3sito en x con 4 puntos - Cubik","og_description":"Arn\u00e9s tipo X de 4 anclajes en reata poli\u00e9ster. Certificado ANSI, con indicador de impacto y alta resistencia. Seguridad y confort en trabajos de altura.","og_url":"https:\/\/cursosalturas.com.co\/tienda\/producto\/arnes-multiproposito-en-x-ocn-4-puntos\/","og_site_name":"Cubik","article_modified_time":"2025-09-22T19:40:45+00:00","og_image":[{"width":750,"height":750,"url":"https:\/\/cursosalturas.com.co\/tienda\/wp-content\/uploads\/2025\/04\/arnes-multiproposito-de-4-puntos-dinamik.jpg","type":"image\/jpeg"}],"twitter_card":"summary_large_image","twitter_misc":{"Tiempo de lectura":"1 minuto"},"schema":{"@context":"https:\/\/schema.org","@graph":[{"@type":"WebPage","@id":"https:\/\/cursosalturas.com.co\/tienda\/producto\/arnes-multiproposito-en-x-ocn-4-puntos\/","url":"https:\/\/cursosalturas.com.co\/tienda\/producto\/arnes-multiproposito-en-x-ocn-4-puntos\/","name":"Arn\u00e9s multiprop\u00f3sito en x con 4 puntos - Cubik","isPartOf":{"@id":"https:\/\/cursosalturas.com.co\/tienda\/#website"},"primaryImageOfPage":{"@id":"https:\/\/cursosalturas.com.co\/tienda\/producto\/arnes-multiproposito-en-x-ocn-4-puntos\/#primaryimage"},"image":{"@id":"https:\/\/cursosalturas.com.co\/tienda\/producto\/arnes-multiproposito-en-x-ocn-4-puntos\/#primaryimage"},"thumbnailUrl":"https:\/\/cursosalturas.com.co\/tienda\/wp-content\/uploads\/2025\/04\/arnes-multiproposito-de-4-puntos-dinamik.jpg","datePublished":"2025-04-28T16:47:20+00:00","dateModified":"2025-09-22T19:40:45+00:00","description":"Arn\u00e9s tipo X de 4 anclajes en reata poli\u00e9ster. Certificado ANSI, con indicador de impacto y alta resistencia. Seguridad y confort en trabajos de altura.","breadcrumb":{"@id":"https:\/\/cursosalturas.com.co\/tienda\/producto\/arnes-multiproposito-en-x-ocn-4-puntos\/#breadcrumb"},"inLanguage":"es","potentialAction":[{"@type":"ReadAction","target":["https:\/\/cursosalturas.com.co\/tienda\/producto\/arnes-multiproposito-en-x-ocn-4-puntos\/"]}]},{"@type":"ImageObject","inLanguage":"es","@id":"https:\/\/cursosalturas.com.co\/tienda\/producto\/arnes-multiproposito-en-x-ocn-4-puntos\/#primaryimage","url":"https:\/\/cursosalturas.com.co\/tienda\/wp-content\/uploads\/2025\/04\/arnes-multiproposito-de-4-puntos-dinamik.jpg","contentUrl":"https:\/\/cursosalturas.com.co\/tienda\/wp-content\/uploads\/2025\/04\/arnes-multiproposito-de-4-puntos-dinamik.jpg","width":750,"height":750,"caption":"arnes de segudiad multiproposito"},{"@type":"BreadcrumbList","@id":"https:\/\/cursosalturas.com.co\/tienda\/producto\/arnes-multiproposito-en-x-ocn-4-puntos\/#breadcrumb","itemListElement":[{"@type":"ListItem","position":1,"name":"Portada","item":"https:\/\/cursosalturas.com.co\/tienda\/"},{"@type":"ListItem","position":2,"name":"Tienda","item":"https:\/\/cursosalturas.com.co\/tienda\/tienda\/"},{"@type":"ListItem","position":3,"name":"Arn\u00e9s multiprop\u00f3sito en x con 4 puntos"}]},{"@type":"WebSite","@id":"https:\/\/cursosalturas.com.co\/tienda\/#website","url":"https:\/\/cursosalturas.com.co\/tienda\/","name":"Cubik","description":"Cursos certificados y Protecci\u00f3n contra ca\u00eddas en Trabajo de Alturas","publisher":{"@id":"https:\/\/cursosalturas.com.co\/tienda\/#organization"},"potentialAction":[{"@type":"SearchAction","target":{"@type":"EntryPoint","urlTemplate":"https:\/\/cursosalturas.com.co\/tienda\/?s={search_term_string}"},"query-input":{"@type":"PropertyValueSpecification","valueRequired":true,"valueName":"search_term_string"}}],"inLanguage":"es"},{"@type":"Organization","@id":"https:\/\/cursosalturas.com.co\/tienda\/#organization","name":"Cubik","url":"https:\/\/cursosalturas.com.co\/tienda\/","logo":{"@type":"ImageObject","inLanguage":"es","@id":"https:\/\/cursosalturas.com.co\/tienda\/#\/schema\/logo\/image\/","url":"https:\/\/cursosalturas.com.co\/tienda\/wp-content\/uploads\/2025\/05\/cubik-logo-blanco.png","contentUrl":"https:\/\/cursosalturas.com.co\/tienda\/wp-content\/uploads\/2025\/05\/cubik-logo-blanco.png","width":225,"height":64,"caption":"Cubik"},"image":{"@id":"https:\/\/cursosalturas.com.co\/tienda\/#\/schema\/logo\/image\/"}}]}},"_links":{"self":[{"href":"https:\/\/cursosalturas.com.co\/tienda\/wp-json\/wp\/v2\/product\/6825","targetHints":{"allow":["GET"]}}],"collection":[{"href":"https:\/\/cursosalturas.com.co\/tienda\/wp-json\/wp\/v2\/product"}],"about":[{"href":"https:\/\/cursosalturas.com.co\/tienda\/wp-json\/wp\/v2\/types\/product"}],"replies":[{"embeddable":true,"href":"https:\/\/cursosalturas.com.co\/tienda\/wp-json\/wp\/v2\/comments?post=6825"}],"wp:featuredmedia":[{"embeddable":true,"href":"https:\/\/cursosalturas.com.co\/tienda\/wp-json\/wp\/v2\/media\/6826"}],"wp:attachment":[{"href":"https:\/\/cursosalturas.com.co\/tienda\/wp-json\/wp\/v2\/media?parent=6825"}],"wp:term":[{"taxonomy":"product_brand","embeddable":true,"href":"https:\/\/cursosalturas.com.co\/tienda\/wp-json\/wp\/v2\/product_brand?post=6825"},{"taxonomy":"product_cat","embeddable":true,"href":"https:\/\/cursosalturas.com.co\/tienda\/wp-json\/wp\/v2\/product_cat?post=6825"},{"taxonomy":"product_tag","embeddable":true,"href":"https:\/\/cursosalturas.com.co\/tienda\/wp-json\/wp\/v2\/product_tag?post=6825"}],"curies":[{"name":"wp","href":"https:\/\/api.w.org\/{rel}","templated":true}]}}