{"id":6827,"date":"2025-04-28T18:22:48","date_gmt":"2025-04-28T18:22:48","guid":{"rendered":"https:\/\/barbosasantander.com\/?post_type=product&#038;p=6827"},"modified":"2025-05-17T16:24:12","modified_gmt":"2025-05-17T16:24:12","slug":"arnes-multiproposito-en-x-con-4-puntos-marca-armadura","status":"publish","type":"product","link":"https:\/\/cursosalturas.com.co\/tienda\/producto\/arnes-multiproposito-en-x-con-4-puntos-marca-armadura\/","title":{"rendered":"Arn\u00e9s multiproposito en x con 4 puntos marca Armadura"},"content":{"rendered":"<p>Este arnes cuenta con 4 argollas en D, las cuales est\u00e1n realizadas con acero forjado de alta resistencia. Cada argolla tiene una resistencia de 5000 libras, de las cuales se distribuyen de la siguiente manera:<\/p>\n<p>1.- Argolla dorsal: Se utiliza para detenci\u00f3n de ca\u00eddas<\/p>\n<p>2.- Dos argollas laterales: se utilizan para que los trabajadores se posicionen<\/p>\n<p>3.- Una argolla en el pecho: Est\u00e1 argolla es fundamental al momento de hacer ascensos, descensos y en el caso en el que se deba rescatar al trabajador, se utiliza la argolla del pecho.<\/p>\n<p>Color:<\/p>\n<p>El color del arn\u00e9s es azul rey y negro, fabricados en poli\u00e9ster de alta calidad con un calibre de 45mm.<\/p>\n<p>El arnes hace parte del sistema de protecci\u00f3n contra ca\u00eddas y su funci\u00f3n es fundamental ya que es el que une al la persona con la l\u00ednea de vida en caso de ca\u00edda.<\/p>\n<p>&nbsp;<\/p>\n<p>&nbsp;<\/p>\n<p>&nbsp;<\/p>\n<p>&nbsp;<\/p>\n<p>&nbsp;<\/p>\n<p>&nbsp;<\/p>\n<p>&nbsp;<\/p>\n","protected":false},"excerpt":{"rendered":"<p>Referencia A0350x<\/p>\n<p>Arn\u00e9s multiprop\u00f3sito en X con 4 argollas Ref. a0350x<\/p>\n<p>Este arn\u00e9s cumple con los lineamientos de la norma ANSI Z359.11(2014)<\/p>\n<p>Arn\u00e9s de seguridad \u00a0de alta calidad marca Armadura, ideal para realizar trabajos en alturas.<\/p>\n","protected":false},"featured_media":6828,"comment_status":"closed","ping_status":"closed","template":"","meta":[],"product_brand":[],"product_cat":[48],"product_tag":[],"class_list":{"0":"post-6827","1":"product","2":"type-product","3":"status-publish","4":"has-post-thumbnail","6":"product_cat-arneses-multiproposito-para-trabajos-en-alturas-sin-faja-lumbar","8":"first","9":"instock","10":"taxable","11":"shipping-taxable","12":"purchasable","13":"product-type-simple"},"yoast_head":"<!-- This site is optimized with the Yoast SEO plugin v25.3 - https:\/\/yoast.com\/wordpress\/plugins\/seo\/ -->\n<title>Arn\u00e9s multiproposito en x con 4 puntos marca Armadura - Cubik<\/title>\n<meta name=\"robots\" content=\"index, follow, max-snippet:-1, max-image-preview:large, max-video-preview:-1\" \/>\n<link rel=\"canonical\" href=\"https:\/\/cursosalturas.com.co\/tienda\/producto\/arnes-multiproposito-en-x-con-4-puntos-marca-armadura\/\" \/>\n<meta property=\"og:locale\" content=\"es_ES\" \/>\n<meta property=\"og:type\" content=\"article\" \/>\n<meta property=\"og:title\" content=\"Arn\u00e9s multiproposito en x con 4 puntos marca Armadura - Cubik\" \/>\n<meta property=\"og:description\" content=\"Referencia A0350x  Arn\u00e9s multiprop\u00f3sito en X con 4 argollas Ref. a0350x  Este arn\u00e9s cumple con los lineamientos de la norma ANSI Z359.11(2014)  Arn\u00e9s de seguridad \u00a0de alta calidad marca Armadura, ideal para realizar trabajos en alturas.\" \/>\n<meta property=\"og:url\" content=\"https:\/\/cursosalturas.com.co\/tienda\/producto\/arnes-multiproposito-en-x-con-4-puntos-marca-armadura\/\" \/>\n<meta property=\"og:site_name\" content=\"Cubik\" \/>\n<meta property=\"article:modified_time\" content=\"2025-05-17T16:24:12+00:00\" \/>\n<meta property=\"og:image\" content=\"https:\/\/cursosalturas.com.co\/tienda\/wp-content\/uploads\/2025\/04\/1500-1.webp\" \/>\n\t<meta property=\"og:image:width\" content=\"1500\" \/>\n\t<meta property=\"og:image:height\" content=\"1500\" \/>\n\t<meta property=\"og:image:type\" content=\"image\/webp\" \/>\n<meta name=\"twitter:card\" content=\"summary_large_image\" \/>\n<meta name=\"twitter:label1\" content=\"Tiempo de lectura\" \/>\n\t<meta name=\"twitter:data1\" content=\"1 minuto\" \/>\n<script type=\"application\/ld+json\" class=\"yoast-schema-graph\">{\"@context\":\"https:\/\/schema.org\",\"@graph\":[{\"@type\":\"WebPage\",\"@id\":\"https:\/\/cursosalturas.com.co\/tienda\/producto\/arnes-multiproposito-en-x-con-4-puntos-marca-armadura\/\",\"url\":\"https:\/\/cursosalturas.com.co\/tienda\/producto\/arnes-multiproposito-en-x-con-4-puntos-marca-armadura\/\",\"name\":\"Arn\u00e9s multiproposito en x con 4 puntos marca Armadura - Cubik\",\"isPartOf\":{\"@id\":\"https:\/\/cursosalturas.com.co\/tienda\/#website\"},\"primaryImageOfPage\":{\"@id\":\"https:\/\/cursosalturas.com.co\/tienda\/producto\/arnes-multiproposito-en-x-con-4-puntos-marca-armadura\/#primaryimage\"},\"image\":{\"@id\":\"https:\/\/cursosalturas.com.co\/tienda\/producto\/arnes-multiproposito-en-x-con-4-puntos-marca-armadura\/#primaryimage\"},\"thumbnailUrl\":\"https:\/\/cursosalturas.com.co\/tienda\/wp-content\/uploads\/2025\/04\/1500-1.webp\",\"datePublished\":\"2025-04-28T18:22:48+00:00\",\"dateModified\":\"2025-05-17T16:24:12+00:00\",\"breadcrumb\":{\"@id\":\"https:\/\/cursosalturas.com.co\/tienda\/producto\/arnes-multiproposito-en-x-con-4-puntos-marca-armadura\/#breadcrumb\"},\"inLanguage\":\"es\",\"potentialAction\":[{\"@type\":\"ReadAction\",\"target\":[\"https:\/\/cursosalturas.com.co\/tienda\/producto\/arnes-multiproposito-en-x-con-4-puntos-marca-armadura\/\"]}]},{\"@type\":\"ImageObject\",\"inLanguage\":\"es\",\"@id\":\"https:\/\/cursosalturas.com.co\/tienda\/producto\/arnes-multiproposito-en-x-con-4-puntos-marca-armadura\/#primaryimage\",\"url\":\"https:\/\/cursosalturas.com.co\/tienda\/wp-content\/uploads\/2025\/04\/1500-1.webp\",\"contentUrl\":\"https:\/\/cursosalturas.com.co\/tienda\/wp-content\/uploads\/2025\/04\/1500-1.webp\",\"width\":1500,\"height\":1500,\"caption\":\"arnes en x 4 puntos marcar armadura\"},{\"@type\":\"BreadcrumbList\",\"@id\":\"https:\/\/cursosalturas.com.co\/tienda\/producto\/arnes-multiproposito-en-x-con-4-puntos-marca-armadura\/#breadcrumb\",\"itemListElement\":[{\"@type\":\"ListItem\",\"position\":1,\"name\":\"Portada\",\"item\":\"https:\/\/cursosalturas.com.co\/tienda\/\"},{\"@type\":\"ListItem\",\"position\":2,\"name\":\"Tienda\",\"item\":\"https:\/\/cursosalturas.com.co\/tienda\/tienda\/\"},{\"@type\":\"ListItem\",\"position\":3,\"name\":\"Arn\u00e9s multiproposito en x con 4 puntos marca Armadura\"}]},{\"@type\":\"WebSite\",\"@id\":\"https:\/\/cursosalturas.com.co\/tienda\/#website\",\"url\":\"https:\/\/cursosalturas.com.co\/tienda\/\",\"name\":\"Cubik\",\"description\":\"Cursos certificados y Protecci\u00f3n contra ca\u00eddas en Trabajo de Alturas\",\"publisher\":{\"@id\":\"https:\/\/cursosalturas.com.co\/tienda\/#organization\"},\"potentialAction\":[{\"@type\":\"SearchAction\",\"target\":{\"@type\":\"EntryPoint\",\"urlTemplate\":\"https:\/\/cursosalturas.com.co\/tienda\/?s={search_term_string}\"},\"query-input\":{\"@type\":\"PropertyValueSpecification\",\"valueRequired\":true,\"valueName\":\"search_term_string\"}}],\"inLanguage\":\"es\"},{\"@type\":\"Organization\",\"@id\":\"https:\/\/cursosalturas.com.co\/tienda\/#organization\",\"name\":\"Cubik\",\"url\":\"https:\/\/cursosalturas.com.co\/tienda\/\",\"logo\":{\"@type\":\"ImageObject\",\"inLanguage\":\"es\",\"@id\":\"https:\/\/cursosalturas.com.co\/tienda\/#\/schema\/logo\/image\/\",\"url\":\"https:\/\/cursosalturas.com.co\/tienda\/wp-content\/uploads\/2025\/05\/cubik-logo-blanco.png\",\"contentUrl\":\"https:\/\/cursosalturas.com.co\/tienda\/wp-content\/uploads\/2025\/05\/cubik-logo-blanco.png\",\"width\":225,\"height\":64,\"caption\":\"Cubik\"},\"image\":{\"@id\":\"https:\/\/cursosalturas.com.co\/tienda\/#\/schema\/logo\/image\/\"}}]}<\/script>\n<!-- \/ Yoast SEO plugin. -->","yoast_head_json":{"title":"Arn\u00e9s multiproposito en x con 4 puntos marca Armadura - Cubik","robots":{"index":"index","follow":"follow","max-snippet":"max-snippet:-1","max-image-preview":"max-image-preview:large","max-video-preview":"max-video-preview:-1"},"canonical":"https:\/\/cursosalturas.com.co\/tienda\/producto\/arnes-multiproposito-en-x-con-4-puntos-marca-armadura\/","og_locale":"es_ES","og_type":"article","og_title":"Arn\u00e9s multiproposito en x con 4 puntos marca Armadura - Cubik","og_description":"Referencia A0350x  Arn\u00e9s multiprop\u00f3sito en X con 4 argollas Ref. a0350x  Este arn\u00e9s cumple con los lineamientos de la norma ANSI Z359.11(2014)  Arn\u00e9s de seguridad \u00a0de alta calidad marca Armadura, ideal para realizar trabajos en alturas.","og_url":"https:\/\/cursosalturas.com.co\/tienda\/producto\/arnes-multiproposito-en-x-con-4-puntos-marca-armadura\/","og_site_name":"Cubik","article_modified_time":"2025-05-17T16:24:12+00:00","og_image":[{"width":1500,"height":1500,"url":"https:\/\/cursosalturas.com.co\/tienda\/wp-content\/uploads\/2025\/04\/1500-1.webp","type":"image\/webp"}],"twitter_card":"summary_large_image","twitter_misc":{"Tiempo de lectura":"1 minuto"},"schema":{"@context":"https:\/\/schema.org","@graph":[{"@type":"WebPage","@id":"https:\/\/cursosalturas.com.co\/tienda\/producto\/arnes-multiproposito-en-x-con-4-puntos-marca-armadura\/","url":"https:\/\/cursosalturas.com.co\/tienda\/producto\/arnes-multiproposito-en-x-con-4-puntos-marca-armadura\/","name":"Arn\u00e9s multiproposito en x con 4 puntos marca Armadura - Cubik","isPartOf":{"@id":"https:\/\/cursosalturas.com.co\/tienda\/#website"},"primaryImageOfPage":{"@id":"https:\/\/cursosalturas.com.co\/tienda\/producto\/arnes-multiproposito-en-x-con-4-puntos-marca-armadura\/#primaryimage"},"image":{"@id":"https:\/\/cursosalturas.com.co\/tienda\/producto\/arnes-multiproposito-en-x-con-4-puntos-marca-armadura\/#primaryimage"},"thumbnailUrl":"https:\/\/cursosalturas.com.co\/tienda\/wp-content\/uploads\/2025\/04\/1500-1.webp","datePublished":"2025-04-28T18:22:48+00:00","dateModified":"2025-05-17T16:24:12+00:00","breadcrumb":{"@id":"https:\/\/cursosalturas.com.co\/tienda\/producto\/arnes-multiproposito-en-x-con-4-puntos-marca-armadura\/#breadcrumb"},"inLanguage":"es","potentialAction":[{"@type":"ReadAction","target":["https:\/\/cursosalturas.com.co\/tienda\/producto\/arnes-multiproposito-en-x-con-4-puntos-marca-armadura\/"]}]},{"@type":"ImageObject","inLanguage":"es","@id":"https:\/\/cursosalturas.com.co\/tienda\/producto\/arnes-multiproposito-en-x-con-4-puntos-marca-armadura\/#primaryimage","url":"https:\/\/cursosalturas.com.co\/tienda\/wp-content\/uploads\/2025\/04\/1500-1.webp","contentUrl":"https:\/\/cursosalturas.com.co\/tienda\/wp-content\/uploads\/2025\/04\/1500-1.webp","width":1500,"height":1500,"caption":"arnes en x 4 puntos marcar armadura"},{"@type":"BreadcrumbList","@id":"https:\/\/cursosalturas.com.co\/tienda\/producto\/arnes-multiproposito-en-x-con-4-puntos-marca-armadura\/#breadcrumb","itemListElement":[{"@type":"ListItem","position":1,"name":"Portada","item":"https:\/\/cursosalturas.com.co\/tienda\/"},{"@type":"ListItem","position":2,"name":"Tienda","item":"https:\/\/cursosalturas.com.co\/tienda\/tienda\/"},{"@type":"ListItem","position":3,"name":"Arn\u00e9s multiproposito en x con 4 puntos marca Armadura"}]},{"@type":"WebSite","@id":"https:\/\/cursosalturas.com.co\/tienda\/#website","url":"https:\/\/cursosalturas.com.co\/tienda\/","name":"Cubik","description":"Cursos certificados y Protecci\u00f3n contra ca\u00eddas en Trabajo de Alturas","publisher":{"@id":"https:\/\/cursosalturas.com.co\/tienda\/#organization"},"potentialAction":[{"@type":"SearchAction","target":{"@type":"EntryPoint","urlTemplate":"https:\/\/cursosalturas.com.co\/tienda\/?s={search_term_string}"},"query-input":{"@type":"PropertyValueSpecification","valueRequired":true,"valueName":"search_term_string"}}],"inLanguage":"es"},{"@type":"Organization","@id":"https:\/\/cursosalturas.com.co\/tienda\/#organization","name":"Cubik","url":"https:\/\/cursosalturas.com.co\/tienda\/","logo":{"@type":"ImageObject","inLanguage":"es","@id":"https:\/\/cursosalturas.com.co\/tienda\/#\/schema\/logo\/image\/","url":"https:\/\/cursosalturas.com.co\/tienda\/wp-content\/uploads\/2025\/05\/cubik-logo-blanco.png","contentUrl":"https:\/\/cursosalturas.com.co\/tienda\/wp-content\/uploads\/2025\/05\/cubik-logo-blanco.png","width":225,"height":64,"caption":"Cubik"},"image":{"@id":"https:\/\/cursosalturas.com.co\/tienda\/#\/schema\/logo\/image\/"}}]}},"_links":{"self":[{"href":"https:\/\/cursosalturas.com.co\/tienda\/wp-json\/wp\/v2\/product\/6827","targetHints":{"allow":["GET"]}}],"collection":[{"href":"https:\/\/cursosalturas.com.co\/tienda\/wp-json\/wp\/v2\/product"}],"about":[{"href":"https:\/\/cursosalturas.com.co\/tienda\/wp-json\/wp\/v2\/types\/product"}],"replies":[{"embeddable":true,"href":"https:\/\/cursosalturas.com.co\/tienda\/wp-json\/wp\/v2\/comments?post=6827"}],"wp:featuredmedia":[{"embeddable":true,"href":"https:\/\/cursosalturas.com.co\/tienda\/wp-json\/wp\/v2\/media\/6828"}],"wp:attachment":[{"href":"https:\/\/cursosalturas.com.co\/tienda\/wp-json\/wp\/v2\/media?parent=6827"}],"wp:term":[{"taxonomy":"product_brand","embeddable":true,"href":"https:\/\/cursosalturas.com.co\/tienda\/wp-json\/wp\/v2\/product_brand?post=6827"},{"taxonomy":"product_cat","embeddable":true,"href":"https:\/\/cursosalturas.com.co\/tienda\/wp-json\/wp\/v2\/product_cat?post=6827"},{"taxonomy":"product_tag","embeddable":true,"href":"https:\/\/cursosalturas.com.co\/tienda\/wp-json\/wp\/v2\/product_tag?post=6827"}],"curies":[{"name":"wp","href":"https:\/\/api.w.org\/{rel}","templated":true}]}}