{"id":6831,"date":"2025-04-28T18:31:40","date_gmt":"2025-04-28T18:31:40","guid":{"rendered":"https:\/\/barbosasantander.com\/?post_type=product&#038;p=6831"},"modified":"2025-09-22T21:26:37","modified_gmt":"2025-09-22T21:26:37","slug":"arnes-multiproposito-en-x-con-4-puntos","status":"publish","type":"product","link":"https:\/\/cursosalturas.com.co\/tienda\/producto\/arnes-multiproposito-en-x-con-4-puntos\/","title":{"rendered":"Arn\u00e9s multiprop\u00f3sito en x con 4 puntos"},"content":{"rendered":"<p>Arn\u00e9s de seguridad para trabajo en alturas, ideal para realizar trabajos de construcci\u00f3n, limpieza de fachadas, log\u00edstica y todo tipo de trabajo en alturas.<\/p>\n<h2>Especificaciones t\u00e9cnicas<\/h2>\n<p>Arn\u00e9s en \u00abX\u00bb elaborado con reata poli\u00e9ster de alta calidad, arn\u00e9s de cuerpo entero, cuenta con 4 argollas de acero capaces de soportar 5000 lb<\/p>\n<p>4 Argollas: 1 de pecho ideal para ascensos, 2 argollas de cadera ideal para hacer posicionamiento del trabajador en la zona a trabajar, 1 argolla dorsal que se utiliza para detecci\u00f3n de ca\u00eddas.<\/p>\n<h4>Capacidad de Carga<\/h4>\n<p>Est\u00e1 dise\u00f1ado para un solo usuario con peso promedio desde 59 kg a 140kg, incluyendo dotaci\u00f3n, equipos de protecci\u00f3n personal y las herramientas de trabajo, no solamente el peso del trabajador.<\/p>\n<h4>Porta eslingas<\/h4>\n<p>Este arn\u00e9s cuenta con dos porta eslingas, los cuales est\u00e1n elaborados en cinta y se utiliza para portar eslingas (No porta herramientas)<\/p>\n<h4>Costuras:<\/h4>\n<p>Las costuras de este arn\u00e9s est\u00e1n elaboradas en Nylon poli\u00e9ster de alta tenacidad, esto quiere decir que es altamente resistente.<\/p>\n<p>Beneficios<\/p>\n<p>El arn\u00e9s de seguridad es fundamental para realizar trabajos en alturas de forma segura. Un arn\u00e9s de seguridad junto con todo el kit de elementos de protecci\u00f3n contra ca\u00eddas, previene accidentes mortales y al trabajador incluso en actividades extremas.<\/p>\n<h4>Porque nosotros<\/h4>\n<p>Somos la tienda virtual de cubik sas, te garantizamos el producto y ofrecemos un descuento especial en la primera inspecci\u00f3n del equipo.<\/p>\n<h4>Marca<\/h4>\n<p>XP SAFETY<\/p>\n<p>&nbsp;<\/p>\n","protected":false},"excerpt":{"rendered":"<p>Arn\u00e9s de seguridad para trabajo en alturas multiprop\u00f3sito con 4 puntos de anclaje<\/p>\n<p>Marca xp safety<\/p>\n<p>Certificaci\u00f3n ANSI Z 359.1 \u2013 2007 \u2013 ANSI: A 10.21 &#8211; 2012<\/p>\n","protected":false},"featured_media":6832,"comment_status":"closed","ping_status":"closed","template":"","meta":[],"product_brand":[],"product_cat":[48],"product_tag":[],"class_list":{"0":"post-6831","1":"product","2":"type-product","3":"status-publish","4":"has-post-thumbnail","6":"product_cat-arneses-multiproposito-para-trabajos-en-alturas-sin-faja-lumbar","8":"first","9":"instock","10":"taxable","11":"shipping-taxable","12":"purchasable","13":"product-type-simple"},"yoast_head":"<!-- This site is optimized with the Yoast SEO plugin v25.3 - https:\/\/yoast.com\/wordpress\/plugins\/seo\/ -->\n<title>Arn\u00e9s de Seguridad 4 Puntos XP Safety | Trabajo en Alturas<\/title>\n<meta name=\"description\" content=\"Arn\u00e9s multiprop\u00f3sito con 4 puntos de anclaje XP Safety. Certificado ANSI Z359.1 y A10.21. Ideal para trabajo seguro en alturas. \u00a1Compra online ya!\" \/>\n<meta name=\"robots\" content=\"index, follow, max-snippet:-1, max-image-preview:large, max-video-preview:-1\" \/>\n<link rel=\"canonical\" href=\"https:\/\/cursosalturas.com.co\/tienda\/producto\/arnes-multiproposito-en-x-con-4-puntos\/\" \/>\n<meta property=\"og:locale\" content=\"es_ES\" \/>\n<meta property=\"og:type\" content=\"article\" \/>\n<meta property=\"og:title\" content=\"Arn\u00e9s de Seguridad 4 Puntos XP Safety | Trabajo en Alturas\" \/>\n<meta property=\"og:description\" content=\"Arn\u00e9s multiprop\u00f3sito con 4 puntos de anclaje XP Safety. Certificado ANSI Z359.1 y A10.21. Ideal para trabajo seguro en alturas. \u00a1Compra online ya!\" \/>\n<meta property=\"og:url\" content=\"https:\/\/cursosalturas.com.co\/tienda\/producto\/arnes-multiproposito-en-x-con-4-puntos\/\" \/>\n<meta property=\"og:site_name\" content=\"Cubik\" \/>\n<meta property=\"article:modified_time\" content=\"2025-09-22T21:26:37+00:00\" \/>\n<meta property=\"og:image\" content=\"https:\/\/cursosalturas.com.co\/tienda\/wp-content\/uploads\/2025\/04\/ARNES-SENCILLO-EN-X-4-ARGOLLAS-402-MT-X4-EM-XP.jpg\" \/>\n\t<meta property=\"og:image:width\" content=\"1080\" \/>\n\t<meta property=\"og:image:height\" content=\"1080\" \/>\n\t<meta property=\"og:image:type\" content=\"image\/jpeg\" \/>\n<meta name=\"twitter:card\" content=\"summary_large_image\" \/>\n<meta name=\"twitter:label1\" content=\"Tiempo de lectura\" \/>\n\t<meta name=\"twitter:data1\" content=\"2 minutos\" \/>\n<script type=\"application\/ld+json\" class=\"yoast-schema-graph\">{\"@context\":\"https:\/\/schema.org\",\"@graph\":[{\"@type\":\"WebPage\",\"@id\":\"https:\/\/cursosalturas.com.co\/tienda\/producto\/arnes-multiproposito-en-x-con-4-puntos\/\",\"url\":\"https:\/\/cursosalturas.com.co\/tienda\/producto\/arnes-multiproposito-en-x-con-4-puntos\/\",\"name\":\"Arn\u00e9s de Seguridad 4 Puntos XP Safety | Trabajo en Alturas\",\"isPartOf\":{\"@id\":\"https:\/\/cursosalturas.com.co\/tienda\/#website\"},\"primaryImageOfPage\":{\"@id\":\"https:\/\/cursosalturas.com.co\/tienda\/producto\/arnes-multiproposito-en-x-con-4-puntos\/#primaryimage\"},\"image\":{\"@id\":\"https:\/\/cursosalturas.com.co\/tienda\/producto\/arnes-multiproposito-en-x-con-4-puntos\/#primaryimage\"},\"thumbnailUrl\":\"https:\/\/cursosalturas.com.co\/tienda\/wp-content\/uploads\/2025\/04\/ARNES-SENCILLO-EN-X-4-ARGOLLAS-402-MT-X4-EM-XP.jpg\",\"datePublished\":\"2025-04-28T18:31:40+00:00\",\"dateModified\":\"2025-09-22T21:26:37+00:00\",\"description\":\"Arn\u00e9s multiprop\u00f3sito con 4 puntos de anclaje XP Safety. Certificado ANSI Z359.1 y A10.21. Ideal para trabajo seguro en alturas. \u00a1Compra online ya!\",\"breadcrumb\":{\"@id\":\"https:\/\/cursosalturas.com.co\/tienda\/producto\/arnes-multiproposito-en-x-con-4-puntos\/#breadcrumb\"},\"inLanguage\":\"es\",\"potentialAction\":[{\"@type\":\"ReadAction\",\"target\":[\"https:\/\/cursosalturas.com.co\/tienda\/producto\/arnes-multiproposito-en-x-con-4-puntos\/\"]}]},{\"@type\":\"ImageObject\",\"inLanguage\":\"es\",\"@id\":\"https:\/\/cursosalturas.com.co\/tienda\/producto\/arnes-multiproposito-en-x-con-4-puntos\/#primaryimage\",\"url\":\"https:\/\/cursosalturas.com.co\/tienda\/wp-content\/uploads\/2025\/04\/ARNES-SENCILLO-EN-X-4-ARGOLLAS-402-MT-X4-EM-XP.jpg\",\"contentUrl\":\"https:\/\/cursosalturas.com.co\/tienda\/wp-content\/uploads\/2025\/04\/ARNES-SENCILLO-EN-X-4-ARGOLLAS-402-MT-X4-EM-XP.jpg\",\"width\":1080,\"height\":1080,\"caption\":\"Arnes sencillo en x\"},{\"@type\":\"BreadcrumbList\",\"@id\":\"https:\/\/cursosalturas.com.co\/tienda\/producto\/arnes-multiproposito-en-x-con-4-puntos\/#breadcrumb\",\"itemListElement\":[{\"@type\":\"ListItem\",\"position\":1,\"name\":\"Portada\",\"item\":\"https:\/\/cursosalturas.com.co\/tienda\/\"},{\"@type\":\"ListItem\",\"position\":2,\"name\":\"Tienda\",\"item\":\"https:\/\/cursosalturas.com.co\/tienda\/tienda\/\"},{\"@type\":\"ListItem\",\"position\":3,\"name\":\"Arn\u00e9s multiprop\u00f3sito en x con 4 puntos\"}]},{\"@type\":\"WebSite\",\"@id\":\"https:\/\/cursosalturas.com.co\/tienda\/#website\",\"url\":\"https:\/\/cursosalturas.com.co\/tienda\/\",\"name\":\"Cubik\",\"description\":\"Cursos certificados y Protecci\u00f3n contra ca\u00eddas en Trabajo de Alturas\",\"publisher\":{\"@id\":\"https:\/\/cursosalturas.com.co\/tienda\/#organization\"},\"potentialAction\":[{\"@type\":\"SearchAction\",\"target\":{\"@type\":\"EntryPoint\",\"urlTemplate\":\"https:\/\/cursosalturas.com.co\/tienda\/?s={search_term_string}\"},\"query-input\":{\"@type\":\"PropertyValueSpecification\",\"valueRequired\":true,\"valueName\":\"search_term_string\"}}],\"inLanguage\":\"es\"},{\"@type\":\"Organization\",\"@id\":\"https:\/\/cursosalturas.com.co\/tienda\/#organization\",\"name\":\"Cubik\",\"url\":\"https:\/\/cursosalturas.com.co\/tienda\/\",\"logo\":{\"@type\":\"ImageObject\",\"inLanguage\":\"es\",\"@id\":\"https:\/\/cursosalturas.com.co\/tienda\/#\/schema\/logo\/image\/\",\"url\":\"https:\/\/cursosalturas.com.co\/tienda\/wp-content\/uploads\/2025\/05\/cubik-logo-blanco.png\",\"contentUrl\":\"https:\/\/cursosalturas.com.co\/tienda\/wp-content\/uploads\/2025\/05\/cubik-logo-blanco.png\",\"width\":225,\"height\":64,\"caption\":\"Cubik\"},\"image\":{\"@id\":\"https:\/\/cursosalturas.com.co\/tienda\/#\/schema\/logo\/image\/\"}}]}<\/script>\n<!-- \/ Yoast SEO plugin. -->","yoast_head_json":{"title":"Arn\u00e9s de Seguridad 4 Puntos XP Safety | Trabajo en Alturas","description":"Arn\u00e9s multiprop\u00f3sito con 4 puntos de anclaje XP Safety. Certificado ANSI Z359.1 y A10.21. Ideal para trabajo seguro en alturas. \u00a1Compra online ya!","robots":{"index":"index","follow":"follow","max-snippet":"max-snippet:-1","max-image-preview":"max-image-preview:large","max-video-preview":"max-video-preview:-1"},"canonical":"https:\/\/cursosalturas.com.co\/tienda\/producto\/arnes-multiproposito-en-x-con-4-puntos\/","og_locale":"es_ES","og_type":"article","og_title":"Arn\u00e9s de Seguridad 4 Puntos XP Safety | Trabajo en Alturas","og_description":"Arn\u00e9s multiprop\u00f3sito con 4 puntos de anclaje XP Safety. Certificado ANSI Z359.1 y A10.21. Ideal para trabajo seguro en alturas. \u00a1Compra online ya!","og_url":"https:\/\/cursosalturas.com.co\/tienda\/producto\/arnes-multiproposito-en-x-con-4-puntos\/","og_site_name":"Cubik","article_modified_time":"2025-09-22T21:26:37+00:00","og_image":[{"width":1080,"height":1080,"url":"https:\/\/cursosalturas.com.co\/tienda\/wp-content\/uploads\/2025\/04\/ARNES-SENCILLO-EN-X-4-ARGOLLAS-402-MT-X4-EM-XP.jpg","type":"image\/jpeg"}],"twitter_card":"summary_large_image","twitter_misc":{"Tiempo de lectura":"2 minutos"},"schema":{"@context":"https:\/\/schema.org","@graph":[{"@type":"WebPage","@id":"https:\/\/cursosalturas.com.co\/tienda\/producto\/arnes-multiproposito-en-x-con-4-puntos\/","url":"https:\/\/cursosalturas.com.co\/tienda\/producto\/arnes-multiproposito-en-x-con-4-puntos\/","name":"Arn\u00e9s de Seguridad 4 Puntos XP Safety | Trabajo en Alturas","isPartOf":{"@id":"https:\/\/cursosalturas.com.co\/tienda\/#website"},"primaryImageOfPage":{"@id":"https:\/\/cursosalturas.com.co\/tienda\/producto\/arnes-multiproposito-en-x-con-4-puntos\/#primaryimage"},"image":{"@id":"https:\/\/cursosalturas.com.co\/tienda\/producto\/arnes-multiproposito-en-x-con-4-puntos\/#primaryimage"},"thumbnailUrl":"https:\/\/cursosalturas.com.co\/tienda\/wp-content\/uploads\/2025\/04\/ARNES-SENCILLO-EN-X-4-ARGOLLAS-402-MT-X4-EM-XP.jpg","datePublished":"2025-04-28T18:31:40+00:00","dateModified":"2025-09-22T21:26:37+00:00","description":"Arn\u00e9s multiprop\u00f3sito con 4 puntos de anclaje XP Safety. Certificado ANSI Z359.1 y A10.21. Ideal para trabajo seguro en alturas. \u00a1Compra online ya!","breadcrumb":{"@id":"https:\/\/cursosalturas.com.co\/tienda\/producto\/arnes-multiproposito-en-x-con-4-puntos\/#breadcrumb"},"inLanguage":"es","potentialAction":[{"@type":"ReadAction","target":["https:\/\/cursosalturas.com.co\/tienda\/producto\/arnes-multiproposito-en-x-con-4-puntos\/"]}]},{"@type":"ImageObject","inLanguage":"es","@id":"https:\/\/cursosalturas.com.co\/tienda\/producto\/arnes-multiproposito-en-x-con-4-puntos\/#primaryimage","url":"https:\/\/cursosalturas.com.co\/tienda\/wp-content\/uploads\/2025\/04\/ARNES-SENCILLO-EN-X-4-ARGOLLAS-402-MT-X4-EM-XP.jpg","contentUrl":"https:\/\/cursosalturas.com.co\/tienda\/wp-content\/uploads\/2025\/04\/ARNES-SENCILLO-EN-X-4-ARGOLLAS-402-MT-X4-EM-XP.jpg","width":1080,"height":1080,"caption":"Arnes sencillo en x"},{"@type":"BreadcrumbList","@id":"https:\/\/cursosalturas.com.co\/tienda\/producto\/arnes-multiproposito-en-x-con-4-puntos\/#breadcrumb","itemListElement":[{"@type":"ListItem","position":1,"name":"Portada","item":"https:\/\/cursosalturas.com.co\/tienda\/"},{"@type":"ListItem","position":2,"name":"Tienda","item":"https:\/\/cursosalturas.com.co\/tienda\/tienda\/"},{"@type":"ListItem","position":3,"name":"Arn\u00e9s multiprop\u00f3sito en x con 4 puntos"}]},{"@type":"WebSite","@id":"https:\/\/cursosalturas.com.co\/tienda\/#website","url":"https:\/\/cursosalturas.com.co\/tienda\/","name":"Cubik","description":"Cursos certificados y Protecci\u00f3n contra ca\u00eddas en Trabajo de Alturas","publisher":{"@id":"https:\/\/cursosalturas.com.co\/tienda\/#organization"},"potentialAction":[{"@type":"SearchAction","target":{"@type":"EntryPoint","urlTemplate":"https:\/\/cursosalturas.com.co\/tienda\/?s={search_term_string}"},"query-input":{"@type":"PropertyValueSpecification","valueRequired":true,"valueName":"search_term_string"}}],"inLanguage":"es"},{"@type":"Organization","@id":"https:\/\/cursosalturas.com.co\/tienda\/#organization","name":"Cubik","url":"https:\/\/cursosalturas.com.co\/tienda\/","logo":{"@type":"ImageObject","inLanguage":"es","@id":"https:\/\/cursosalturas.com.co\/tienda\/#\/schema\/logo\/image\/","url":"https:\/\/cursosalturas.com.co\/tienda\/wp-content\/uploads\/2025\/05\/cubik-logo-blanco.png","contentUrl":"https:\/\/cursosalturas.com.co\/tienda\/wp-content\/uploads\/2025\/05\/cubik-logo-blanco.png","width":225,"height":64,"caption":"Cubik"},"image":{"@id":"https:\/\/cursosalturas.com.co\/tienda\/#\/schema\/logo\/image\/"}}]}},"_links":{"self":[{"href":"https:\/\/cursosalturas.com.co\/tienda\/wp-json\/wp\/v2\/product\/6831","targetHints":{"allow":["GET"]}}],"collection":[{"href":"https:\/\/cursosalturas.com.co\/tienda\/wp-json\/wp\/v2\/product"}],"about":[{"href":"https:\/\/cursosalturas.com.co\/tienda\/wp-json\/wp\/v2\/types\/product"}],"replies":[{"embeddable":true,"href":"https:\/\/cursosalturas.com.co\/tienda\/wp-json\/wp\/v2\/comments?post=6831"}],"wp:featuredmedia":[{"embeddable":true,"href":"https:\/\/cursosalturas.com.co\/tienda\/wp-json\/wp\/v2\/media\/6832"}],"wp:attachment":[{"href":"https:\/\/cursosalturas.com.co\/tienda\/wp-json\/wp\/v2\/media?parent=6831"}],"wp:term":[{"taxonomy":"product_brand","embeddable":true,"href":"https:\/\/cursosalturas.com.co\/tienda\/wp-json\/wp\/v2\/product_brand?post=6831"},{"taxonomy":"product_cat","embeddable":true,"href":"https:\/\/cursosalturas.com.co\/tienda\/wp-json\/wp\/v2\/product_cat?post=6831"},{"taxonomy":"product_tag","embeddable":true,"href":"https:\/\/cursosalturas.com.co\/tienda\/wp-json\/wp\/v2\/product_tag?post=6831"}],"curies":[{"name":"wp","href":"https:\/\/api.w.org\/{rel}","templated":true}]}}