{"id":6989,"date":"2025-04-28T21:23:52","date_gmt":"2025-04-28T21:23:52","guid":{"rendered":"https:\/\/barbosasantander.com\/?post_type=product&#038;p=6989"},"modified":"2025-05-20T22:28:57","modified_gmt":"2025-05-20T22:28:57","slug":"triangulo-de-evacuacion-con-tirantes","status":"publish","type":"product","link":"https:\/\/cursosalturas.com.co\/tienda\/producto\/triangulo-de-evacuacion-con-tirantes\/","title":{"rendered":"Triangulo de evacuaci\u00f3n con tirantes"},"content":{"rendered":"<p>El tri\u00e1ngulo de evacuaci\u00f3n PITAGOR de Petzl ha sido dise\u00f1ado para optimizar las operaciones de rescate en remontes mec\u00e1nicos y situaciones de evacuaci\u00f3n.<br data-start=\"715\" data-end=\"718\" \/>Su asiento ergon\u00f3mico, reforzado con tirantes, proporciona una suspensi\u00f3n m\u00e1s c\u00f3moda en comparaci\u00f3n con modelos cl\u00e1sicos.<br data-start=\"839\" data-end=\"842\" \/>El respaldo y asiento diferenciados por colores, junto con el sistema de cierre intuitivo, permiten una colocaci\u00f3n r\u00e1pida y eficaz en la v\u00edctima.<br data-start=\"987\" data-end=\"990\" \/>Fabricado en lona TPU de alta resistencia, es ideal para uso intensivo en ambientes exigentes.<br data-start=\"1084\" data-end=\"1087\" \/><strong data-start=\"1087\" data-end=\"1119\">Cumple con la norma EN 1498.<\/strong><\/p>\n","protected":false},"excerpt":{"rendered":"<p><strong data-start=\"452\" data-end=\"533\">Petzl \u2013 Tri\u00e1ngulo de evacuaci\u00f3n con tirantes para rescates c\u00f3modos y segura<\/strong><\/p>\n<ul>\n<li class=\"\" data-start=\"248\" data-end=\"268\">\n<p class=\"\" data-start=\"250\" data-end=\"268\"><strong data-start=\"250\" data-end=\"260\">Marca:<\/strong> Petzl<\/p>\n<\/li>\n<li class=\"\" data-start=\"269\" data-end=\"311\">\n<p class=\"\" data-start=\"271\" data-end=\"311\"><strong data-start=\"271\" data-end=\"285\">Categor\u00eda:<\/strong> Tri\u00e1ngulo de evacuaci\u00f3n<\/p>\n<\/li>\n<li class=\"\" data-start=\"378\" data-end=\"424\">\n<p class=\"\" data-start=\"380\" data-end=\"424\"><strong data-start=\"380\" data-end=\"400\">Certificaciones:<\/strong> Certificaci\u00f3n EN 1498<\/p>\n<\/li>\n<\/ul>\n","protected":false},"featured_media":8161,"comment_status":"closed","ping_status":"closed","template":"","meta":[],"product_brand":[],"product_cat":[50],"product_tag":[],"class_list":{"0":"post-6989","1":"product","2":"type-product","3":"status-publish","4":"has-post-thumbnail","6":"product_cat-sillas-para-trabajo-vertical","8":"first","9":"instock","10":"taxable","11":"shipping-taxable","12":"purchasable","13":"product-type-simple"},"yoast_head":"<!-- This site is optimized with the Yoast SEO plugin v25.3 - https:\/\/yoast.com\/wordpress\/plugins\/seo\/ -->\n<title>Triangulo de evacuaci\u00f3n con tirantes - Cubik<\/title>\n<meta name=\"robots\" content=\"index, follow, max-snippet:-1, max-image-preview:large, max-video-preview:-1\" \/>\n<link rel=\"canonical\" href=\"https:\/\/cursosalturas.com.co\/tienda\/producto\/triangulo-de-evacuacion-con-tirantes\/\" \/>\n<meta property=\"og:locale\" content=\"es_ES\" \/>\n<meta property=\"og:type\" content=\"article\" \/>\n<meta property=\"og:title\" content=\"Triangulo de evacuaci\u00f3n con tirantes - Cubik\" \/>\n<meta property=\"og:description\" content=\"Petzl \u2013 Tri\u00e1ngulo de evacuaci\u00f3n con tirantes para rescates c\u00f3modos y segura    Marca: Petzl    Categor\u00eda: Tri\u00e1ngulo de evacuaci\u00f3n    Certificaciones: Certificaci\u00f3n EN 1498\" \/>\n<meta property=\"og:url\" content=\"https:\/\/cursosalturas.com.co\/tienda\/producto\/triangulo-de-evacuacion-con-tirantes\/\" \/>\n<meta property=\"og:site_name\" content=\"Cubik\" \/>\n<meta property=\"article:modified_time\" content=\"2025-05-20T22:28:57+00:00\" \/>\n<meta property=\"og:image\" content=\"https:\/\/cursosalturas.com.co\/tienda\/wp-content\/uploads\/2025\/04\/C060AA00-PITAGOR-focus-1_LowRes-1.jpeg\" \/>\n\t<meta property=\"og:image:width\" content=\"1200\" \/>\n\t<meta property=\"og:image:height\" content=\"861\" \/>\n\t<meta property=\"og:image:type\" content=\"image\/jpeg\" \/>\n<meta name=\"twitter:card\" content=\"summary_large_image\" \/>\n<meta name=\"twitter:label1\" content=\"Tiempo de lectura\" \/>\n\t<meta name=\"twitter:data1\" content=\"1 minuto\" \/>\n<script type=\"application\/ld+json\" class=\"yoast-schema-graph\">{\"@context\":\"https:\/\/schema.org\",\"@graph\":[{\"@type\":\"WebPage\",\"@id\":\"https:\/\/cursosalturas.com.co\/tienda\/producto\/triangulo-de-evacuacion-con-tirantes\/\",\"url\":\"https:\/\/cursosalturas.com.co\/tienda\/producto\/triangulo-de-evacuacion-con-tirantes\/\",\"name\":\"Triangulo de evacuaci\u00f3n con tirantes - Cubik\",\"isPartOf\":{\"@id\":\"https:\/\/cursosalturas.com.co\/tienda\/#website\"},\"primaryImageOfPage\":{\"@id\":\"https:\/\/cursosalturas.com.co\/tienda\/producto\/triangulo-de-evacuacion-con-tirantes\/#primaryimage\"},\"image\":{\"@id\":\"https:\/\/cursosalturas.com.co\/tienda\/producto\/triangulo-de-evacuacion-con-tirantes\/#primaryimage\"},\"thumbnailUrl\":\"https:\/\/cursosalturas.com.co\/tienda\/wp-content\/uploads\/2025\/04\/C060AA00-PITAGOR-focus-1_LowRes-1.jpeg\",\"datePublished\":\"2025-04-28T21:23:52+00:00\",\"dateModified\":\"2025-05-20T22:28:57+00:00\",\"breadcrumb\":{\"@id\":\"https:\/\/cursosalturas.com.co\/tienda\/producto\/triangulo-de-evacuacion-con-tirantes\/#breadcrumb\"},\"inLanguage\":\"es\",\"potentialAction\":[{\"@type\":\"ReadAction\",\"target\":[\"https:\/\/cursosalturas.com.co\/tienda\/producto\/triangulo-de-evacuacion-con-tirantes\/\"]}]},{\"@type\":\"ImageObject\",\"inLanguage\":\"es\",\"@id\":\"https:\/\/cursosalturas.com.co\/tienda\/producto\/triangulo-de-evacuacion-con-tirantes\/#primaryimage\",\"url\":\"https:\/\/cursosalturas.com.co\/tienda\/wp-content\/uploads\/2025\/04\/C060AA00-PITAGOR-focus-1_LowRes-1.jpeg\",\"contentUrl\":\"https:\/\/cursosalturas.com.co\/tienda\/wp-content\/uploads\/2025\/04\/C060AA00-PITAGOR-focus-1_LowRes-1.jpeg\",\"width\":1200,\"height\":861,\"caption\":\"Tri\u00e1ngulo de Evacuaci\u00f3n Petzl PITAGORTri\u00e1ngulo de Evacuaci\u00f3n Petzl PITAGORTri\u00e1ngulo de Evacuaci\u00f3n Petzl PITAGORTri\u00e1ngulo de Evacuaci\u00f3n Petzl PITAGORTri\u00e1ngulo de Evacuaci\u00f3n Petzl PITAGORTri\u00e1ngulo de Evacuaci\u00f3n Petzl PITAGOR Tri\u00e1ngulo de Evacuaci\u00f3n Petzl PITAGOR\"},{\"@type\":\"BreadcrumbList\",\"@id\":\"https:\/\/cursosalturas.com.co\/tienda\/producto\/triangulo-de-evacuacion-con-tirantes\/#breadcrumb\",\"itemListElement\":[{\"@type\":\"ListItem\",\"position\":1,\"name\":\"Portada\",\"item\":\"https:\/\/cursosalturas.com.co\/tienda\/\"},{\"@type\":\"ListItem\",\"position\":2,\"name\":\"Tienda\",\"item\":\"https:\/\/cursosalturas.com.co\/tienda\/tienda\/\"},{\"@type\":\"ListItem\",\"position\":3,\"name\":\"Triangulo de evacuaci\u00f3n con tirantes\"}]},{\"@type\":\"WebSite\",\"@id\":\"https:\/\/cursosalturas.com.co\/tienda\/#website\",\"url\":\"https:\/\/cursosalturas.com.co\/tienda\/\",\"name\":\"Cubik\",\"description\":\"Cursos certificados y Protecci\u00f3n contra ca\u00eddas en Trabajo de Alturas\",\"publisher\":{\"@id\":\"https:\/\/cursosalturas.com.co\/tienda\/#organization\"},\"potentialAction\":[{\"@type\":\"SearchAction\",\"target\":{\"@type\":\"EntryPoint\",\"urlTemplate\":\"https:\/\/cursosalturas.com.co\/tienda\/?s={search_term_string}\"},\"query-input\":{\"@type\":\"PropertyValueSpecification\",\"valueRequired\":true,\"valueName\":\"search_term_string\"}}],\"inLanguage\":\"es\"},{\"@type\":\"Organization\",\"@id\":\"https:\/\/cursosalturas.com.co\/tienda\/#organization\",\"name\":\"Cubik\",\"url\":\"https:\/\/cursosalturas.com.co\/tienda\/\",\"logo\":{\"@type\":\"ImageObject\",\"inLanguage\":\"es\",\"@id\":\"https:\/\/cursosalturas.com.co\/tienda\/#\/schema\/logo\/image\/\",\"url\":\"https:\/\/cursosalturas.com.co\/tienda\/wp-content\/uploads\/2025\/05\/cubik-logo-blanco.png\",\"contentUrl\":\"https:\/\/cursosalturas.com.co\/tienda\/wp-content\/uploads\/2025\/05\/cubik-logo-blanco.png\",\"width\":225,\"height\":64,\"caption\":\"Cubik\"},\"image\":{\"@id\":\"https:\/\/cursosalturas.com.co\/tienda\/#\/schema\/logo\/image\/\"}}]}<\/script>\n<!-- \/ Yoast SEO plugin. -->","yoast_head_json":{"title":"Triangulo de evacuaci\u00f3n con tirantes - Cubik","robots":{"index":"index","follow":"follow","max-snippet":"max-snippet:-1","max-image-preview":"max-image-preview:large","max-video-preview":"max-video-preview:-1"},"canonical":"https:\/\/cursosalturas.com.co\/tienda\/producto\/triangulo-de-evacuacion-con-tirantes\/","og_locale":"es_ES","og_type":"article","og_title":"Triangulo de evacuaci\u00f3n con tirantes - Cubik","og_description":"Petzl \u2013 Tri\u00e1ngulo de evacuaci\u00f3n con tirantes para rescates c\u00f3modos y segura    Marca: Petzl    Categor\u00eda: Tri\u00e1ngulo de evacuaci\u00f3n    Certificaciones: Certificaci\u00f3n EN 1498","og_url":"https:\/\/cursosalturas.com.co\/tienda\/producto\/triangulo-de-evacuacion-con-tirantes\/","og_site_name":"Cubik","article_modified_time":"2025-05-20T22:28:57+00:00","og_image":[{"width":1200,"height":861,"url":"https:\/\/cursosalturas.com.co\/tienda\/wp-content\/uploads\/2025\/04\/C060AA00-PITAGOR-focus-1_LowRes-1.jpeg","type":"image\/jpeg"}],"twitter_card":"summary_large_image","twitter_misc":{"Tiempo de lectura":"1 minuto"},"schema":{"@context":"https:\/\/schema.org","@graph":[{"@type":"WebPage","@id":"https:\/\/cursosalturas.com.co\/tienda\/producto\/triangulo-de-evacuacion-con-tirantes\/","url":"https:\/\/cursosalturas.com.co\/tienda\/producto\/triangulo-de-evacuacion-con-tirantes\/","name":"Triangulo de evacuaci\u00f3n con tirantes - Cubik","isPartOf":{"@id":"https:\/\/cursosalturas.com.co\/tienda\/#website"},"primaryImageOfPage":{"@id":"https:\/\/cursosalturas.com.co\/tienda\/producto\/triangulo-de-evacuacion-con-tirantes\/#primaryimage"},"image":{"@id":"https:\/\/cursosalturas.com.co\/tienda\/producto\/triangulo-de-evacuacion-con-tirantes\/#primaryimage"},"thumbnailUrl":"https:\/\/cursosalturas.com.co\/tienda\/wp-content\/uploads\/2025\/04\/C060AA00-PITAGOR-focus-1_LowRes-1.jpeg","datePublished":"2025-04-28T21:23:52+00:00","dateModified":"2025-05-20T22:28:57+00:00","breadcrumb":{"@id":"https:\/\/cursosalturas.com.co\/tienda\/producto\/triangulo-de-evacuacion-con-tirantes\/#breadcrumb"},"inLanguage":"es","potentialAction":[{"@type":"ReadAction","target":["https:\/\/cursosalturas.com.co\/tienda\/producto\/triangulo-de-evacuacion-con-tirantes\/"]}]},{"@type":"ImageObject","inLanguage":"es","@id":"https:\/\/cursosalturas.com.co\/tienda\/producto\/triangulo-de-evacuacion-con-tirantes\/#primaryimage","url":"https:\/\/cursosalturas.com.co\/tienda\/wp-content\/uploads\/2025\/04\/C060AA00-PITAGOR-focus-1_LowRes-1.jpeg","contentUrl":"https:\/\/cursosalturas.com.co\/tienda\/wp-content\/uploads\/2025\/04\/C060AA00-PITAGOR-focus-1_LowRes-1.jpeg","width":1200,"height":861,"caption":"Tri\u00e1ngulo de Evacuaci\u00f3n Petzl PITAGORTri\u00e1ngulo de Evacuaci\u00f3n Petzl PITAGORTri\u00e1ngulo de Evacuaci\u00f3n Petzl PITAGORTri\u00e1ngulo de Evacuaci\u00f3n Petzl PITAGORTri\u00e1ngulo de Evacuaci\u00f3n Petzl PITAGORTri\u00e1ngulo de Evacuaci\u00f3n Petzl PITAGOR Tri\u00e1ngulo de Evacuaci\u00f3n Petzl PITAGOR"},{"@type":"BreadcrumbList","@id":"https:\/\/cursosalturas.com.co\/tienda\/producto\/triangulo-de-evacuacion-con-tirantes\/#breadcrumb","itemListElement":[{"@type":"ListItem","position":1,"name":"Portada","item":"https:\/\/cursosalturas.com.co\/tienda\/"},{"@type":"ListItem","position":2,"name":"Tienda","item":"https:\/\/cursosalturas.com.co\/tienda\/tienda\/"},{"@type":"ListItem","position":3,"name":"Triangulo de evacuaci\u00f3n con tirantes"}]},{"@type":"WebSite","@id":"https:\/\/cursosalturas.com.co\/tienda\/#website","url":"https:\/\/cursosalturas.com.co\/tienda\/","name":"Cubik","description":"Cursos certificados y Protecci\u00f3n contra ca\u00eddas en Trabajo de Alturas","publisher":{"@id":"https:\/\/cursosalturas.com.co\/tienda\/#organization"},"potentialAction":[{"@type":"SearchAction","target":{"@type":"EntryPoint","urlTemplate":"https:\/\/cursosalturas.com.co\/tienda\/?s={search_term_string}"},"query-input":{"@type":"PropertyValueSpecification","valueRequired":true,"valueName":"search_term_string"}}],"inLanguage":"es"},{"@type":"Organization","@id":"https:\/\/cursosalturas.com.co\/tienda\/#organization","name":"Cubik","url":"https:\/\/cursosalturas.com.co\/tienda\/","logo":{"@type":"ImageObject","inLanguage":"es","@id":"https:\/\/cursosalturas.com.co\/tienda\/#\/schema\/logo\/image\/","url":"https:\/\/cursosalturas.com.co\/tienda\/wp-content\/uploads\/2025\/05\/cubik-logo-blanco.png","contentUrl":"https:\/\/cursosalturas.com.co\/tienda\/wp-content\/uploads\/2025\/05\/cubik-logo-blanco.png","width":225,"height":64,"caption":"Cubik"},"image":{"@id":"https:\/\/cursosalturas.com.co\/tienda\/#\/schema\/logo\/image\/"}}]}},"_links":{"self":[{"href":"https:\/\/cursosalturas.com.co\/tienda\/wp-json\/wp\/v2\/product\/6989","targetHints":{"allow":["GET"]}}],"collection":[{"href":"https:\/\/cursosalturas.com.co\/tienda\/wp-json\/wp\/v2\/product"}],"about":[{"href":"https:\/\/cursosalturas.com.co\/tienda\/wp-json\/wp\/v2\/types\/product"}],"replies":[{"embeddable":true,"href":"https:\/\/cursosalturas.com.co\/tienda\/wp-json\/wp\/v2\/comments?post=6989"}],"wp:featuredmedia":[{"embeddable":true,"href":"https:\/\/cursosalturas.com.co\/tienda\/wp-json\/wp\/v2\/media\/8161"}],"wp:attachment":[{"href":"https:\/\/cursosalturas.com.co\/tienda\/wp-json\/wp\/v2\/media?parent=6989"}],"wp:term":[{"taxonomy":"product_brand","embeddable":true,"href":"https:\/\/cursosalturas.com.co\/tienda\/wp-json\/wp\/v2\/product_brand?post=6989"},{"taxonomy":"product_cat","embeddable":true,"href":"https:\/\/cursosalturas.com.co\/tienda\/wp-json\/wp\/v2\/product_cat?post=6989"},{"taxonomy":"product_tag","embeddable":true,"href":"https:\/\/cursosalturas.com.co\/tienda\/wp-json\/wp\/v2\/product_tag?post=6989"}],"curies":[{"name":"wp","href":"https:\/\/api.w.org\/{rel}","templated":true}]}}