{"id":7119,"date":"2025-04-30T19:08:51","date_gmt":"2025-04-30T19:08:51","guid":{"rendered":"https:\/\/barbosasantander.com\/?post_type=product&#038;p=7119"},"modified":"2025-09-22T17:37:10","modified_gmt":"2025-09-22T17:37:10","slug":"pretales-para-trabajo-en-postes","status":"publish","type":"product","link":"https:\/\/cursosalturas.com.co\/tienda\/producto\/pretales-para-trabajo-en-postes\/","title":{"rendered":"Pretales para trabajo en postes"},"content":{"rendered":"<p>Fabricado en cuerda Kernmantle est\u00e1tica de 13mm de 10.500 lb, cuenta con una cubierta de poli\u00e9ster sobre un n\u00facleo de nylon la cual le da firmeza, est\u00e1 conectada con bandas de caucho reforzado.<\/p>\n<p>Este pretal est\u00e1 fabricado con capacidad para una persona con un peso promedio entre 130 lb hasta 310 libras (59 kilos a 140 kilos) este peso incluye las herramientas y el equipo de protecci\u00f3n contra ca\u00eddas.<\/p>\n<p>Marca xp safety<\/p>\n<p>&nbsp;<\/p>\n","protected":false},"excerpt":{"rendered":"<p>Este pretal est\u00e1 fabricado con capacidad para una persona con un peso promedio entre 130 lb hasta 310 libras (59 kilos a 140 kilos) este peso incluye las herramientas y el equipo de protecci\u00f3n contra ca\u00eddas.<\/p>\n","protected":false},"featured_media":8424,"comment_status":"closed","ping_status":"closed","template":"","meta":[],"product_brand":[],"product_cat":[53],"product_tag":[],"class_list":{"0":"post-7119","1":"product","2":"type-product","3":"status-publish","4":"has-post-thumbnail","6":"product_cat-pretales-para-trabajo-en-postes","8":"first","9":"instock","10":"taxable","11":"shipping-taxable","12":"purchasable","13":"product-type-simple"},"yoast_head":"<!-- This site is optimized with the Yoast SEO plugin v25.3 - https:\/\/yoast.com\/wordpress\/plugins\/seo\/ -->\n<title>Pretales para trabajo en postes - Cubik<\/title>\n<meta name=\"robots\" content=\"index, follow, max-snippet:-1, max-image-preview:large, max-video-preview:-1\" \/>\n<link rel=\"canonical\" href=\"https:\/\/cursosalturas.com.co\/tienda\/producto\/pretales-para-trabajo-en-postes\/\" \/>\n<meta property=\"og:locale\" content=\"es_ES\" \/>\n<meta property=\"og:type\" content=\"article\" \/>\n<meta property=\"og:title\" content=\"Pretales para trabajo en postes - Cubik\" \/>\n<meta property=\"og:description\" content=\"Este pretal est\u00e1 fabricado con capacidad para una persona con un peso promedio entre 130 lb hasta 310 libras (59 kilos a 140 kilos) este peso incluye las herramientas y el equipo de protecci\u00f3n contra ca\u00eddas.\" \/>\n<meta property=\"og:url\" content=\"https:\/\/cursosalturas.com.co\/tienda\/producto\/pretales-para-trabajo-en-postes\/\" \/>\n<meta property=\"og:site_name\" content=\"Cubik\" \/>\n<meta property=\"article:modified_time\" content=\"2025-09-22T17:37:10+00:00\" \/>\n<meta property=\"og:image\" content=\"https:\/\/cursosalturas.com.co\/tienda\/wp-content\/uploads\/2025\/04\/Parpretales-Regulables.webp\" \/>\n\t<meta property=\"og:image:width\" content=\"1600\" \/>\n\t<meta property=\"og:image:height\" content=\"1063\" \/>\n\t<meta property=\"og:image:type\" content=\"image\/webp\" \/>\n<meta name=\"twitter:card\" content=\"summary_large_image\" \/>\n<meta name=\"twitter:label1\" content=\"Tiempo de lectura\" \/>\n\t<meta name=\"twitter:data1\" content=\"1 minuto\" \/>\n<script type=\"application\/ld+json\" class=\"yoast-schema-graph\">{\"@context\":\"https:\/\/schema.org\",\"@graph\":[{\"@type\":\"WebPage\",\"@id\":\"https:\/\/cursosalturas.com.co\/tienda\/producto\/pretales-para-trabajo-en-postes\/\",\"url\":\"https:\/\/cursosalturas.com.co\/tienda\/producto\/pretales-para-trabajo-en-postes\/\",\"name\":\"Pretales para trabajo en postes - Cubik\",\"isPartOf\":{\"@id\":\"https:\/\/cursosalturas.com.co\/tienda\/#website\"},\"primaryImageOfPage\":{\"@id\":\"https:\/\/cursosalturas.com.co\/tienda\/producto\/pretales-para-trabajo-en-postes\/#primaryimage\"},\"image\":{\"@id\":\"https:\/\/cursosalturas.com.co\/tienda\/producto\/pretales-para-trabajo-en-postes\/#primaryimage\"},\"thumbnailUrl\":\"https:\/\/cursosalturas.com.co\/tienda\/wp-content\/uploads\/2025\/04\/Parpretales-Regulables.webp\",\"datePublished\":\"2025-04-30T19:08:51+00:00\",\"dateModified\":\"2025-09-22T17:37:10+00:00\",\"breadcrumb\":{\"@id\":\"https:\/\/cursosalturas.com.co\/tienda\/producto\/pretales-para-trabajo-en-postes\/#breadcrumb\"},\"inLanguage\":\"es\",\"potentialAction\":[{\"@type\":\"ReadAction\",\"target\":[\"https:\/\/cursosalturas.com.co\/tienda\/producto\/pretales-para-trabajo-en-postes\/\"]}]},{\"@type\":\"ImageObject\",\"inLanguage\":\"es\",\"@id\":\"https:\/\/cursosalturas.com.co\/tienda\/producto\/pretales-para-trabajo-en-postes\/#primaryimage\",\"url\":\"https:\/\/cursosalturas.com.co\/tienda\/wp-content\/uploads\/2025\/04\/Parpretales-Regulables.webp\",\"contentUrl\":\"https:\/\/cursosalturas.com.co\/tienda\/wp-content\/uploads\/2025\/04\/Parpretales-Regulables.webp\",\"width\":1600,\"height\":1063,\"caption\":\"Pretales para poste\"},{\"@type\":\"BreadcrumbList\",\"@id\":\"https:\/\/cursosalturas.com.co\/tienda\/producto\/pretales-para-trabajo-en-postes\/#breadcrumb\",\"itemListElement\":[{\"@type\":\"ListItem\",\"position\":1,\"name\":\"Portada\",\"item\":\"https:\/\/cursosalturas.com.co\/tienda\/\"},{\"@type\":\"ListItem\",\"position\":2,\"name\":\"Tienda\",\"item\":\"https:\/\/cursosalturas.com.co\/tienda\/tienda\/\"},{\"@type\":\"ListItem\",\"position\":3,\"name\":\"Pretales para trabajo en postes\"}]},{\"@type\":\"WebSite\",\"@id\":\"https:\/\/cursosalturas.com.co\/tienda\/#website\",\"url\":\"https:\/\/cursosalturas.com.co\/tienda\/\",\"name\":\"Cubik\",\"description\":\"Cursos certificados y Protecci\u00f3n contra ca\u00eddas en Trabajo de Alturas\",\"publisher\":{\"@id\":\"https:\/\/cursosalturas.com.co\/tienda\/#organization\"},\"potentialAction\":[{\"@type\":\"SearchAction\",\"target\":{\"@type\":\"EntryPoint\",\"urlTemplate\":\"https:\/\/cursosalturas.com.co\/tienda\/?s={search_term_string}\"},\"query-input\":{\"@type\":\"PropertyValueSpecification\",\"valueRequired\":true,\"valueName\":\"search_term_string\"}}],\"inLanguage\":\"es\"},{\"@type\":\"Organization\",\"@id\":\"https:\/\/cursosalturas.com.co\/tienda\/#organization\",\"name\":\"Cubik\",\"url\":\"https:\/\/cursosalturas.com.co\/tienda\/\",\"logo\":{\"@type\":\"ImageObject\",\"inLanguage\":\"es\",\"@id\":\"https:\/\/cursosalturas.com.co\/tienda\/#\/schema\/logo\/image\/\",\"url\":\"https:\/\/cursosalturas.com.co\/tienda\/wp-content\/uploads\/2025\/05\/cubik-logo-blanco.png\",\"contentUrl\":\"https:\/\/cursosalturas.com.co\/tienda\/wp-content\/uploads\/2025\/05\/cubik-logo-blanco.png\",\"width\":225,\"height\":64,\"caption\":\"Cubik\"},\"image\":{\"@id\":\"https:\/\/cursosalturas.com.co\/tienda\/#\/schema\/logo\/image\/\"}}]}<\/script>\n<!-- \/ Yoast SEO plugin. -->","yoast_head_json":{"title":"Pretales para trabajo en postes - Cubik","robots":{"index":"index","follow":"follow","max-snippet":"max-snippet:-1","max-image-preview":"max-image-preview:large","max-video-preview":"max-video-preview:-1"},"canonical":"https:\/\/cursosalturas.com.co\/tienda\/producto\/pretales-para-trabajo-en-postes\/","og_locale":"es_ES","og_type":"article","og_title":"Pretales para trabajo en postes - Cubik","og_description":"Este pretal est\u00e1 fabricado con capacidad para una persona con un peso promedio entre 130 lb hasta 310 libras (59 kilos a 140 kilos) este peso incluye las herramientas y el equipo de protecci\u00f3n contra ca\u00eddas.","og_url":"https:\/\/cursosalturas.com.co\/tienda\/producto\/pretales-para-trabajo-en-postes\/","og_site_name":"Cubik","article_modified_time":"2025-09-22T17:37:10+00:00","og_image":[{"width":1600,"height":1063,"url":"https:\/\/cursosalturas.com.co\/tienda\/wp-content\/uploads\/2025\/04\/Parpretales-Regulables.webp","type":"image\/webp"}],"twitter_card":"summary_large_image","twitter_misc":{"Tiempo de lectura":"1 minuto"},"schema":{"@context":"https:\/\/schema.org","@graph":[{"@type":"WebPage","@id":"https:\/\/cursosalturas.com.co\/tienda\/producto\/pretales-para-trabajo-en-postes\/","url":"https:\/\/cursosalturas.com.co\/tienda\/producto\/pretales-para-trabajo-en-postes\/","name":"Pretales para trabajo en postes - Cubik","isPartOf":{"@id":"https:\/\/cursosalturas.com.co\/tienda\/#website"},"primaryImageOfPage":{"@id":"https:\/\/cursosalturas.com.co\/tienda\/producto\/pretales-para-trabajo-en-postes\/#primaryimage"},"image":{"@id":"https:\/\/cursosalturas.com.co\/tienda\/producto\/pretales-para-trabajo-en-postes\/#primaryimage"},"thumbnailUrl":"https:\/\/cursosalturas.com.co\/tienda\/wp-content\/uploads\/2025\/04\/Parpretales-Regulables.webp","datePublished":"2025-04-30T19:08:51+00:00","dateModified":"2025-09-22T17:37:10+00:00","breadcrumb":{"@id":"https:\/\/cursosalturas.com.co\/tienda\/producto\/pretales-para-trabajo-en-postes\/#breadcrumb"},"inLanguage":"es","potentialAction":[{"@type":"ReadAction","target":["https:\/\/cursosalturas.com.co\/tienda\/producto\/pretales-para-trabajo-en-postes\/"]}]},{"@type":"ImageObject","inLanguage":"es","@id":"https:\/\/cursosalturas.com.co\/tienda\/producto\/pretales-para-trabajo-en-postes\/#primaryimage","url":"https:\/\/cursosalturas.com.co\/tienda\/wp-content\/uploads\/2025\/04\/Parpretales-Regulables.webp","contentUrl":"https:\/\/cursosalturas.com.co\/tienda\/wp-content\/uploads\/2025\/04\/Parpretales-Regulables.webp","width":1600,"height":1063,"caption":"Pretales para poste"},{"@type":"BreadcrumbList","@id":"https:\/\/cursosalturas.com.co\/tienda\/producto\/pretales-para-trabajo-en-postes\/#breadcrumb","itemListElement":[{"@type":"ListItem","position":1,"name":"Portada","item":"https:\/\/cursosalturas.com.co\/tienda\/"},{"@type":"ListItem","position":2,"name":"Tienda","item":"https:\/\/cursosalturas.com.co\/tienda\/tienda\/"},{"@type":"ListItem","position":3,"name":"Pretales para trabajo en postes"}]},{"@type":"WebSite","@id":"https:\/\/cursosalturas.com.co\/tienda\/#website","url":"https:\/\/cursosalturas.com.co\/tienda\/","name":"Cubik","description":"Cursos certificados y Protecci\u00f3n contra ca\u00eddas en Trabajo de Alturas","publisher":{"@id":"https:\/\/cursosalturas.com.co\/tienda\/#organization"},"potentialAction":[{"@type":"SearchAction","target":{"@type":"EntryPoint","urlTemplate":"https:\/\/cursosalturas.com.co\/tienda\/?s={search_term_string}"},"query-input":{"@type":"PropertyValueSpecification","valueRequired":true,"valueName":"search_term_string"}}],"inLanguage":"es"},{"@type":"Organization","@id":"https:\/\/cursosalturas.com.co\/tienda\/#organization","name":"Cubik","url":"https:\/\/cursosalturas.com.co\/tienda\/","logo":{"@type":"ImageObject","inLanguage":"es","@id":"https:\/\/cursosalturas.com.co\/tienda\/#\/schema\/logo\/image\/","url":"https:\/\/cursosalturas.com.co\/tienda\/wp-content\/uploads\/2025\/05\/cubik-logo-blanco.png","contentUrl":"https:\/\/cursosalturas.com.co\/tienda\/wp-content\/uploads\/2025\/05\/cubik-logo-blanco.png","width":225,"height":64,"caption":"Cubik"},"image":{"@id":"https:\/\/cursosalturas.com.co\/tienda\/#\/schema\/logo\/image\/"}}]}},"_links":{"self":[{"href":"https:\/\/cursosalturas.com.co\/tienda\/wp-json\/wp\/v2\/product\/7119","targetHints":{"allow":["GET"]}}],"collection":[{"href":"https:\/\/cursosalturas.com.co\/tienda\/wp-json\/wp\/v2\/product"}],"about":[{"href":"https:\/\/cursosalturas.com.co\/tienda\/wp-json\/wp\/v2\/types\/product"}],"replies":[{"embeddable":true,"href":"https:\/\/cursosalturas.com.co\/tienda\/wp-json\/wp\/v2\/comments?post=7119"}],"wp:featuredmedia":[{"embeddable":true,"href":"https:\/\/cursosalturas.com.co\/tienda\/wp-json\/wp\/v2\/media\/8424"}],"wp:attachment":[{"href":"https:\/\/cursosalturas.com.co\/tienda\/wp-json\/wp\/v2\/media?parent=7119"}],"wp:term":[{"taxonomy":"product_brand","embeddable":true,"href":"https:\/\/cursosalturas.com.co\/tienda\/wp-json\/wp\/v2\/product_brand?post=7119"},{"taxonomy":"product_cat","embeddable":true,"href":"https:\/\/cursosalturas.com.co\/tienda\/wp-json\/wp\/v2\/product_cat?post=7119"},{"taxonomy":"product_tag","embeddable":true,"href":"https:\/\/cursosalturas.com.co\/tienda\/wp-json\/wp\/v2\/product_tag?post=7119"}],"curies":[{"name":"wp","href":"https:\/\/api.w.org\/{rel}","templated":true}]}}