{"id":8151,"date":"2025-05-19T21:22:46","date_gmt":"2025-05-19T21:22:46","guid":{"rendered":"https:\/\/barbosasantander.com\/?post_type=product&#038;p=8151"},"modified":"2025-09-29T18:39:34","modified_gmt":"2025-09-29T18:39:34","slug":"arnes-con-recubrimiento-en-poliuretano-multiproposito-en-x-con-4-puntos","status":"publish","type":"product","link":"https:\/\/cursosalturas.com.co\/tienda\/producto\/arnes-con-recubrimiento-en-poliuretano-multiproposito-en-x-con-4-puntos\/","title":{"rendered":"Arn\u00e9s con recubrimiento en poliuretano multiprop\u00f3sito en x con 4 puntos"},"content":{"rendered":"<p>Cuenta con 4 puntos de anclaje tipo D: uno dorsal para detenci\u00f3n de ca\u00eddas, dos laterales para posicionamiento en la cintura, y uno frontal para tareas de ascenso, descenso o rescate vertical.<\/p>\n","protected":false},"excerpt":{"rendered":"<p>Arn\u00e9s ergon\u00f3mico multiprop\u00f3sito de cuerpo entero, con 4 puntos de anclaje y recubrimiento en poliuretano. Resistente, c\u00f3modo y seguro.<\/p>\n","protected":false},"featured_media":8152,"comment_status":"closed","ping_status":"closed","template":"","meta":[],"product_brand":[],"product_cat":[48],"product_tag":[],"class_list":{"0":"post-8151","1":"product","2":"type-product","3":"status-publish","4":"has-post-thumbnail","6":"product_cat-arneses-multiproposito-para-trabajos-en-alturas-sin-faja-lumbar","8":"first","9":"instock","10":"taxable","11":"shipping-taxable","12":"purchasable","13":"product-type-simple"},"yoast_head":"<!-- This site is optimized with the Yoast SEO plugin v25.3 - https:\/\/yoast.com\/wordpress\/plugins\/seo\/ -->\n<title>Arn\u00e9s con recubrimiento en poliuretano multiprop\u00f3sito en x con 4 puntos - Cubik<\/title>\n<meta name=\"description\" content=\"4 puntos de anclaje tipo D. Arn\u00e9s ergon\u00f3mico multiprop\u00f3sito de cuerpo entero dise\u00f1ado para asegurar el confort y seguridad del usuario| buen precio\" \/>\n<meta name=\"robots\" content=\"index, follow, max-snippet:-1, max-image-preview:large, max-video-preview:-1\" \/>\n<link rel=\"canonical\" href=\"https:\/\/cursosalturas.com.co\/tienda\/producto\/arnes-con-recubrimiento-en-poliuretano-multiproposito-en-x-con-4-puntos\/\" \/>\n<meta property=\"og:locale\" content=\"es_ES\" \/>\n<meta property=\"og:type\" content=\"article\" \/>\n<meta property=\"og:title\" content=\"Arn\u00e9s con recubrimiento en poliuretano multiprop\u00f3sito en x con 4 puntos - Cubik\" \/>\n<meta property=\"og:description\" content=\"4 puntos de anclaje tipo D. Arn\u00e9s ergon\u00f3mico multiprop\u00f3sito de cuerpo entero dise\u00f1ado para asegurar el confort y seguridad del usuario| buen precio\" \/>\n<meta property=\"og:url\" content=\"https:\/\/cursosalturas.com.co\/tienda\/producto\/arnes-con-recubrimiento-en-poliuretano-multiproposito-en-x-con-4-puntos\/\" \/>\n<meta property=\"og:site_name\" content=\"Cubik\" \/>\n<meta property=\"article:modified_time\" content=\"2025-09-29T18:39:34+00:00\" \/>\n<meta property=\"og:image\" content=\"https:\/\/cursosalturas.com.co\/tienda\/wp-content\/uploads\/2025\/05\/8004-P.png\" \/>\n\t<meta property=\"og:image:width\" content=\"850\" \/>\n\t<meta property=\"og:image:height\" content=\"785\" \/>\n\t<meta property=\"og:image:type\" content=\"image\/png\" \/>\n<meta name=\"twitter:card\" content=\"summary_large_image\" \/>\n<meta name=\"twitter:label1\" content=\"Tiempo de lectura\" \/>\n\t<meta name=\"twitter:data1\" content=\"1 minuto\" \/>\n<script type=\"application\/ld+json\" class=\"yoast-schema-graph\">{\"@context\":\"https:\/\/schema.org\",\"@graph\":[{\"@type\":\"WebPage\",\"@id\":\"https:\/\/cursosalturas.com.co\/tienda\/producto\/arnes-con-recubrimiento-en-poliuretano-multiproposito-en-x-con-4-puntos\/\",\"url\":\"https:\/\/cursosalturas.com.co\/tienda\/producto\/arnes-con-recubrimiento-en-poliuretano-multiproposito-en-x-con-4-puntos\/\",\"name\":\"Arn\u00e9s con recubrimiento en poliuretano multiprop\u00f3sito en x con 4 puntos - Cubik\",\"isPartOf\":{\"@id\":\"https:\/\/cursosalturas.com.co\/tienda\/#website\"},\"primaryImageOfPage\":{\"@id\":\"https:\/\/cursosalturas.com.co\/tienda\/producto\/arnes-con-recubrimiento-en-poliuretano-multiproposito-en-x-con-4-puntos\/#primaryimage\"},\"image\":{\"@id\":\"https:\/\/cursosalturas.com.co\/tienda\/producto\/arnes-con-recubrimiento-en-poliuretano-multiproposito-en-x-con-4-puntos\/#primaryimage\"},\"thumbnailUrl\":\"https:\/\/cursosalturas.com.co\/tienda\/wp-content\/uploads\/2025\/05\/8004-P.png\",\"datePublished\":\"2025-05-19T21:22:46+00:00\",\"dateModified\":\"2025-09-29T18:39:34+00:00\",\"description\":\"4 puntos de anclaje tipo D. Arn\u00e9s ergon\u00f3mico multiprop\u00f3sito de cuerpo entero dise\u00f1ado para asegurar el confort y seguridad del usuario| buen precio\",\"breadcrumb\":{\"@id\":\"https:\/\/cursosalturas.com.co\/tienda\/producto\/arnes-con-recubrimiento-en-poliuretano-multiproposito-en-x-con-4-puntos\/#breadcrumb\"},\"inLanguage\":\"es\",\"potentialAction\":[{\"@type\":\"ReadAction\",\"target\":[\"https:\/\/cursosalturas.com.co\/tienda\/producto\/arnes-con-recubrimiento-en-poliuretano-multiproposito-en-x-con-4-puntos\/\"]}]},{\"@type\":\"ImageObject\",\"inLanguage\":\"es\",\"@id\":\"https:\/\/cursosalturas.com.co\/tienda\/producto\/arnes-con-recubrimiento-en-poliuretano-multiproposito-en-x-con-4-puntos\/#primaryimage\",\"url\":\"https:\/\/cursosalturas.com.co\/tienda\/wp-content\/uploads\/2025\/05\/8004-P.png\",\"contentUrl\":\"https:\/\/cursosalturas.com.co\/tienda\/wp-content\/uploads\/2025\/05\/8004-P.png\",\"width\":850,\"height\":785,\"caption\":\"arnes insafe in8004-p\"},{\"@type\":\"BreadcrumbList\",\"@id\":\"https:\/\/cursosalturas.com.co\/tienda\/producto\/arnes-con-recubrimiento-en-poliuretano-multiproposito-en-x-con-4-puntos\/#breadcrumb\",\"itemListElement\":[{\"@type\":\"ListItem\",\"position\":1,\"name\":\"Portada\",\"item\":\"https:\/\/cursosalturas.com.co\/tienda\/\"},{\"@type\":\"ListItem\",\"position\":2,\"name\":\"Tienda\",\"item\":\"https:\/\/cursosalturas.com.co\/tienda\/tienda\/\"},{\"@type\":\"ListItem\",\"position\":3,\"name\":\"Arn\u00e9s con recubrimiento en poliuretano multiprop\u00f3sito en x con 4 puntos\"}]},{\"@type\":\"WebSite\",\"@id\":\"https:\/\/cursosalturas.com.co\/tienda\/#website\",\"url\":\"https:\/\/cursosalturas.com.co\/tienda\/\",\"name\":\"Cubik\",\"description\":\"Cursos certificados y Protecci\u00f3n contra ca\u00eddas en Trabajo de Alturas\",\"publisher\":{\"@id\":\"https:\/\/cursosalturas.com.co\/tienda\/#organization\"},\"potentialAction\":[{\"@type\":\"SearchAction\",\"target\":{\"@type\":\"EntryPoint\",\"urlTemplate\":\"https:\/\/cursosalturas.com.co\/tienda\/?s={search_term_string}\"},\"query-input\":{\"@type\":\"PropertyValueSpecification\",\"valueRequired\":true,\"valueName\":\"search_term_string\"}}],\"inLanguage\":\"es\"},{\"@type\":\"Organization\",\"@id\":\"https:\/\/cursosalturas.com.co\/tienda\/#organization\",\"name\":\"Cubik\",\"url\":\"https:\/\/cursosalturas.com.co\/tienda\/\",\"logo\":{\"@type\":\"ImageObject\",\"inLanguage\":\"es\",\"@id\":\"https:\/\/cursosalturas.com.co\/tienda\/#\/schema\/logo\/image\/\",\"url\":\"https:\/\/cursosalturas.com.co\/tienda\/wp-content\/uploads\/2025\/05\/cubik-logo-blanco.png\",\"contentUrl\":\"https:\/\/cursosalturas.com.co\/tienda\/wp-content\/uploads\/2025\/05\/cubik-logo-blanco.png\",\"width\":225,\"height\":64,\"caption\":\"Cubik\"},\"image\":{\"@id\":\"https:\/\/cursosalturas.com.co\/tienda\/#\/schema\/logo\/image\/\"}}]}<\/script>\n<!-- \/ Yoast SEO plugin. -->","yoast_head_json":{"title":"Arn\u00e9s con recubrimiento en poliuretano multiprop\u00f3sito en x con 4 puntos - Cubik","description":"4 puntos de anclaje tipo D. Arn\u00e9s ergon\u00f3mico multiprop\u00f3sito de cuerpo entero dise\u00f1ado para asegurar el confort y seguridad del usuario| buen precio","robots":{"index":"index","follow":"follow","max-snippet":"max-snippet:-1","max-image-preview":"max-image-preview:large","max-video-preview":"max-video-preview:-1"},"canonical":"https:\/\/cursosalturas.com.co\/tienda\/producto\/arnes-con-recubrimiento-en-poliuretano-multiproposito-en-x-con-4-puntos\/","og_locale":"es_ES","og_type":"article","og_title":"Arn\u00e9s con recubrimiento en poliuretano multiprop\u00f3sito en x con 4 puntos - Cubik","og_description":"4 puntos de anclaje tipo D. Arn\u00e9s ergon\u00f3mico multiprop\u00f3sito de cuerpo entero dise\u00f1ado para asegurar el confort y seguridad del usuario| buen precio","og_url":"https:\/\/cursosalturas.com.co\/tienda\/producto\/arnes-con-recubrimiento-en-poliuretano-multiproposito-en-x-con-4-puntos\/","og_site_name":"Cubik","article_modified_time":"2025-09-29T18:39:34+00:00","og_image":[{"width":850,"height":785,"url":"https:\/\/cursosalturas.com.co\/tienda\/wp-content\/uploads\/2025\/05\/8004-P.png","type":"image\/png"}],"twitter_card":"summary_large_image","twitter_misc":{"Tiempo de lectura":"1 minuto"},"schema":{"@context":"https:\/\/schema.org","@graph":[{"@type":"WebPage","@id":"https:\/\/cursosalturas.com.co\/tienda\/producto\/arnes-con-recubrimiento-en-poliuretano-multiproposito-en-x-con-4-puntos\/","url":"https:\/\/cursosalturas.com.co\/tienda\/producto\/arnes-con-recubrimiento-en-poliuretano-multiproposito-en-x-con-4-puntos\/","name":"Arn\u00e9s con recubrimiento en poliuretano multiprop\u00f3sito en x con 4 puntos - Cubik","isPartOf":{"@id":"https:\/\/cursosalturas.com.co\/tienda\/#website"},"primaryImageOfPage":{"@id":"https:\/\/cursosalturas.com.co\/tienda\/producto\/arnes-con-recubrimiento-en-poliuretano-multiproposito-en-x-con-4-puntos\/#primaryimage"},"image":{"@id":"https:\/\/cursosalturas.com.co\/tienda\/producto\/arnes-con-recubrimiento-en-poliuretano-multiproposito-en-x-con-4-puntos\/#primaryimage"},"thumbnailUrl":"https:\/\/cursosalturas.com.co\/tienda\/wp-content\/uploads\/2025\/05\/8004-P.png","datePublished":"2025-05-19T21:22:46+00:00","dateModified":"2025-09-29T18:39:34+00:00","description":"4 puntos de anclaje tipo D. Arn\u00e9s ergon\u00f3mico multiprop\u00f3sito de cuerpo entero dise\u00f1ado para asegurar el confort y seguridad del usuario| buen precio","breadcrumb":{"@id":"https:\/\/cursosalturas.com.co\/tienda\/producto\/arnes-con-recubrimiento-en-poliuretano-multiproposito-en-x-con-4-puntos\/#breadcrumb"},"inLanguage":"es","potentialAction":[{"@type":"ReadAction","target":["https:\/\/cursosalturas.com.co\/tienda\/producto\/arnes-con-recubrimiento-en-poliuretano-multiproposito-en-x-con-4-puntos\/"]}]},{"@type":"ImageObject","inLanguage":"es","@id":"https:\/\/cursosalturas.com.co\/tienda\/producto\/arnes-con-recubrimiento-en-poliuretano-multiproposito-en-x-con-4-puntos\/#primaryimage","url":"https:\/\/cursosalturas.com.co\/tienda\/wp-content\/uploads\/2025\/05\/8004-P.png","contentUrl":"https:\/\/cursosalturas.com.co\/tienda\/wp-content\/uploads\/2025\/05\/8004-P.png","width":850,"height":785,"caption":"arnes insafe in8004-p"},{"@type":"BreadcrumbList","@id":"https:\/\/cursosalturas.com.co\/tienda\/producto\/arnes-con-recubrimiento-en-poliuretano-multiproposito-en-x-con-4-puntos\/#breadcrumb","itemListElement":[{"@type":"ListItem","position":1,"name":"Portada","item":"https:\/\/cursosalturas.com.co\/tienda\/"},{"@type":"ListItem","position":2,"name":"Tienda","item":"https:\/\/cursosalturas.com.co\/tienda\/tienda\/"},{"@type":"ListItem","position":3,"name":"Arn\u00e9s con recubrimiento en poliuretano multiprop\u00f3sito en x con 4 puntos"}]},{"@type":"WebSite","@id":"https:\/\/cursosalturas.com.co\/tienda\/#website","url":"https:\/\/cursosalturas.com.co\/tienda\/","name":"Cubik","description":"Cursos certificados y Protecci\u00f3n contra ca\u00eddas en Trabajo de Alturas","publisher":{"@id":"https:\/\/cursosalturas.com.co\/tienda\/#organization"},"potentialAction":[{"@type":"SearchAction","target":{"@type":"EntryPoint","urlTemplate":"https:\/\/cursosalturas.com.co\/tienda\/?s={search_term_string}"},"query-input":{"@type":"PropertyValueSpecification","valueRequired":true,"valueName":"search_term_string"}}],"inLanguage":"es"},{"@type":"Organization","@id":"https:\/\/cursosalturas.com.co\/tienda\/#organization","name":"Cubik","url":"https:\/\/cursosalturas.com.co\/tienda\/","logo":{"@type":"ImageObject","inLanguage":"es","@id":"https:\/\/cursosalturas.com.co\/tienda\/#\/schema\/logo\/image\/","url":"https:\/\/cursosalturas.com.co\/tienda\/wp-content\/uploads\/2025\/05\/cubik-logo-blanco.png","contentUrl":"https:\/\/cursosalturas.com.co\/tienda\/wp-content\/uploads\/2025\/05\/cubik-logo-blanco.png","width":225,"height":64,"caption":"Cubik"},"image":{"@id":"https:\/\/cursosalturas.com.co\/tienda\/#\/schema\/logo\/image\/"}}]}},"_links":{"self":[{"href":"https:\/\/cursosalturas.com.co\/tienda\/wp-json\/wp\/v2\/product\/8151","targetHints":{"allow":["GET"]}}],"collection":[{"href":"https:\/\/cursosalturas.com.co\/tienda\/wp-json\/wp\/v2\/product"}],"about":[{"href":"https:\/\/cursosalturas.com.co\/tienda\/wp-json\/wp\/v2\/types\/product"}],"replies":[{"embeddable":true,"href":"https:\/\/cursosalturas.com.co\/tienda\/wp-json\/wp\/v2\/comments?post=8151"}],"wp:featuredmedia":[{"embeddable":true,"href":"https:\/\/cursosalturas.com.co\/tienda\/wp-json\/wp\/v2\/media\/8152"}],"wp:attachment":[{"href":"https:\/\/cursosalturas.com.co\/tienda\/wp-json\/wp\/v2\/media?parent=8151"}],"wp:term":[{"taxonomy":"product_brand","embeddable":true,"href":"https:\/\/cursosalturas.com.co\/tienda\/wp-json\/wp\/v2\/product_brand?post=8151"},{"taxonomy":"product_cat","embeddable":true,"href":"https:\/\/cursosalturas.com.co\/tienda\/wp-json\/wp\/v2\/product_cat?post=8151"},{"taxonomy":"product_tag","embeddable":true,"href":"https:\/\/cursosalturas.com.co\/tienda\/wp-json\/wp\/v2\/product_tag?post=8151"}],"curies":[{"name":"wp","href":"https:\/\/api.w.org\/{rel}","templated":true}]}}