{"id":8157,"date":"2025-05-19T21:25:01","date_gmt":"2025-05-19T21:25:01","guid":{"rendered":"https:\/\/barbosasantander.com\/?post_type=product&#038;p=8157"},"modified":"2025-10-14T16:51:57","modified_gmt":"2025-10-14T16:51:57","slug":"arnes-4-argollas-en-poliuretano-con-herraje-en-acero-inoxidable-insafe","status":"publish","type":"product","link":"https:\/\/cursosalturas.com.co\/tienda\/producto\/arnes-4-argollas-en-poliuretano-con-herraje-en-acero-inoxidable-insafe\/","title":{"rendered":"Arn\u00e9s 4 argollas en poliuretano con herraje en acero inoxidable Insafe"},"content":{"rendered":"<p>El INSAFE in 8004-pse es un arn\u00e9s de cuerpo entero dise\u00f1ado para entornos agresivos y alta exposici\u00f3n a corrosi\u00f3n. Su recubrimiento en poliuretano protege la reata de humedad, grasa y desgaste, mientras que sus herrajes en acero inoxidable garantizan una vida \u00fatil prolongada.<\/p>\n<h2><\/h2>\n<p><strong>CERTIFICACIONES: ANSI\/ASSP Z359.11\u20132021 CSA Z259.12<\/strong><br \/>\n<strong>MARCA INSAFE<\/strong><\/p>\n","protected":false},"excerpt":{"rendered":"<p>Arn\u00e9s profesional con herrajes de acero inoxidable y recubrimiento en poliuretano. 4 argollas para m\u00e1xima protecci\u00f3n en trabajos en altura.<\/p>\n","protected":false},"featured_media":8153,"comment_status":"closed","ping_status":"closed","template":"","meta":[],"product_brand":[],"product_cat":[48],"product_tag":[],"class_list":{"0":"post-8157","1":"product","2":"type-product","3":"status-publish","4":"has-post-thumbnail","6":"product_cat-arneses-multiproposito-para-trabajos-en-alturas-sin-faja-lumbar","8":"first","9":"instock","10":"taxable","11":"shipping-taxable","12":"purchasable","13":"product-type-simple"},"yoast_head":"<!-- This site is optimized with the Yoast SEO plugin v25.3 - https:\/\/yoast.com\/wordpress\/plugins\/seo\/ -->\n<title>Arn\u00e9s 4 argollas en poliuretano con herraje en acero inoxidable Insafe - Cubik<\/title>\n<meta name=\"description\" content=\"Arn\u00e9s de cuerpo entero dise\u00f1ado para entornos agresivos y alta exposici\u00f3n a corrosi\u00f3n. Marca INSAFE | Buen precio\" \/>\n<meta name=\"robots\" content=\"index, follow, max-snippet:-1, max-image-preview:large, max-video-preview:-1\" \/>\n<link rel=\"canonical\" href=\"https:\/\/cursosalturas.com.co\/tienda\/producto\/arnes-4-argollas-en-poliuretano-con-herraje-en-acero-inoxidable-insafe\/\" \/>\n<meta property=\"og:locale\" content=\"es_ES\" \/>\n<meta property=\"og:type\" content=\"article\" \/>\n<meta property=\"og:title\" content=\"Arn\u00e9s 4 argollas en poliuretano con herraje en acero inoxidable Insafe - Cubik\" \/>\n<meta property=\"og:description\" content=\"Arn\u00e9s de cuerpo entero dise\u00f1ado para entornos agresivos y alta exposici\u00f3n a corrosi\u00f3n. Marca INSAFE | Buen precio\" \/>\n<meta property=\"og:url\" content=\"https:\/\/cursosalturas.com.co\/tienda\/producto\/arnes-4-argollas-en-poliuretano-con-herraje-en-acero-inoxidable-insafe\/\" \/>\n<meta property=\"og:site_name\" content=\"Cubik\" \/>\n<meta property=\"article:modified_time\" content=\"2025-10-14T16:51:57+00:00\" \/>\n<meta property=\"og:image\" content=\"https:\/\/cursosalturas.com.co\/tienda\/wp-content\/uploads\/2025\/05\/image-tool-lambda.webp\" \/>\n\t<meta property=\"og:image:width\" content=\"850\" \/>\n\t<meta property=\"og:image:height\" content=\"785\" \/>\n\t<meta property=\"og:image:type\" content=\"image\/webp\" \/>\n<meta name=\"twitter:card\" content=\"summary_large_image\" \/>\n<meta name=\"twitter:label1\" content=\"Tiempo de lectura\" \/>\n\t<meta name=\"twitter:data1\" content=\"1 minuto\" \/>\n<script type=\"application\/ld+json\" class=\"yoast-schema-graph\">{\"@context\":\"https:\/\/schema.org\",\"@graph\":[{\"@type\":\"WebPage\",\"@id\":\"https:\/\/cursosalturas.com.co\/tienda\/producto\/arnes-4-argollas-en-poliuretano-con-herraje-en-acero-inoxidable-insafe\/\",\"url\":\"https:\/\/cursosalturas.com.co\/tienda\/producto\/arnes-4-argollas-en-poliuretano-con-herraje-en-acero-inoxidable-insafe\/\",\"name\":\"Arn\u00e9s 4 argollas en poliuretano con herraje en acero inoxidable Insafe - Cubik\",\"isPartOf\":{\"@id\":\"https:\/\/cursosalturas.com.co\/tienda\/#website\"},\"primaryImageOfPage\":{\"@id\":\"https:\/\/cursosalturas.com.co\/tienda\/producto\/arnes-4-argollas-en-poliuretano-con-herraje-en-acero-inoxidable-insafe\/#primaryimage\"},\"image\":{\"@id\":\"https:\/\/cursosalturas.com.co\/tienda\/producto\/arnes-4-argollas-en-poliuretano-con-herraje-en-acero-inoxidable-insafe\/#primaryimage\"},\"thumbnailUrl\":\"https:\/\/cursosalturas.com.co\/tienda\/wp-content\/uploads\/2025\/05\/image-tool-lambda.webp\",\"datePublished\":\"2025-05-19T21:25:01+00:00\",\"dateModified\":\"2025-10-14T16:51:57+00:00\",\"description\":\"Arn\u00e9s de cuerpo entero dise\u00f1ado para entornos agresivos y alta exposici\u00f3n a corrosi\u00f3n. Marca INSAFE | Buen precio\",\"breadcrumb\":{\"@id\":\"https:\/\/cursosalturas.com.co\/tienda\/producto\/arnes-4-argollas-en-poliuretano-con-herraje-en-acero-inoxidable-insafe\/#breadcrumb\"},\"inLanguage\":\"es\",\"potentialAction\":[{\"@type\":\"ReadAction\",\"target\":[\"https:\/\/cursosalturas.com.co\/tienda\/producto\/arnes-4-argollas-en-poliuretano-con-herraje-en-acero-inoxidable-insafe\/\"]}]},{\"@type\":\"ImageObject\",\"inLanguage\":\"es\",\"@id\":\"https:\/\/cursosalturas.com.co\/tienda\/producto\/arnes-4-argollas-en-poliuretano-con-herraje-en-acero-inoxidable-insafe\/#primaryimage\",\"url\":\"https:\/\/cursosalturas.com.co\/tienda\/wp-content\/uploads\/2025\/05\/image-tool-lambda.webp\",\"contentUrl\":\"https:\/\/cursosalturas.com.co\/tienda\/wp-content\/uploads\/2025\/05\/image-tool-lambda.webp\",\"width\":850,\"height\":785,\"caption\":\"arnes insafe in8004-p\"},{\"@type\":\"BreadcrumbList\",\"@id\":\"https:\/\/cursosalturas.com.co\/tienda\/producto\/arnes-4-argollas-en-poliuretano-con-herraje-en-acero-inoxidable-insafe\/#breadcrumb\",\"itemListElement\":[{\"@type\":\"ListItem\",\"position\":1,\"name\":\"Portada\",\"item\":\"https:\/\/cursosalturas.com.co\/tienda\/\"},{\"@type\":\"ListItem\",\"position\":2,\"name\":\"Tienda\",\"item\":\"https:\/\/cursosalturas.com.co\/tienda\/tienda\/\"},{\"@type\":\"ListItem\",\"position\":3,\"name\":\"Arn\u00e9s 4 argollas en poliuretano con herraje en acero inoxidable Insafe\"}]},{\"@type\":\"WebSite\",\"@id\":\"https:\/\/cursosalturas.com.co\/tienda\/#website\",\"url\":\"https:\/\/cursosalturas.com.co\/tienda\/\",\"name\":\"Cubik\",\"description\":\"Cursos certificados y Protecci\u00f3n contra ca\u00eddas en Trabajo de Alturas\",\"publisher\":{\"@id\":\"https:\/\/cursosalturas.com.co\/tienda\/#organization\"},\"potentialAction\":[{\"@type\":\"SearchAction\",\"target\":{\"@type\":\"EntryPoint\",\"urlTemplate\":\"https:\/\/cursosalturas.com.co\/tienda\/?s={search_term_string}\"},\"query-input\":{\"@type\":\"PropertyValueSpecification\",\"valueRequired\":true,\"valueName\":\"search_term_string\"}}],\"inLanguage\":\"es\"},{\"@type\":\"Organization\",\"@id\":\"https:\/\/cursosalturas.com.co\/tienda\/#organization\",\"name\":\"Cubik\",\"url\":\"https:\/\/cursosalturas.com.co\/tienda\/\",\"logo\":{\"@type\":\"ImageObject\",\"inLanguage\":\"es\",\"@id\":\"https:\/\/cursosalturas.com.co\/tienda\/#\/schema\/logo\/image\/\",\"url\":\"https:\/\/cursosalturas.com.co\/tienda\/wp-content\/uploads\/2025\/05\/cubik-logo-blanco.png\",\"contentUrl\":\"https:\/\/cursosalturas.com.co\/tienda\/wp-content\/uploads\/2025\/05\/cubik-logo-blanco.png\",\"width\":225,\"height\":64,\"caption\":\"Cubik\"},\"image\":{\"@id\":\"https:\/\/cursosalturas.com.co\/tienda\/#\/schema\/logo\/image\/\"}}]}<\/script>\n<!-- \/ Yoast SEO plugin. -->","yoast_head_json":{"title":"Arn\u00e9s 4 argollas en poliuretano con herraje en acero inoxidable Insafe - Cubik","description":"Arn\u00e9s de cuerpo entero dise\u00f1ado para entornos agresivos y alta exposici\u00f3n a corrosi\u00f3n. Marca INSAFE | Buen precio","robots":{"index":"index","follow":"follow","max-snippet":"max-snippet:-1","max-image-preview":"max-image-preview:large","max-video-preview":"max-video-preview:-1"},"canonical":"https:\/\/cursosalturas.com.co\/tienda\/producto\/arnes-4-argollas-en-poliuretano-con-herraje-en-acero-inoxidable-insafe\/","og_locale":"es_ES","og_type":"article","og_title":"Arn\u00e9s 4 argollas en poliuretano con herraje en acero inoxidable Insafe - Cubik","og_description":"Arn\u00e9s de cuerpo entero dise\u00f1ado para entornos agresivos y alta exposici\u00f3n a corrosi\u00f3n. Marca INSAFE | Buen precio","og_url":"https:\/\/cursosalturas.com.co\/tienda\/producto\/arnes-4-argollas-en-poliuretano-con-herraje-en-acero-inoxidable-insafe\/","og_site_name":"Cubik","article_modified_time":"2025-10-14T16:51:57+00:00","og_image":[{"width":850,"height":785,"url":"https:\/\/cursosalturas.com.co\/tienda\/wp-content\/uploads\/2025\/05\/image-tool-lambda.webp","type":"image\/webp"}],"twitter_card":"summary_large_image","twitter_misc":{"Tiempo de lectura":"1 minuto"},"schema":{"@context":"https:\/\/schema.org","@graph":[{"@type":"WebPage","@id":"https:\/\/cursosalturas.com.co\/tienda\/producto\/arnes-4-argollas-en-poliuretano-con-herraje-en-acero-inoxidable-insafe\/","url":"https:\/\/cursosalturas.com.co\/tienda\/producto\/arnes-4-argollas-en-poliuretano-con-herraje-en-acero-inoxidable-insafe\/","name":"Arn\u00e9s 4 argollas en poliuretano con herraje en acero inoxidable Insafe - Cubik","isPartOf":{"@id":"https:\/\/cursosalturas.com.co\/tienda\/#website"},"primaryImageOfPage":{"@id":"https:\/\/cursosalturas.com.co\/tienda\/producto\/arnes-4-argollas-en-poliuretano-con-herraje-en-acero-inoxidable-insafe\/#primaryimage"},"image":{"@id":"https:\/\/cursosalturas.com.co\/tienda\/producto\/arnes-4-argollas-en-poliuretano-con-herraje-en-acero-inoxidable-insafe\/#primaryimage"},"thumbnailUrl":"https:\/\/cursosalturas.com.co\/tienda\/wp-content\/uploads\/2025\/05\/image-tool-lambda.webp","datePublished":"2025-05-19T21:25:01+00:00","dateModified":"2025-10-14T16:51:57+00:00","description":"Arn\u00e9s de cuerpo entero dise\u00f1ado para entornos agresivos y alta exposici\u00f3n a corrosi\u00f3n. Marca INSAFE | Buen precio","breadcrumb":{"@id":"https:\/\/cursosalturas.com.co\/tienda\/producto\/arnes-4-argollas-en-poliuretano-con-herraje-en-acero-inoxidable-insafe\/#breadcrumb"},"inLanguage":"es","potentialAction":[{"@type":"ReadAction","target":["https:\/\/cursosalturas.com.co\/tienda\/producto\/arnes-4-argollas-en-poliuretano-con-herraje-en-acero-inoxidable-insafe\/"]}]},{"@type":"ImageObject","inLanguage":"es","@id":"https:\/\/cursosalturas.com.co\/tienda\/producto\/arnes-4-argollas-en-poliuretano-con-herraje-en-acero-inoxidable-insafe\/#primaryimage","url":"https:\/\/cursosalturas.com.co\/tienda\/wp-content\/uploads\/2025\/05\/image-tool-lambda.webp","contentUrl":"https:\/\/cursosalturas.com.co\/tienda\/wp-content\/uploads\/2025\/05\/image-tool-lambda.webp","width":850,"height":785,"caption":"arnes insafe in8004-p"},{"@type":"BreadcrumbList","@id":"https:\/\/cursosalturas.com.co\/tienda\/producto\/arnes-4-argollas-en-poliuretano-con-herraje-en-acero-inoxidable-insafe\/#breadcrumb","itemListElement":[{"@type":"ListItem","position":1,"name":"Portada","item":"https:\/\/cursosalturas.com.co\/tienda\/"},{"@type":"ListItem","position":2,"name":"Tienda","item":"https:\/\/cursosalturas.com.co\/tienda\/tienda\/"},{"@type":"ListItem","position":3,"name":"Arn\u00e9s 4 argollas en poliuretano con herraje en acero inoxidable Insafe"}]},{"@type":"WebSite","@id":"https:\/\/cursosalturas.com.co\/tienda\/#website","url":"https:\/\/cursosalturas.com.co\/tienda\/","name":"Cubik","description":"Cursos certificados y Protecci\u00f3n contra ca\u00eddas en Trabajo de Alturas","publisher":{"@id":"https:\/\/cursosalturas.com.co\/tienda\/#organization"},"potentialAction":[{"@type":"SearchAction","target":{"@type":"EntryPoint","urlTemplate":"https:\/\/cursosalturas.com.co\/tienda\/?s={search_term_string}"},"query-input":{"@type":"PropertyValueSpecification","valueRequired":true,"valueName":"search_term_string"}}],"inLanguage":"es"},{"@type":"Organization","@id":"https:\/\/cursosalturas.com.co\/tienda\/#organization","name":"Cubik","url":"https:\/\/cursosalturas.com.co\/tienda\/","logo":{"@type":"ImageObject","inLanguage":"es","@id":"https:\/\/cursosalturas.com.co\/tienda\/#\/schema\/logo\/image\/","url":"https:\/\/cursosalturas.com.co\/tienda\/wp-content\/uploads\/2025\/05\/cubik-logo-blanco.png","contentUrl":"https:\/\/cursosalturas.com.co\/tienda\/wp-content\/uploads\/2025\/05\/cubik-logo-blanco.png","width":225,"height":64,"caption":"Cubik"},"image":{"@id":"https:\/\/cursosalturas.com.co\/tienda\/#\/schema\/logo\/image\/"}}]}},"_links":{"self":[{"href":"https:\/\/cursosalturas.com.co\/tienda\/wp-json\/wp\/v2\/product\/8157","targetHints":{"allow":["GET"]}}],"collection":[{"href":"https:\/\/cursosalturas.com.co\/tienda\/wp-json\/wp\/v2\/product"}],"about":[{"href":"https:\/\/cursosalturas.com.co\/tienda\/wp-json\/wp\/v2\/types\/product"}],"replies":[{"embeddable":true,"href":"https:\/\/cursosalturas.com.co\/tienda\/wp-json\/wp\/v2\/comments?post=8157"}],"wp:featuredmedia":[{"embeddable":true,"href":"https:\/\/cursosalturas.com.co\/tienda\/wp-json\/wp\/v2\/media\/8153"}],"wp:attachment":[{"href":"https:\/\/cursosalturas.com.co\/tienda\/wp-json\/wp\/v2\/media?parent=8157"}],"wp:term":[{"taxonomy":"product_brand","embeddable":true,"href":"https:\/\/cursosalturas.com.co\/tienda\/wp-json\/wp\/v2\/product_brand?post=8157"},{"taxonomy":"product_cat","embeddable":true,"href":"https:\/\/cursosalturas.com.co\/tienda\/wp-json\/wp\/v2\/product_cat?post=8157"},{"taxonomy":"product_tag","embeddable":true,"href":"https:\/\/cursosalturas.com.co\/tienda\/wp-json\/wp\/v2\/product_tag?post=8157"}],"curies":[{"name":"wp","href":"https:\/\/api.w.org\/{rel}","templated":true}]}}