{"id":8418,"date":"2025-09-22T17:00:21","date_gmt":"2025-09-22T17:00:21","guid":{"rendered":"https:\/\/cursosalturas.com.co\/tienda\/?post_type=product&#038;p=8418"},"modified":"2025-09-22T17:00:21","modified_gmt":"2025-09-22T17:00:21","slug":"arnes-7-argollas-dielectrico-y-soporte-lumbar-insafe","status":"publish","type":"product","link":"https:\/\/cursosalturas.com.co\/tienda\/producto\/arnes-7-argollas-dielectrico-y-soporte-lumbar-insafe\/","title":{"rendered":"ARN\u00c9S 7 ARGOLLAS DIEL\u00c9CTRICO Y SOPORTE LUMBAR  Insafe"},"content":{"rendered":"<p>Este es un arn\u00e9s en H con materiales de alta calidad, acolchado y con hebillas diel\u00e9ctricas de r\u00e1pido ajuste, dise\u00f1ado para operaciones en espacios confinados y trabajos en l\u00edneas el\u00e9ctricas.<\/p>\n<p>Cuenta con todas sus argollas en \u201cD\u201d dos argollas laterales en para que los trabajadores se posicionen, una argolla dorsal para la detenci\u00f3n de ca\u00eddas, una argolla frontal para el ascenso y descenso controlado, una argolla p\u00e9lvica para el rescate y dos argollas en los hombros para operaciones en espacios confinados. Adicionalmente, cuenta con hebillas de ajuste r\u00e1pido y soporte lumbar con un dise\u00f1o ergon\u00f3mico, asegurando la comodidad del usuario y minimizando las malas posturas al momento de trabajar.<\/p>\n<h2>Certificaci\u00f3n:<\/h2>\n<p>ANSI Z359.1 ANSI Z359.12 CSA Z259.12 ANSI\/ASSP Z359.11\u20132021<\/p>\n<h3>marca:<\/h3>\n<p>INSAFE<\/p>\n<p>&nbsp;<\/p>\n","protected":false},"excerpt":{"rendered":"<p>Arn\u00e9s en H diel\u00e9ctrico en reata poli\u00e9ster. M\u00e1xima seguridad y confort para rescate en alturas y espacios confinados con soporte lumbar ergon\u00f3mico<\/p>\n","protected":false},"featured_media":8422,"comment_status":"closed","ping_status":"closed","template":"","meta":[],"product_brand":[],"product_cat":[49],"product_tag":[],"class_list":{"0":"post-8418","1":"product","2":"type-product","3":"status-publish","4":"has-post-thumbnail","6":"product_cat-arneses-para-suspension-y-rescate","8":"first","9":"instock","10":"taxable","11":"shipping-taxable","12":"purchasable","13":"product-type-simple"},"yoast_head":"<!-- This site is optimized with the Yoast SEO plugin v25.3 - https:\/\/yoast.com\/wordpress\/plugins\/seo\/ -->\n<title>Arnes 7 argollas diel\u00e9ctrico y soporte lumbar | buen precio<\/title>\n<meta name=\"description\" content=\"Arn\u00e9s en H diel\u00e9ctrico en reata poli\u00e9ster. M\u00e1xima seguridad y confort para rescate en alturas y espacios confinados con soporte lumbar ergon\u00f3mico\" \/>\n<meta name=\"robots\" content=\"index, follow, max-snippet:-1, max-image-preview:large, max-video-preview:-1\" \/>\n<link rel=\"canonical\" href=\"https:\/\/cursosalturas.com.co\/tienda\/producto\/arnes-7-argollas-dielectrico-y-soporte-lumbar-insafe\/\" \/>\n<meta property=\"og:locale\" content=\"es_ES\" \/>\n<meta property=\"og:type\" content=\"article\" \/>\n<meta property=\"og:title\" content=\"Arnes 7 argollas diel\u00e9ctrico y soporte lumbar | buen precio\" \/>\n<meta property=\"og:description\" content=\"Arn\u00e9s en H diel\u00e9ctrico en reata poli\u00e9ster. M\u00e1xima seguridad y confort para rescate en alturas y espacios confinados con soporte lumbar ergon\u00f3mico\" \/>\n<meta property=\"og:url\" content=\"https:\/\/cursosalturas.com.co\/tienda\/producto\/arnes-7-argollas-dielectrico-y-soporte-lumbar-insafe\/\" \/>\n<meta property=\"og:site_name\" content=\"Cubik\" \/>\n<meta property=\"og:image\" content=\"https:\/\/cursosalturas.com.co\/tienda\/wp-content\/uploads\/2025\/09\/imagen-arnes-dielectrico-1.png\" \/>\n\t<meta property=\"og:image:width\" content=\"458\" \/>\n\t<meta property=\"og:image:height\" content=\"409\" \/>\n\t<meta property=\"og:image:type\" content=\"image\/png\" \/>\n<meta name=\"twitter:card\" content=\"summary_large_image\" \/>\n<meta name=\"twitter:label1\" content=\"Tiempo de lectura\" \/>\n\t<meta name=\"twitter:data1\" content=\"1 minuto\" \/>\n<script type=\"application\/ld+json\" class=\"yoast-schema-graph\">{\"@context\":\"https:\/\/schema.org\",\"@graph\":[{\"@type\":\"WebPage\",\"@id\":\"https:\/\/cursosalturas.com.co\/tienda\/producto\/arnes-7-argollas-dielectrico-y-soporte-lumbar-insafe\/\",\"url\":\"https:\/\/cursosalturas.com.co\/tienda\/producto\/arnes-7-argollas-dielectrico-y-soporte-lumbar-insafe\/\",\"name\":\"Arnes 7 argollas diel\u00e9ctrico y soporte lumbar | buen precio\",\"isPartOf\":{\"@id\":\"https:\/\/cursosalturas.com.co\/tienda\/#website\"},\"primaryImageOfPage\":{\"@id\":\"https:\/\/cursosalturas.com.co\/tienda\/producto\/arnes-7-argollas-dielectrico-y-soporte-lumbar-insafe\/#primaryimage\"},\"image\":{\"@id\":\"https:\/\/cursosalturas.com.co\/tienda\/producto\/arnes-7-argollas-dielectrico-y-soporte-lumbar-insafe\/#primaryimage\"},\"thumbnailUrl\":\"https:\/\/cursosalturas.com.co\/tienda\/wp-content\/uploads\/2025\/09\/imagen-arnes-dielectrico-1.png\",\"datePublished\":\"2025-09-22T17:00:21+00:00\",\"description\":\"Arn\u00e9s en H diel\u00e9ctrico en reata poli\u00e9ster. M\u00e1xima seguridad y confort para rescate en alturas y espacios confinados con soporte lumbar ergon\u00f3mico\",\"breadcrumb\":{\"@id\":\"https:\/\/cursosalturas.com.co\/tienda\/producto\/arnes-7-argollas-dielectrico-y-soporte-lumbar-insafe\/#breadcrumb\"},\"inLanguage\":\"es\",\"potentialAction\":[{\"@type\":\"ReadAction\",\"target\":[\"https:\/\/cursosalturas.com.co\/tienda\/producto\/arnes-7-argollas-dielectrico-y-soporte-lumbar-insafe\/\"]}]},{\"@type\":\"ImageObject\",\"inLanguage\":\"es\",\"@id\":\"https:\/\/cursosalturas.com.co\/tienda\/producto\/arnes-7-argollas-dielectrico-y-soporte-lumbar-insafe\/#primaryimage\",\"url\":\"https:\/\/cursosalturas.com.co\/tienda\/wp-content\/uploads\/2025\/09\/imagen-arnes-dielectrico-1.png\",\"contentUrl\":\"https:\/\/cursosalturas.com.co\/tienda\/wp-content\/uploads\/2025\/09\/imagen-arnes-dielectrico-1.png\",\"width\":458,\"height\":409,\"caption\":\"Arnes dielectrico de rescate\"},{\"@type\":\"BreadcrumbList\",\"@id\":\"https:\/\/cursosalturas.com.co\/tienda\/producto\/arnes-7-argollas-dielectrico-y-soporte-lumbar-insafe\/#breadcrumb\",\"itemListElement\":[{\"@type\":\"ListItem\",\"position\":1,\"name\":\"Portada\",\"item\":\"https:\/\/cursosalturas.com.co\/tienda\/\"},{\"@type\":\"ListItem\",\"position\":2,\"name\":\"Tienda\",\"item\":\"https:\/\/cursosalturas.com.co\/tienda\/tienda\/\"},{\"@type\":\"ListItem\",\"position\":3,\"name\":\"ARN\u00c9S 7 ARGOLLAS DIEL\u00c9CTRICO Y SOPORTE LUMBAR Insafe\"}]},{\"@type\":\"WebSite\",\"@id\":\"https:\/\/cursosalturas.com.co\/tienda\/#website\",\"url\":\"https:\/\/cursosalturas.com.co\/tienda\/\",\"name\":\"Cubik\",\"description\":\"Cursos certificados y Protecci\u00f3n contra ca\u00eddas en Trabajo de Alturas\",\"publisher\":{\"@id\":\"https:\/\/cursosalturas.com.co\/tienda\/#organization\"},\"potentialAction\":[{\"@type\":\"SearchAction\",\"target\":{\"@type\":\"EntryPoint\",\"urlTemplate\":\"https:\/\/cursosalturas.com.co\/tienda\/?s={search_term_string}\"},\"query-input\":{\"@type\":\"PropertyValueSpecification\",\"valueRequired\":true,\"valueName\":\"search_term_string\"}}],\"inLanguage\":\"es\"},{\"@type\":\"Organization\",\"@id\":\"https:\/\/cursosalturas.com.co\/tienda\/#organization\",\"name\":\"Cubik\",\"url\":\"https:\/\/cursosalturas.com.co\/tienda\/\",\"logo\":{\"@type\":\"ImageObject\",\"inLanguage\":\"es\",\"@id\":\"https:\/\/cursosalturas.com.co\/tienda\/#\/schema\/logo\/image\/\",\"url\":\"https:\/\/cursosalturas.com.co\/tienda\/wp-content\/uploads\/2025\/05\/cubik-logo-blanco.png\",\"contentUrl\":\"https:\/\/cursosalturas.com.co\/tienda\/wp-content\/uploads\/2025\/05\/cubik-logo-blanco.png\",\"width\":225,\"height\":64,\"caption\":\"Cubik\"},\"image\":{\"@id\":\"https:\/\/cursosalturas.com.co\/tienda\/#\/schema\/logo\/image\/\"}}]}<\/script>\n<!-- \/ Yoast SEO plugin. -->","yoast_head_json":{"title":"Arnes 7 argollas diel\u00e9ctrico y soporte lumbar | buen precio","description":"Arn\u00e9s en H diel\u00e9ctrico en reata poli\u00e9ster. M\u00e1xima seguridad y confort para rescate en alturas y espacios confinados con soporte lumbar ergon\u00f3mico","robots":{"index":"index","follow":"follow","max-snippet":"max-snippet:-1","max-image-preview":"max-image-preview:large","max-video-preview":"max-video-preview:-1"},"canonical":"https:\/\/cursosalturas.com.co\/tienda\/producto\/arnes-7-argollas-dielectrico-y-soporte-lumbar-insafe\/","og_locale":"es_ES","og_type":"article","og_title":"Arnes 7 argollas diel\u00e9ctrico y soporte lumbar | buen precio","og_description":"Arn\u00e9s en H diel\u00e9ctrico en reata poli\u00e9ster. M\u00e1xima seguridad y confort para rescate en alturas y espacios confinados con soporte lumbar ergon\u00f3mico","og_url":"https:\/\/cursosalturas.com.co\/tienda\/producto\/arnes-7-argollas-dielectrico-y-soporte-lumbar-insafe\/","og_site_name":"Cubik","og_image":[{"width":458,"height":409,"url":"https:\/\/cursosalturas.com.co\/tienda\/wp-content\/uploads\/2025\/09\/imagen-arnes-dielectrico-1.png","type":"image\/png"}],"twitter_card":"summary_large_image","twitter_misc":{"Tiempo de lectura":"1 minuto"},"schema":{"@context":"https:\/\/schema.org","@graph":[{"@type":"WebPage","@id":"https:\/\/cursosalturas.com.co\/tienda\/producto\/arnes-7-argollas-dielectrico-y-soporte-lumbar-insafe\/","url":"https:\/\/cursosalturas.com.co\/tienda\/producto\/arnes-7-argollas-dielectrico-y-soporte-lumbar-insafe\/","name":"Arnes 7 argollas diel\u00e9ctrico y soporte lumbar | buen precio","isPartOf":{"@id":"https:\/\/cursosalturas.com.co\/tienda\/#website"},"primaryImageOfPage":{"@id":"https:\/\/cursosalturas.com.co\/tienda\/producto\/arnes-7-argollas-dielectrico-y-soporte-lumbar-insafe\/#primaryimage"},"image":{"@id":"https:\/\/cursosalturas.com.co\/tienda\/producto\/arnes-7-argollas-dielectrico-y-soporte-lumbar-insafe\/#primaryimage"},"thumbnailUrl":"https:\/\/cursosalturas.com.co\/tienda\/wp-content\/uploads\/2025\/09\/imagen-arnes-dielectrico-1.png","datePublished":"2025-09-22T17:00:21+00:00","description":"Arn\u00e9s en H diel\u00e9ctrico en reata poli\u00e9ster. M\u00e1xima seguridad y confort para rescate en alturas y espacios confinados con soporte lumbar ergon\u00f3mico","breadcrumb":{"@id":"https:\/\/cursosalturas.com.co\/tienda\/producto\/arnes-7-argollas-dielectrico-y-soporte-lumbar-insafe\/#breadcrumb"},"inLanguage":"es","potentialAction":[{"@type":"ReadAction","target":["https:\/\/cursosalturas.com.co\/tienda\/producto\/arnes-7-argollas-dielectrico-y-soporte-lumbar-insafe\/"]}]},{"@type":"ImageObject","inLanguage":"es","@id":"https:\/\/cursosalturas.com.co\/tienda\/producto\/arnes-7-argollas-dielectrico-y-soporte-lumbar-insafe\/#primaryimage","url":"https:\/\/cursosalturas.com.co\/tienda\/wp-content\/uploads\/2025\/09\/imagen-arnes-dielectrico-1.png","contentUrl":"https:\/\/cursosalturas.com.co\/tienda\/wp-content\/uploads\/2025\/09\/imagen-arnes-dielectrico-1.png","width":458,"height":409,"caption":"Arnes dielectrico de rescate"},{"@type":"BreadcrumbList","@id":"https:\/\/cursosalturas.com.co\/tienda\/producto\/arnes-7-argollas-dielectrico-y-soporte-lumbar-insafe\/#breadcrumb","itemListElement":[{"@type":"ListItem","position":1,"name":"Portada","item":"https:\/\/cursosalturas.com.co\/tienda\/"},{"@type":"ListItem","position":2,"name":"Tienda","item":"https:\/\/cursosalturas.com.co\/tienda\/tienda\/"},{"@type":"ListItem","position":3,"name":"ARN\u00c9S 7 ARGOLLAS DIEL\u00c9CTRICO Y SOPORTE LUMBAR Insafe"}]},{"@type":"WebSite","@id":"https:\/\/cursosalturas.com.co\/tienda\/#website","url":"https:\/\/cursosalturas.com.co\/tienda\/","name":"Cubik","description":"Cursos certificados y Protecci\u00f3n contra ca\u00eddas en Trabajo de Alturas","publisher":{"@id":"https:\/\/cursosalturas.com.co\/tienda\/#organization"},"potentialAction":[{"@type":"SearchAction","target":{"@type":"EntryPoint","urlTemplate":"https:\/\/cursosalturas.com.co\/tienda\/?s={search_term_string}"},"query-input":{"@type":"PropertyValueSpecification","valueRequired":true,"valueName":"search_term_string"}}],"inLanguage":"es"},{"@type":"Organization","@id":"https:\/\/cursosalturas.com.co\/tienda\/#organization","name":"Cubik","url":"https:\/\/cursosalturas.com.co\/tienda\/","logo":{"@type":"ImageObject","inLanguage":"es","@id":"https:\/\/cursosalturas.com.co\/tienda\/#\/schema\/logo\/image\/","url":"https:\/\/cursosalturas.com.co\/tienda\/wp-content\/uploads\/2025\/05\/cubik-logo-blanco.png","contentUrl":"https:\/\/cursosalturas.com.co\/tienda\/wp-content\/uploads\/2025\/05\/cubik-logo-blanco.png","width":225,"height":64,"caption":"Cubik"},"image":{"@id":"https:\/\/cursosalturas.com.co\/tienda\/#\/schema\/logo\/image\/"}}]}},"_links":{"self":[{"href":"https:\/\/cursosalturas.com.co\/tienda\/wp-json\/wp\/v2\/product\/8418","targetHints":{"allow":["GET"]}}],"collection":[{"href":"https:\/\/cursosalturas.com.co\/tienda\/wp-json\/wp\/v2\/product"}],"about":[{"href":"https:\/\/cursosalturas.com.co\/tienda\/wp-json\/wp\/v2\/types\/product"}],"replies":[{"embeddable":true,"href":"https:\/\/cursosalturas.com.co\/tienda\/wp-json\/wp\/v2\/comments?post=8418"}],"wp:featuredmedia":[{"embeddable":true,"href":"https:\/\/cursosalturas.com.co\/tienda\/wp-json\/wp\/v2\/media\/8422"}],"wp:attachment":[{"href":"https:\/\/cursosalturas.com.co\/tienda\/wp-json\/wp\/v2\/media?parent=8418"}],"wp:term":[{"taxonomy":"product_brand","embeddable":true,"href":"https:\/\/cursosalturas.com.co\/tienda\/wp-json\/wp\/v2\/product_brand?post=8418"},{"taxonomy":"product_cat","embeddable":true,"href":"https:\/\/cursosalturas.com.co\/tienda\/wp-json\/wp\/v2\/product_cat?post=8418"},{"taxonomy":"product_tag","embeddable":true,"href":"https:\/\/cursosalturas.com.co\/tienda\/wp-json\/wp\/v2\/product_tag?post=8418"}],"curies":[{"name":"wp","href":"https:\/\/api.w.org\/{rel}","templated":true}]}}