{"id":8420,"date":"2025-09-22T16:04:52","date_gmt":"2025-09-22T16:04:52","guid":{"rendered":"https:\/\/cursosalturas.com.co\/tienda\/?post_type=product&#038;p=8420"},"modified":"2025-09-22T16:04:53","modified_gmt":"2025-09-22T16:04:53","slug":"arnes-cuerpo-completo-para-rescate-en-x-dielectrico-con-7-puntos","status":"publish","type":"product","link":"https:\/\/cursosalturas.com.co\/tienda\/producto\/arnes-cuerpo-completo-para-rescate-en-x-dielectrico-con-7-puntos\/","title":{"rendered":"ARN\u00c9S CUERPO COMPLETO PARA RESCATE EN X DIELECTRICO CON 7 PUNTOS"},"content":{"rendered":"<p>Este arn\u00e9s es ideal para rescate en alturas y espacios confinados, se trata de un arn\u00e9s diel\u00e9ctrico en x con 7 puntos de anclaje.<\/p>\n<p>Cuenta con soporte lumbar acolchado, sus perneras tambi\u00e9n son c\u00f3modas ya que tienen un material acolchado que es suave al tacto para tener mayor comodidad cuando los trabajadores est\u00e1n en suspensi\u00f3n.<\/p>\n<h2>Certificaci\u00f3n<\/h2>\n<p>ANSI Z 359.1 &#8211; 2007 &#8211; ANSI: A 10.32 &#8211; 2012.<\/p>\n<h3>Marca Insafe<\/h3>\n","protected":false},"excerpt":{"rendered":"<p>Este arn\u00e9s es ideal para rescate en alturas y espacios confinados, se trata de un arn\u00e9s diel\u00e9ctrico en x con 7 puntos de anclaje. Un arnes cuya relaci\u00f3n calidad precio es muy buena.<\/p>\n<p>Marca Insafe<\/p>\n<p>&nbsp;<\/p>\n","protected":false},"featured_media":8422,"comment_status":"closed","ping_status":"closed","template":"","meta":[],"product_brand":[],"product_cat":[70],"product_tag":[],"class_list":{"0":"post-8420","1":"product","2":"type-product","3":"status-publish","4":"has-post-thumbnail","6":"product_cat-arnes-dielectrico","8":"first","9":"instock","10":"taxable","11":"shipping-taxable","12":"product-type-simple"},"yoast_head":"<!-- This site is optimized with the Yoast SEO plugin v25.3 - https:\/\/yoast.com\/wordpress\/plugins\/seo\/ -->\n<title>Arnes de Rescate Dielectrico | Buen precio<\/title>\n<meta name=\"description\" content=\"Arnes de cuerpo completo para rescate en x dielectrico con 7 puntos, a un precio increible, mira la publicaci\u00f3n completa --&gt;\" \/>\n<meta name=\"robots\" content=\"index, follow, max-snippet:-1, max-image-preview:large, max-video-preview:-1\" \/>\n<link rel=\"canonical\" href=\"https:\/\/cursosalturas.com.co\/tienda\/producto\/arnes-cuerpo-completo-para-rescate-en-x-dielectrico-con-7-puntos\/\" \/>\n<meta property=\"og:locale\" content=\"es_ES\" \/>\n<meta property=\"og:type\" content=\"article\" \/>\n<meta property=\"og:title\" content=\"Arnes de Rescate Dielectrico | Buen precio\" \/>\n<meta property=\"og:description\" content=\"Arnes de cuerpo completo para rescate en x dielectrico con 7 puntos, a un precio increible, mira la publicaci\u00f3n completa --&gt;\" \/>\n<meta property=\"og:url\" content=\"https:\/\/cursosalturas.com.co\/tienda\/producto\/arnes-cuerpo-completo-para-rescate-en-x-dielectrico-con-7-puntos\/\" \/>\n<meta property=\"og:site_name\" content=\"Cubik\" \/>\n<meta property=\"article:modified_time\" content=\"2025-09-22T16:04:53+00:00\" \/>\n<meta property=\"og:image\" content=\"https:\/\/cursosalturas.com.co\/tienda\/wp-content\/uploads\/2025\/09\/imagen-arnes-dielectrico-1.png\" \/>\n\t<meta property=\"og:image:width\" content=\"458\" \/>\n\t<meta property=\"og:image:height\" content=\"409\" \/>\n\t<meta property=\"og:image:type\" content=\"image\/png\" \/>\n<meta name=\"twitter:card\" content=\"summary_large_image\" \/>\n<meta name=\"twitter:label1\" content=\"Tiempo de lectura\" \/>\n\t<meta name=\"twitter:data1\" content=\"1 minuto\" \/>\n<script type=\"application\/ld+json\" class=\"yoast-schema-graph\">{\"@context\":\"https:\/\/schema.org\",\"@graph\":[{\"@type\":\"WebPage\",\"@id\":\"https:\/\/cursosalturas.com.co\/tienda\/producto\/arnes-cuerpo-completo-para-rescate-en-x-dielectrico-con-7-puntos\/\",\"url\":\"https:\/\/cursosalturas.com.co\/tienda\/producto\/arnes-cuerpo-completo-para-rescate-en-x-dielectrico-con-7-puntos\/\",\"name\":\"Arnes de Rescate Dielectrico | Buen precio\",\"isPartOf\":{\"@id\":\"https:\/\/cursosalturas.com.co\/tienda\/#website\"},\"primaryImageOfPage\":{\"@id\":\"https:\/\/cursosalturas.com.co\/tienda\/producto\/arnes-cuerpo-completo-para-rescate-en-x-dielectrico-con-7-puntos\/#primaryimage\"},\"image\":{\"@id\":\"https:\/\/cursosalturas.com.co\/tienda\/producto\/arnes-cuerpo-completo-para-rescate-en-x-dielectrico-con-7-puntos\/#primaryimage\"},\"thumbnailUrl\":\"https:\/\/cursosalturas.com.co\/tienda\/wp-content\/uploads\/2025\/09\/imagen-arnes-dielectrico-1.png\",\"datePublished\":\"2025-09-22T16:04:52+00:00\",\"dateModified\":\"2025-09-22T16:04:53+00:00\",\"description\":\"Arnes de cuerpo completo para rescate en x dielectrico con 7 puntos, a un precio increible, mira la publicaci\u00f3n completa -->\",\"breadcrumb\":{\"@id\":\"https:\/\/cursosalturas.com.co\/tienda\/producto\/arnes-cuerpo-completo-para-rescate-en-x-dielectrico-con-7-puntos\/#breadcrumb\"},\"inLanguage\":\"es\",\"potentialAction\":[{\"@type\":\"ReadAction\",\"target\":[\"https:\/\/cursosalturas.com.co\/tienda\/producto\/arnes-cuerpo-completo-para-rescate-en-x-dielectrico-con-7-puntos\/\"]}]},{\"@type\":\"ImageObject\",\"inLanguage\":\"es\",\"@id\":\"https:\/\/cursosalturas.com.co\/tienda\/producto\/arnes-cuerpo-completo-para-rescate-en-x-dielectrico-con-7-puntos\/#primaryimage\",\"url\":\"https:\/\/cursosalturas.com.co\/tienda\/wp-content\/uploads\/2025\/09\/imagen-arnes-dielectrico-1.png\",\"contentUrl\":\"https:\/\/cursosalturas.com.co\/tienda\/wp-content\/uploads\/2025\/09\/imagen-arnes-dielectrico-1.png\",\"width\":458,\"height\":409,\"caption\":\"Arnes dielectrico de rescate\"},{\"@type\":\"BreadcrumbList\",\"@id\":\"https:\/\/cursosalturas.com.co\/tienda\/producto\/arnes-cuerpo-completo-para-rescate-en-x-dielectrico-con-7-puntos\/#breadcrumb\",\"itemListElement\":[{\"@type\":\"ListItem\",\"position\":1,\"name\":\"Portada\",\"item\":\"https:\/\/cursosalturas.com.co\/tienda\/\"},{\"@type\":\"ListItem\",\"position\":2,\"name\":\"Tienda\",\"item\":\"https:\/\/cursosalturas.com.co\/tienda\/tienda\/\"},{\"@type\":\"ListItem\",\"position\":3,\"name\":\"ARN\u00c9S CUERPO COMPLETO PARA RESCATE EN X DIELECTRICO CON 7 PUNTOS\"}]},{\"@type\":\"WebSite\",\"@id\":\"https:\/\/cursosalturas.com.co\/tienda\/#website\",\"url\":\"https:\/\/cursosalturas.com.co\/tienda\/\",\"name\":\"Cubik\",\"description\":\"Cursos certificados y Protecci\u00f3n contra ca\u00eddas en Trabajo de Alturas\",\"publisher\":{\"@id\":\"https:\/\/cursosalturas.com.co\/tienda\/#organization\"},\"potentialAction\":[{\"@type\":\"SearchAction\",\"target\":{\"@type\":\"EntryPoint\",\"urlTemplate\":\"https:\/\/cursosalturas.com.co\/tienda\/?s={search_term_string}\"},\"query-input\":{\"@type\":\"PropertyValueSpecification\",\"valueRequired\":true,\"valueName\":\"search_term_string\"}}],\"inLanguage\":\"es\"},{\"@type\":\"Organization\",\"@id\":\"https:\/\/cursosalturas.com.co\/tienda\/#organization\",\"name\":\"Cubik\",\"url\":\"https:\/\/cursosalturas.com.co\/tienda\/\",\"logo\":{\"@type\":\"ImageObject\",\"inLanguage\":\"es\",\"@id\":\"https:\/\/cursosalturas.com.co\/tienda\/#\/schema\/logo\/image\/\",\"url\":\"https:\/\/cursosalturas.com.co\/tienda\/wp-content\/uploads\/2025\/05\/cubik-logo-blanco.png\",\"contentUrl\":\"https:\/\/cursosalturas.com.co\/tienda\/wp-content\/uploads\/2025\/05\/cubik-logo-blanco.png\",\"width\":225,\"height\":64,\"caption\":\"Cubik\"},\"image\":{\"@id\":\"https:\/\/cursosalturas.com.co\/tienda\/#\/schema\/logo\/image\/\"}}]}<\/script>\n<!-- \/ Yoast SEO plugin. -->","yoast_head_json":{"title":"Arnes de Rescate Dielectrico | Buen precio","description":"Arnes de cuerpo completo para rescate en x dielectrico con 7 puntos, a un precio increible, mira la publicaci\u00f3n completa -->","robots":{"index":"index","follow":"follow","max-snippet":"max-snippet:-1","max-image-preview":"max-image-preview:large","max-video-preview":"max-video-preview:-1"},"canonical":"https:\/\/cursosalturas.com.co\/tienda\/producto\/arnes-cuerpo-completo-para-rescate-en-x-dielectrico-con-7-puntos\/","og_locale":"es_ES","og_type":"article","og_title":"Arnes de Rescate Dielectrico | Buen precio","og_description":"Arnes de cuerpo completo para rescate en x dielectrico con 7 puntos, a un precio increible, mira la publicaci\u00f3n completa -->","og_url":"https:\/\/cursosalturas.com.co\/tienda\/producto\/arnes-cuerpo-completo-para-rescate-en-x-dielectrico-con-7-puntos\/","og_site_name":"Cubik","article_modified_time":"2025-09-22T16:04:53+00:00","og_image":[{"width":458,"height":409,"url":"https:\/\/cursosalturas.com.co\/tienda\/wp-content\/uploads\/2025\/09\/imagen-arnes-dielectrico-1.png","type":"image\/png"}],"twitter_card":"summary_large_image","twitter_misc":{"Tiempo de lectura":"1 minuto"},"schema":{"@context":"https:\/\/schema.org","@graph":[{"@type":"WebPage","@id":"https:\/\/cursosalturas.com.co\/tienda\/producto\/arnes-cuerpo-completo-para-rescate-en-x-dielectrico-con-7-puntos\/","url":"https:\/\/cursosalturas.com.co\/tienda\/producto\/arnes-cuerpo-completo-para-rescate-en-x-dielectrico-con-7-puntos\/","name":"Arnes de Rescate Dielectrico | Buen precio","isPartOf":{"@id":"https:\/\/cursosalturas.com.co\/tienda\/#website"},"primaryImageOfPage":{"@id":"https:\/\/cursosalturas.com.co\/tienda\/producto\/arnes-cuerpo-completo-para-rescate-en-x-dielectrico-con-7-puntos\/#primaryimage"},"image":{"@id":"https:\/\/cursosalturas.com.co\/tienda\/producto\/arnes-cuerpo-completo-para-rescate-en-x-dielectrico-con-7-puntos\/#primaryimage"},"thumbnailUrl":"https:\/\/cursosalturas.com.co\/tienda\/wp-content\/uploads\/2025\/09\/imagen-arnes-dielectrico-1.png","datePublished":"2025-09-22T16:04:52+00:00","dateModified":"2025-09-22T16:04:53+00:00","description":"Arnes de cuerpo completo para rescate en x dielectrico con 7 puntos, a un precio increible, mira la publicaci\u00f3n completa -->","breadcrumb":{"@id":"https:\/\/cursosalturas.com.co\/tienda\/producto\/arnes-cuerpo-completo-para-rescate-en-x-dielectrico-con-7-puntos\/#breadcrumb"},"inLanguage":"es","potentialAction":[{"@type":"ReadAction","target":["https:\/\/cursosalturas.com.co\/tienda\/producto\/arnes-cuerpo-completo-para-rescate-en-x-dielectrico-con-7-puntos\/"]}]},{"@type":"ImageObject","inLanguage":"es","@id":"https:\/\/cursosalturas.com.co\/tienda\/producto\/arnes-cuerpo-completo-para-rescate-en-x-dielectrico-con-7-puntos\/#primaryimage","url":"https:\/\/cursosalturas.com.co\/tienda\/wp-content\/uploads\/2025\/09\/imagen-arnes-dielectrico-1.png","contentUrl":"https:\/\/cursosalturas.com.co\/tienda\/wp-content\/uploads\/2025\/09\/imagen-arnes-dielectrico-1.png","width":458,"height":409,"caption":"Arnes dielectrico de rescate"},{"@type":"BreadcrumbList","@id":"https:\/\/cursosalturas.com.co\/tienda\/producto\/arnes-cuerpo-completo-para-rescate-en-x-dielectrico-con-7-puntos\/#breadcrumb","itemListElement":[{"@type":"ListItem","position":1,"name":"Portada","item":"https:\/\/cursosalturas.com.co\/tienda\/"},{"@type":"ListItem","position":2,"name":"Tienda","item":"https:\/\/cursosalturas.com.co\/tienda\/tienda\/"},{"@type":"ListItem","position":3,"name":"ARN\u00c9S CUERPO COMPLETO PARA RESCATE EN X DIELECTRICO CON 7 PUNTOS"}]},{"@type":"WebSite","@id":"https:\/\/cursosalturas.com.co\/tienda\/#website","url":"https:\/\/cursosalturas.com.co\/tienda\/","name":"Cubik","description":"Cursos certificados y Protecci\u00f3n contra ca\u00eddas en Trabajo de Alturas","publisher":{"@id":"https:\/\/cursosalturas.com.co\/tienda\/#organization"},"potentialAction":[{"@type":"SearchAction","target":{"@type":"EntryPoint","urlTemplate":"https:\/\/cursosalturas.com.co\/tienda\/?s={search_term_string}"},"query-input":{"@type":"PropertyValueSpecification","valueRequired":true,"valueName":"search_term_string"}}],"inLanguage":"es"},{"@type":"Organization","@id":"https:\/\/cursosalturas.com.co\/tienda\/#organization","name":"Cubik","url":"https:\/\/cursosalturas.com.co\/tienda\/","logo":{"@type":"ImageObject","inLanguage":"es","@id":"https:\/\/cursosalturas.com.co\/tienda\/#\/schema\/logo\/image\/","url":"https:\/\/cursosalturas.com.co\/tienda\/wp-content\/uploads\/2025\/05\/cubik-logo-blanco.png","contentUrl":"https:\/\/cursosalturas.com.co\/tienda\/wp-content\/uploads\/2025\/05\/cubik-logo-blanco.png","width":225,"height":64,"caption":"Cubik"},"image":{"@id":"https:\/\/cursosalturas.com.co\/tienda\/#\/schema\/logo\/image\/"}}]}},"_links":{"self":[{"href":"https:\/\/cursosalturas.com.co\/tienda\/wp-json\/wp\/v2\/product\/8420","targetHints":{"allow":["GET"]}}],"collection":[{"href":"https:\/\/cursosalturas.com.co\/tienda\/wp-json\/wp\/v2\/product"}],"about":[{"href":"https:\/\/cursosalturas.com.co\/tienda\/wp-json\/wp\/v2\/types\/product"}],"replies":[{"embeddable":true,"href":"https:\/\/cursosalturas.com.co\/tienda\/wp-json\/wp\/v2\/comments?post=8420"}],"wp:featuredmedia":[{"embeddable":true,"href":"https:\/\/cursosalturas.com.co\/tienda\/wp-json\/wp\/v2\/media\/8422"}],"wp:attachment":[{"href":"https:\/\/cursosalturas.com.co\/tienda\/wp-json\/wp\/v2\/media?parent=8420"}],"wp:term":[{"taxonomy":"product_brand","embeddable":true,"href":"https:\/\/cursosalturas.com.co\/tienda\/wp-json\/wp\/v2\/product_brand?post=8420"},{"taxonomy":"product_cat","embeddable":true,"href":"https:\/\/cursosalturas.com.co\/tienda\/wp-json\/wp\/v2\/product_cat?post=8420"},{"taxonomy":"product_tag","embeddable":true,"href":"https:\/\/cursosalturas.com.co\/tienda\/wp-json\/wp\/v2\/product_tag?post=8420"}],"curies":[{"name":"wp","href":"https:\/\/api.w.org\/{rel}","templated":true}]}}