{"id":8429,"date":"2025-09-22T18:03:04","date_gmt":"2025-09-22T18:03:04","guid":{"rendered":"https:\/\/cursosalturas.com.co\/tienda\/?post_type=product&#038;p=8429"},"modified":"2025-09-22T18:03:04","modified_gmt":"2025-09-22T18:03:04","slug":"arnes-confortable-en-x-con-5-puntos","status":"publish","type":"product","link":"https:\/\/cursosalturas.com.co\/tienda\/producto\/arnes-confortable-en-x-con-5-puntos\/","title":{"rendered":"ARN\u00c9S CONFORTABLE EN X CON 5 PUNTOS"},"content":{"rendered":"<p><em>Este es un arn\u00e9s confortable anti ca\u00eddas y est\u00e1 especialmente dise\u00f1ado para priorizar la seguridad y el confort de los trabajadores en alturas, adapt\u00e1ndose a las caracter\u00edsticas del posicionamiento de este trabajo <\/em><\/p>\n<p><em>Este cuenta con un cintur\u00f3n y perneras semirr\u00edgidos y anchos, lo cual es lo que le proporciona su incre\u00edble sujeci\u00f3n y una buena ventilaci\u00f3n. Este arn\u00e9s permite organizar todo el material de la jornada gracias a su cintur\u00f3n con puntos de enganche laterales, las hebillas autobloqueantes y las tabillas portaherramientas <\/em><\/p>\n<h2><em>Certificaci\u00f3n<\/em><\/h2>\n<p><em>\u00a0ANSI Z359.11, NFPA 1983 CLASSE III, CSA Z259.10, CE EN 361, CE EN 358, CE EN 813<\/em><\/p>\n<h3><em>Marca<\/em><\/h3>\n<p><i>PETZL<\/i><\/p>\n","protected":false},"excerpt":{"rendered":"<p>Este es un arn\u00e9s confortable anti ca\u00eddas y est\u00e1 especialmente dise\u00f1ado para priorizar la seguridad y el confort de los trabajadores en alturas, adapt\u00e1ndose a las caracter\u00edsticas del posicionamiento de este trabajo Este cuenta con un cintur\u00f3n y perneras semirr\u00edgidos y anchos, lo cual es lo que le proporciona su incre\u00edble sujeci\u00f3n y una buena [&hellip;]<\/p>\n","protected":false},"featured_media":8430,"comment_status":"closed","ping_status":"closed","template":"","meta":[],"product_brand":[],"product_cat":[48],"product_tag":[],"class_list":{"0":"post-8429","1":"product","2":"type-product","3":"status-publish","4":"has-post-thumbnail","6":"product_cat-arneses-multiproposito-para-trabajos-en-alturas-sin-faja-lumbar","8":"first","9":"instock","10":"taxable","11":"shipping-taxable","12":"purchasable","13":"product-type-simple"},"yoast_head":"<!-- This site is optimized with the Yoast SEO plugin v25.3 - https:\/\/yoast.com\/wordpress\/plugins\/seo\/ -->\n<title>ARN\u00c9S CONFORTABLE EN X CON 5 PUNTOS - Cubik<\/title>\n<meta name=\"description\" content=\"Arn\u00e9s antica\u00eddas confortable con cintur\u00f3n y perneras semirr\u00edgidos. Seguridad, ventilaci\u00f3n y sujeci\u00f3n en alturas con hebillas y portaherramientas.\" \/>\n<meta name=\"robots\" content=\"index, follow, max-snippet:-1, max-image-preview:large, max-video-preview:-1\" \/>\n<link rel=\"canonical\" href=\"https:\/\/cursosalturas.com.co\/tienda\/producto\/arnes-confortable-en-x-con-5-puntos\/\" \/>\n<meta property=\"og:locale\" content=\"es_ES\" \/>\n<meta property=\"og:type\" content=\"article\" \/>\n<meta property=\"og:title\" content=\"ARN\u00c9S CONFORTABLE EN X CON 5 PUNTOS - Cubik\" \/>\n<meta property=\"og:description\" content=\"Arn\u00e9s antica\u00eddas confortable con cintur\u00f3n y perneras semirr\u00edgidos. Seguridad, ventilaci\u00f3n y sujeci\u00f3n en alturas con hebillas y portaherramientas.\" \/>\n<meta property=\"og:url\" content=\"https:\/\/cursosalturas.com.co\/tienda\/producto\/arnes-confortable-en-x-con-5-puntos\/\" \/>\n<meta property=\"og:site_name\" content=\"Cubik\" \/>\n<meta property=\"og:image\" content=\"https:\/\/cursosalturas.com.co\/tienda\/wp-content\/uploads\/2025\/09\/principal.jpeg\" \/>\n\t<meta property=\"og:image:width\" content=\"618\" \/>\n\t<meta property=\"og:image:height\" content=\"1200\" \/>\n\t<meta property=\"og:image:type\" content=\"image\/jpeg\" \/>\n<meta name=\"twitter:card\" content=\"summary_large_image\" \/>\n<meta name=\"twitter:label1\" content=\"Tiempo de lectura\" \/>\n\t<meta name=\"twitter:data1\" content=\"1 minuto\" \/>\n<script type=\"application\/ld+json\" class=\"yoast-schema-graph\">{\"@context\":\"https:\/\/schema.org\",\"@graph\":[{\"@type\":\"WebPage\",\"@id\":\"https:\/\/cursosalturas.com.co\/tienda\/producto\/arnes-confortable-en-x-con-5-puntos\/\",\"url\":\"https:\/\/cursosalturas.com.co\/tienda\/producto\/arnes-confortable-en-x-con-5-puntos\/\",\"name\":\"ARN\u00c9S CONFORTABLE EN X CON 5 PUNTOS - Cubik\",\"isPartOf\":{\"@id\":\"https:\/\/cursosalturas.com.co\/tienda\/#website\"},\"primaryImageOfPage\":{\"@id\":\"https:\/\/cursosalturas.com.co\/tienda\/producto\/arnes-confortable-en-x-con-5-puntos\/#primaryimage\"},\"image\":{\"@id\":\"https:\/\/cursosalturas.com.co\/tienda\/producto\/arnes-confortable-en-x-con-5-puntos\/#primaryimage\"},\"thumbnailUrl\":\"https:\/\/cursosalturas.com.co\/tienda\/wp-content\/uploads\/2025\/09\/principal.jpeg\",\"datePublished\":\"2025-09-22T18:03:04+00:00\",\"description\":\"Arn\u00e9s antica\u00eddas confortable con cintur\u00f3n y perneras semirr\u00edgidos. Seguridad, ventilaci\u00f3n y sujeci\u00f3n en alturas con hebillas y portaherramientas.\",\"breadcrumb\":{\"@id\":\"https:\/\/cursosalturas.com.co\/tienda\/producto\/arnes-confortable-en-x-con-5-puntos\/#breadcrumb\"},\"inLanguage\":\"es\",\"potentialAction\":[{\"@type\":\"ReadAction\",\"target\":[\"https:\/\/cursosalturas.com.co\/tienda\/producto\/arnes-confortable-en-x-con-5-puntos\/\"]}]},{\"@type\":\"ImageObject\",\"inLanguage\":\"es\",\"@id\":\"https:\/\/cursosalturas.com.co\/tienda\/producto\/arnes-confortable-en-x-con-5-puntos\/#primaryimage\",\"url\":\"https:\/\/cursosalturas.com.co\/tienda\/wp-content\/uploads\/2025\/09\/principal.jpeg\",\"contentUrl\":\"https:\/\/cursosalturas.com.co\/tienda\/wp-content\/uploads\/2025\/09\/principal.jpeg\",\"width\":618,\"height\":1200},{\"@type\":\"BreadcrumbList\",\"@id\":\"https:\/\/cursosalturas.com.co\/tienda\/producto\/arnes-confortable-en-x-con-5-puntos\/#breadcrumb\",\"itemListElement\":[{\"@type\":\"ListItem\",\"position\":1,\"name\":\"Portada\",\"item\":\"https:\/\/cursosalturas.com.co\/tienda\/\"},{\"@type\":\"ListItem\",\"position\":2,\"name\":\"Tienda\",\"item\":\"https:\/\/cursosalturas.com.co\/tienda\/tienda\/\"},{\"@type\":\"ListItem\",\"position\":3,\"name\":\"ARN\u00c9S CONFORTABLE EN X CON 5 PUNTOS\"}]},{\"@type\":\"WebSite\",\"@id\":\"https:\/\/cursosalturas.com.co\/tienda\/#website\",\"url\":\"https:\/\/cursosalturas.com.co\/tienda\/\",\"name\":\"Cubik\",\"description\":\"Cursos certificados y Protecci\u00f3n contra ca\u00eddas en Trabajo de Alturas\",\"publisher\":{\"@id\":\"https:\/\/cursosalturas.com.co\/tienda\/#organization\"},\"potentialAction\":[{\"@type\":\"SearchAction\",\"target\":{\"@type\":\"EntryPoint\",\"urlTemplate\":\"https:\/\/cursosalturas.com.co\/tienda\/?s={search_term_string}\"},\"query-input\":{\"@type\":\"PropertyValueSpecification\",\"valueRequired\":true,\"valueName\":\"search_term_string\"}}],\"inLanguage\":\"es\"},{\"@type\":\"Organization\",\"@id\":\"https:\/\/cursosalturas.com.co\/tienda\/#organization\",\"name\":\"Cubik\",\"url\":\"https:\/\/cursosalturas.com.co\/tienda\/\",\"logo\":{\"@type\":\"ImageObject\",\"inLanguage\":\"es\",\"@id\":\"https:\/\/cursosalturas.com.co\/tienda\/#\/schema\/logo\/image\/\",\"url\":\"https:\/\/cursosalturas.com.co\/tienda\/wp-content\/uploads\/2025\/05\/cubik-logo-blanco.png\",\"contentUrl\":\"https:\/\/cursosalturas.com.co\/tienda\/wp-content\/uploads\/2025\/05\/cubik-logo-blanco.png\",\"width\":225,\"height\":64,\"caption\":\"Cubik\"},\"image\":{\"@id\":\"https:\/\/cursosalturas.com.co\/tienda\/#\/schema\/logo\/image\/\"}}]}<\/script>\n<!-- \/ Yoast SEO plugin. -->","yoast_head_json":{"title":"ARN\u00c9S CONFORTABLE EN X CON 5 PUNTOS - Cubik","description":"Arn\u00e9s antica\u00eddas confortable con cintur\u00f3n y perneras semirr\u00edgidos. Seguridad, ventilaci\u00f3n y sujeci\u00f3n en alturas con hebillas y portaherramientas.","robots":{"index":"index","follow":"follow","max-snippet":"max-snippet:-1","max-image-preview":"max-image-preview:large","max-video-preview":"max-video-preview:-1"},"canonical":"https:\/\/cursosalturas.com.co\/tienda\/producto\/arnes-confortable-en-x-con-5-puntos\/","og_locale":"es_ES","og_type":"article","og_title":"ARN\u00c9S CONFORTABLE EN X CON 5 PUNTOS - Cubik","og_description":"Arn\u00e9s antica\u00eddas confortable con cintur\u00f3n y perneras semirr\u00edgidos. Seguridad, ventilaci\u00f3n y sujeci\u00f3n en alturas con hebillas y portaherramientas.","og_url":"https:\/\/cursosalturas.com.co\/tienda\/producto\/arnes-confortable-en-x-con-5-puntos\/","og_site_name":"Cubik","og_image":[{"width":618,"height":1200,"url":"https:\/\/cursosalturas.com.co\/tienda\/wp-content\/uploads\/2025\/09\/principal.jpeg","type":"image\/jpeg"}],"twitter_card":"summary_large_image","twitter_misc":{"Tiempo de lectura":"1 minuto"},"schema":{"@context":"https:\/\/schema.org","@graph":[{"@type":"WebPage","@id":"https:\/\/cursosalturas.com.co\/tienda\/producto\/arnes-confortable-en-x-con-5-puntos\/","url":"https:\/\/cursosalturas.com.co\/tienda\/producto\/arnes-confortable-en-x-con-5-puntos\/","name":"ARN\u00c9S CONFORTABLE EN X CON 5 PUNTOS - Cubik","isPartOf":{"@id":"https:\/\/cursosalturas.com.co\/tienda\/#website"},"primaryImageOfPage":{"@id":"https:\/\/cursosalturas.com.co\/tienda\/producto\/arnes-confortable-en-x-con-5-puntos\/#primaryimage"},"image":{"@id":"https:\/\/cursosalturas.com.co\/tienda\/producto\/arnes-confortable-en-x-con-5-puntos\/#primaryimage"},"thumbnailUrl":"https:\/\/cursosalturas.com.co\/tienda\/wp-content\/uploads\/2025\/09\/principal.jpeg","datePublished":"2025-09-22T18:03:04+00:00","description":"Arn\u00e9s antica\u00eddas confortable con cintur\u00f3n y perneras semirr\u00edgidos. Seguridad, ventilaci\u00f3n y sujeci\u00f3n en alturas con hebillas y portaherramientas.","breadcrumb":{"@id":"https:\/\/cursosalturas.com.co\/tienda\/producto\/arnes-confortable-en-x-con-5-puntos\/#breadcrumb"},"inLanguage":"es","potentialAction":[{"@type":"ReadAction","target":["https:\/\/cursosalturas.com.co\/tienda\/producto\/arnes-confortable-en-x-con-5-puntos\/"]}]},{"@type":"ImageObject","inLanguage":"es","@id":"https:\/\/cursosalturas.com.co\/tienda\/producto\/arnes-confortable-en-x-con-5-puntos\/#primaryimage","url":"https:\/\/cursosalturas.com.co\/tienda\/wp-content\/uploads\/2025\/09\/principal.jpeg","contentUrl":"https:\/\/cursosalturas.com.co\/tienda\/wp-content\/uploads\/2025\/09\/principal.jpeg","width":618,"height":1200},{"@type":"BreadcrumbList","@id":"https:\/\/cursosalturas.com.co\/tienda\/producto\/arnes-confortable-en-x-con-5-puntos\/#breadcrumb","itemListElement":[{"@type":"ListItem","position":1,"name":"Portada","item":"https:\/\/cursosalturas.com.co\/tienda\/"},{"@type":"ListItem","position":2,"name":"Tienda","item":"https:\/\/cursosalturas.com.co\/tienda\/tienda\/"},{"@type":"ListItem","position":3,"name":"ARN\u00c9S CONFORTABLE EN X CON 5 PUNTOS"}]},{"@type":"WebSite","@id":"https:\/\/cursosalturas.com.co\/tienda\/#website","url":"https:\/\/cursosalturas.com.co\/tienda\/","name":"Cubik","description":"Cursos certificados y Protecci\u00f3n contra ca\u00eddas en Trabajo de Alturas","publisher":{"@id":"https:\/\/cursosalturas.com.co\/tienda\/#organization"},"potentialAction":[{"@type":"SearchAction","target":{"@type":"EntryPoint","urlTemplate":"https:\/\/cursosalturas.com.co\/tienda\/?s={search_term_string}"},"query-input":{"@type":"PropertyValueSpecification","valueRequired":true,"valueName":"search_term_string"}}],"inLanguage":"es"},{"@type":"Organization","@id":"https:\/\/cursosalturas.com.co\/tienda\/#organization","name":"Cubik","url":"https:\/\/cursosalturas.com.co\/tienda\/","logo":{"@type":"ImageObject","inLanguage":"es","@id":"https:\/\/cursosalturas.com.co\/tienda\/#\/schema\/logo\/image\/","url":"https:\/\/cursosalturas.com.co\/tienda\/wp-content\/uploads\/2025\/05\/cubik-logo-blanco.png","contentUrl":"https:\/\/cursosalturas.com.co\/tienda\/wp-content\/uploads\/2025\/05\/cubik-logo-blanco.png","width":225,"height":64,"caption":"Cubik"},"image":{"@id":"https:\/\/cursosalturas.com.co\/tienda\/#\/schema\/logo\/image\/"}}]}},"_links":{"self":[{"href":"https:\/\/cursosalturas.com.co\/tienda\/wp-json\/wp\/v2\/product\/8429","targetHints":{"allow":["GET"]}}],"collection":[{"href":"https:\/\/cursosalturas.com.co\/tienda\/wp-json\/wp\/v2\/product"}],"about":[{"href":"https:\/\/cursosalturas.com.co\/tienda\/wp-json\/wp\/v2\/types\/product"}],"replies":[{"embeddable":true,"href":"https:\/\/cursosalturas.com.co\/tienda\/wp-json\/wp\/v2\/comments?post=8429"}],"wp:featuredmedia":[{"embeddable":true,"href":"https:\/\/cursosalturas.com.co\/tienda\/wp-json\/wp\/v2\/media\/8430"}],"wp:attachment":[{"href":"https:\/\/cursosalturas.com.co\/tienda\/wp-json\/wp\/v2\/media?parent=8429"}],"wp:term":[{"taxonomy":"product_brand","embeddable":true,"href":"https:\/\/cursosalturas.com.co\/tienda\/wp-json\/wp\/v2\/product_brand?post=8429"},{"taxonomy":"product_cat","embeddable":true,"href":"https:\/\/cursosalturas.com.co\/tienda\/wp-json\/wp\/v2\/product_cat?post=8429"},{"taxonomy":"product_tag","embeddable":true,"href":"https:\/\/cursosalturas.com.co\/tienda\/wp-json\/wp\/v2\/product_tag?post=8429"}],"curies":[{"name":"wp","href":"https:\/\/api.w.org\/{rel}","templated":true}]}}