{"id":8493,"date":"2025-09-26T21:38:22","date_gmt":"2025-09-26T21:38:22","guid":{"rendered":"https:\/\/cursosalturas.com.co\/tienda\/?post_type=product&#038;p=8493"},"modified":"2025-09-26T21:38:22","modified_gmt":"2025-09-26T21:38:22","slug":"avao-bod-fast-version-europea-en-x-con-5-puntos","status":"publish","type":"product","link":"https:\/\/cursosalturas.com.co\/tienda\/producto\/avao-bod-fast-version-europea-en-x-con-5-puntos\/","title":{"rendered":"AVAO\u00ae BOD FAST VERSI\u00d3N EUROPEA EN X CON 5 PUNTOS"},"content":{"rendered":"<p>Este es un arn\u00e9s dise\u00f1ado para trabajos en altura, proporcionando una comodidad superior gracias a su acolchado perforado y cintur\u00f3n\/perneras semirr\u00edgidas para un ajuste c\u00f3modo durante todo el d\u00eda.<\/p>\n<p>Tambi\u00e9n ofrece seguridad gracias a su dise\u00f1o adaptado al posicionamiento y descenso por cuerda, asegurando estabilidad en todo momento.<\/p>\n<h2>Caracter\u00edsticas<\/h2>\n<p>-Anillos porta material y trabillas portaherramientas.:<\/p>\n<p>-Dise\u00f1o adaptado al posicionamiento y descenso por cuerda, asegurando estabilidad en todo momento.<\/p>\n<p>-Puntos de enganche met\u00e1licos, anillos porta material y trabillas para herramientas, permitiendo tener todo el equipo a mano.<\/p>\n<p>-Hebillas autobloqueantes DOUBLEBACK y cierre FAST para una regulaci\u00f3n sencilla y eficiente.<\/p>\n<p>&nbsp;<\/p>\n<h3>CERTIFICACION CE EN 358 &#8211; EN 361 &#8211; EN 813.<br \/>\nMARCA PETZL<\/h3>\n<p>&nbsp;<\/p>\n","protected":false},"excerpt":{"rendered":"<p>Este es un arn\u00e9s dise\u00f1ado para trabajos en altura, proporcionando una comodidad superior gracias a su acolchado perforado y cintur\u00f3n\/perneras semirr\u00edgidas para un ajuste c\u00f3modo durante todo el d\u00eda.<\/p>\n<p>Tambi\u00e9n ofrece seguridad gracias a su dise\u00f1o adaptado al posicionamiento y descenso por cuerda, asegurando estabilidad en todo momento.<\/p>\n<h3>CERTIFICACION CE EN 358 &#8211; EN 361 &#8211; EN 813.<br \/>\nMARCA PETZL<\/h3>\n<p>&nbsp;<\/p>\n","protected":false},"featured_media":8494,"comment_status":"closed","ping_status":"closed","template":"","meta":[],"product_brand":[],"product_cat":[48],"product_tag":[],"class_list":{"0":"post-8493","1":"product","2":"type-product","3":"status-publish","4":"has-post-thumbnail","6":"product_cat-arneses-multiproposito-para-trabajos-en-alturas-sin-faja-lumbar","8":"first","9":"instock","10":"taxable","11":"shipping-taxable","12":"purchasable","13":"product-type-simple"},"yoast_head":"<!-- This site is optimized with the Yoast SEO plugin v25.3 - https:\/\/yoast.com\/wordpress\/plugins\/seo\/ -->\n<title>AVAO\u00ae BOD FAST VERSI\u00d3N EUROPEA EN X CON 5 PUNTOS - Cubik<\/title>\n<meta name=\"description\" content=\"FAST VERSI\u00d3N EUROPEA EN X CON 5 PUNTOS | dise\u00f1ado con materiales para proporcionar seguridad y confort\" \/>\n<meta name=\"robots\" content=\"index, follow, max-snippet:-1, max-image-preview:large, max-video-preview:-1\" \/>\n<link rel=\"canonical\" href=\"https:\/\/cursosalturas.com.co\/tienda\/producto\/avao-bod-fast-version-europea-en-x-con-5-puntos\/\" \/>\n<meta property=\"og:locale\" content=\"es_ES\" \/>\n<meta property=\"og:type\" content=\"article\" \/>\n<meta property=\"og:title\" content=\"AVAO\u00ae BOD FAST VERSI\u00d3N EUROPEA EN X CON 5 PUNTOS - Cubik\" \/>\n<meta property=\"og:description\" content=\"FAST VERSI\u00d3N EUROPEA EN X CON 5 PUNTOS | dise\u00f1ado con materiales para proporcionar seguridad y confort\" \/>\n<meta property=\"og:url\" content=\"https:\/\/cursosalturas.com.co\/tienda\/producto\/avao-bod-fast-version-europea-en-x-con-5-puntos\/\" \/>\n<meta property=\"og:site_name\" content=\"Cubik\" \/>\n<meta property=\"og:image\" content=\"https:\/\/cursosalturas.com.co\/tienda\/wp-content\/uploads\/2025\/09\/C071BB00-AVAO-FAST_LowRes-1.jpeg\" \/>\n\t<meta property=\"og:image:width\" content=\"625\" \/>\n\t<meta property=\"og:image:height\" content=\"1200\" \/>\n\t<meta property=\"og:image:type\" content=\"image\/jpeg\" \/>\n<meta name=\"twitter:card\" content=\"summary_large_image\" \/>\n<meta name=\"twitter:label1\" content=\"Tiempo de lectura\" \/>\n\t<meta name=\"twitter:data1\" content=\"1 minuto\" \/>\n<script type=\"application\/ld+json\" class=\"yoast-schema-graph\">{\"@context\":\"https:\/\/schema.org\",\"@graph\":[{\"@type\":\"WebPage\",\"@id\":\"https:\/\/cursosalturas.com.co\/tienda\/producto\/avao-bod-fast-version-europea-en-x-con-5-puntos\/\",\"url\":\"https:\/\/cursosalturas.com.co\/tienda\/producto\/avao-bod-fast-version-europea-en-x-con-5-puntos\/\",\"name\":\"AVAO\u00ae BOD FAST VERSI\u00d3N EUROPEA EN X CON 5 PUNTOS - Cubik\",\"isPartOf\":{\"@id\":\"https:\/\/cursosalturas.com.co\/tienda\/#website\"},\"primaryImageOfPage\":{\"@id\":\"https:\/\/cursosalturas.com.co\/tienda\/producto\/avao-bod-fast-version-europea-en-x-con-5-puntos\/#primaryimage\"},\"image\":{\"@id\":\"https:\/\/cursosalturas.com.co\/tienda\/producto\/avao-bod-fast-version-europea-en-x-con-5-puntos\/#primaryimage\"},\"thumbnailUrl\":\"https:\/\/cursosalturas.com.co\/tienda\/wp-content\/uploads\/2025\/09\/C071BB00-AVAO-FAST_LowRes-1.jpeg\",\"datePublished\":\"2025-09-26T21:38:22+00:00\",\"description\":\"FAST VERSI\u00d3N EUROPEA EN X CON 5 PUNTOS | dise\u00f1ado con materiales para proporcionar seguridad y confort\",\"breadcrumb\":{\"@id\":\"https:\/\/cursosalturas.com.co\/tienda\/producto\/avao-bod-fast-version-europea-en-x-con-5-puntos\/#breadcrumb\"},\"inLanguage\":\"es\",\"potentialAction\":[{\"@type\":\"ReadAction\",\"target\":[\"https:\/\/cursosalturas.com.co\/tienda\/producto\/avao-bod-fast-version-europea-en-x-con-5-puntos\/\"]}]},{\"@type\":\"ImageObject\",\"inLanguage\":\"es\",\"@id\":\"https:\/\/cursosalturas.com.co\/tienda\/producto\/avao-bod-fast-version-europea-en-x-con-5-puntos\/#primaryimage\",\"url\":\"https:\/\/cursosalturas.com.co\/tienda\/wp-content\/uploads\/2025\/09\/C071BB00-AVAO-FAST_LowRes-1.jpeg\",\"contentUrl\":\"https:\/\/cursosalturas.com.co\/tienda\/wp-content\/uploads\/2025\/09\/C071BB00-AVAO-FAST_LowRes-1.jpeg\",\"width\":625,\"height\":1200},{\"@type\":\"BreadcrumbList\",\"@id\":\"https:\/\/cursosalturas.com.co\/tienda\/producto\/avao-bod-fast-version-europea-en-x-con-5-puntos\/#breadcrumb\",\"itemListElement\":[{\"@type\":\"ListItem\",\"position\":1,\"name\":\"Portada\",\"item\":\"https:\/\/cursosalturas.com.co\/tienda\/\"},{\"@type\":\"ListItem\",\"position\":2,\"name\":\"Tienda\",\"item\":\"https:\/\/cursosalturas.com.co\/tienda\/tienda\/\"},{\"@type\":\"ListItem\",\"position\":3,\"name\":\"AVAO\u00ae BOD FAST VERSI\u00d3N EUROPEA EN X CON 5 PUNTOS\"}]},{\"@type\":\"WebSite\",\"@id\":\"https:\/\/cursosalturas.com.co\/tienda\/#website\",\"url\":\"https:\/\/cursosalturas.com.co\/tienda\/\",\"name\":\"Cubik\",\"description\":\"Cursos certificados y Protecci\u00f3n contra ca\u00eddas en Trabajo de Alturas\",\"publisher\":{\"@id\":\"https:\/\/cursosalturas.com.co\/tienda\/#organization\"},\"potentialAction\":[{\"@type\":\"SearchAction\",\"target\":{\"@type\":\"EntryPoint\",\"urlTemplate\":\"https:\/\/cursosalturas.com.co\/tienda\/?s={search_term_string}\"},\"query-input\":{\"@type\":\"PropertyValueSpecification\",\"valueRequired\":true,\"valueName\":\"search_term_string\"}}],\"inLanguage\":\"es\"},{\"@type\":\"Organization\",\"@id\":\"https:\/\/cursosalturas.com.co\/tienda\/#organization\",\"name\":\"Cubik\",\"url\":\"https:\/\/cursosalturas.com.co\/tienda\/\",\"logo\":{\"@type\":\"ImageObject\",\"inLanguage\":\"es\",\"@id\":\"https:\/\/cursosalturas.com.co\/tienda\/#\/schema\/logo\/image\/\",\"url\":\"https:\/\/cursosalturas.com.co\/tienda\/wp-content\/uploads\/2025\/05\/cubik-logo-blanco.png\",\"contentUrl\":\"https:\/\/cursosalturas.com.co\/tienda\/wp-content\/uploads\/2025\/05\/cubik-logo-blanco.png\",\"width\":225,\"height\":64,\"caption\":\"Cubik\"},\"image\":{\"@id\":\"https:\/\/cursosalturas.com.co\/tienda\/#\/schema\/logo\/image\/\"}}]}<\/script>\n<!-- \/ Yoast SEO plugin. -->","yoast_head_json":{"title":"AVAO\u00ae BOD FAST VERSI\u00d3N EUROPEA EN X CON 5 PUNTOS - Cubik","description":"FAST VERSI\u00d3N EUROPEA EN X CON 5 PUNTOS | dise\u00f1ado con materiales para proporcionar seguridad y confort","robots":{"index":"index","follow":"follow","max-snippet":"max-snippet:-1","max-image-preview":"max-image-preview:large","max-video-preview":"max-video-preview:-1"},"canonical":"https:\/\/cursosalturas.com.co\/tienda\/producto\/avao-bod-fast-version-europea-en-x-con-5-puntos\/","og_locale":"es_ES","og_type":"article","og_title":"AVAO\u00ae BOD FAST VERSI\u00d3N EUROPEA EN X CON 5 PUNTOS - Cubik","og_description":"FAST VERSI\u00d3N EUROPEA EN X CON 5 PUNTOS | dise\u00f1ado con materiales para proporcionar seguridad y confort","og_url":"https:\/\/cursosalturas.com.co\/tienda\/producto\/avao-bod-fast-version-europea-en-x-con-5-puntos\/","og_site_name":"Cubik","og_image":[{"width":625,"height":1200,"url":"https:\/\/cursosalturas.com.co\/tienda\/wp-content\/uploads\/2025\/09\/C071BB00-AVAO-FAST_LowRes-1.jpeg","type":"image\/jpeg"}],"twitter_card":"summary_large_image","twitter_misc":{"Tiempo de lectura":"1 minuto"},"schema":{"@context":"https:\/\/schema.org","@graph":[{"@type":"WebPage","@id":"https:\/\/cursosalturas.com.co\/tienda\/producto\/avao-bod-fast-version-europea-en-x-con-5-puntos\/","url":"https:\/\/cursosalturas.com.co\/tienda\/producto\/avao-bod-fast-version-europea-en-x-con-5-puntos\/","name":"AVAO\u00ae BOD FAST VERSI\u00d3N EUROPEA EN X CON 5 PUNTOS - Cubik","isPartOf":{"@id":"https:\/\/cursosalturas.com.co\/tienda\/#website"},"primaryImageOfPage":{"@id":"https:\/\/cursosalturas.com.co\/tienda\/producto\/avao-bod-fast-version-europea-en-x-con-5-puntos\/#primaryimage"},"image":{"@id":"https:\/\/cursosalturas.com.co\/tienda\/producto\/avao-bod-fast-version-europea-en-x-con-5-puntos\/#primaryimage"},"thumbnailUrl":"https:\/\/cursosalturas.com.co\/tienda\/wp-content\/uploads\/2025\/09\/C071BB00-AVAO-FAST_LowRes-1.jpeg","datePublished":"2025-09-26T21:38:22+00:00","description":"FAST VERSI\u00d3N EUROPEA EN X CON 5 PUNTOS | dise\u00f1ado con materiales para proporcionar seguridad y confort","breadcrumb":{"@id":"https:\/\/cursosalturas.com.co\/tienda\/producto\/avao-bod-fast-version-europea-en-x-con-5-puntos\/#breadcrumb"},"inLanguage":"es","potentialAction":[{"@type":"ReadAction","target":["https:\/\/cursosalturas.com.co\/tienda\/producto\/avao-bod-fast-version-europea-en-x-con-5-puntos\/"]}]},{"@type":"ImageObject","inLanguage":"es","@id":"https:\/\/cursosalturas.com.co\/tienda\/producto\/avao-bod-fast-version-europea-en-x-con-5-puntos\/#primaryimage","url":"https:\/\/cursosalturas.com.co\/tienda\/wp-content\/uploads\/2025\/09\/C071BB00-AVAO-FAST_LowRes-1.jpeg","contentUrl":"https:\/\/cursosalturas.com.co\/tienda\/wp-content\/uploads\/2025\/09\/C071BB00-AVAO-FAST_LowRes-1.jpeg","width":625,"height":1200},{"@type":"BreadcrumbList","@id":"https:\/\/cursosalturas.com.co\/tienda\/producto\/avao-bod-fast-version-europea-en-x-con-5-puntos\/#breadcrumb","itemListElement":[{"@type":"ListItem","position":1,"name":"Portada","item":"https:\/\/cursosalturas.com.co\/tienda\/"},{"@type":"ListItem","position":2,"name":"Tienda","item":"https:\/\/cursosalturas.com.co\/tienda\/tienda\/"},{"@type":"ListItem","position":3,"name":"AVAO\u00ae BOD FAST VERSI\u00d3N EUROPEA EN X CON 5 PUNTOS"}]},{"@type":"WebSite","@id":"https:\/\/cursosalturas.com.co\/tienda\/#website","url":"https:\/\/cursosalturas.com.co\/tienda\/","name":"Cubik","description":"Cursos certificados y Protecci\u00f3n contra ca\u00eddas en Trabajo de Alturas","publisher":{"@id":"https:\/\/cursosalturas.com.co\/tienda\/#organization"},"potentialAction":[{"@type":"SearchAction","target":{"@type":"EntryPoint","urlTemplate":"https:\/\/cursosalturas.com.co\/tienda\/?s={search_term_string}"},"query-input":{"@type":"PropertyValueSpecification","valueRequired":true,"valueName":"search_term_string"}}],"inLanguage":"es"},{"@type":"Organization","@id":"https:\/\/cursosalturas.com.co\/tienda\/#organization","name":"Cubik","url":"https:\/\/cursosalturas.com.co\/tienda\/","logo":{"@type":"ImageObject","inLanguage":"es","@id":"https:\/\/cursosalturas.com.co\/tienda\/#\/schema\/logo\/image\/","url":"https:\/\/cursosalturas.com.co\/tienda\/wp-content\/uploads\/2025\/05\/cubik-logo-blanco.png","contentUrl":"https:\/\/cursosalturas.com.co\/tienda\/wp-content\/uploads\/2025\/05\/cubik-logo-blanco.png","width":225,"height":64,"caption":"Cubik"},"image":{"@id":"https:\/\/cursosalturas.com.co\/tienda\/#\/schema\/logo\/image\/"}}]}},"_links":{"self":[{"href":"https:\/\/cursosalturas.com.co\/tienda\/wp-json\/wp\/v2\/product\/8493","targetHints":{"allow":["GET"]}}],"collection":[{"href":"https:\/\/cursosalturas.com.co\/tienda\/wp-json\/wp\/v2\/product"}],"about":[{"href":"https:\/\/cursosalturas.com.co\/tienda\/wp-json\/wp\/v2\/types\/product"}],"replies":[{"embeddable":true,"href":"https:\/\/cursosalturas.com.co\/tienda\/wp-json\/wp\/v2\/comments?post=8493"}],"wp:featuredmedia":[{"embeddable":true,"href":"https:\/\/cursosalturas.com.co\/tienda\/wp-json\/wp\/v2\/media\/8494"}],"wp:attachment":[{"href":"https:\/\/cursosalturas.com.co\/tienda\/wp-json\/wp\/v2\/media?parent=8493"}],"wp:term":[{"taxonomy":"product_brand","embeddable":true,"href":"https:\/\/cursosalturas.com.co\/tienda\/wp-json\/wp\/v2\/product_brand?post=8493"},{"taxonomy":"product_cat","embeddable":true,"href":"https:\/\/cursosalturas.com.co\/tienda\/wp-json\/wp\/v2\/product_cat?post=8493"},{"taxonomy":"product_tag","embeddable":true,"href":"https:\/\/cursosalturas.com.co\/tienda\/wp-json\/wp\/v2\/product_tag?post=8493"}],"curies":[{"name":"wp","href":"https:\/\/api.w.org\/{rel}","templated":true}]}}