{"id":8526,"date":"2025-10-02T14:03:37","date_gmt":"2025-10-02T14:03:37","guid":{"rendered":"https:\/\/cursosalturas.com.co\/tienda\/?post_type=product&#038;p=8526"},"modified":"2025-10-02T14:05:59","modified_gmt":"2025-10-02T14:05:59","slug":"arnes-4-argollas-con-herraje-en-acero-inoxidable","status":"publish","type":"product","link":"https:\/\/cursosalturas.com.co\/tienda\/producto\/arnes-4-argollas-con-herraje-en-acero-inoxidable\/","title":{"rendered":"ARNES 4 ARGOLLAS CON HERRAJE EN ACERO INOXIDABLE"},"content":{"rendered":"<h4>Este es un arnes de 4 argollas con herraje elaborado en acero inoxidable, dise\u00f1ado para priorizar la seguridad y la eficiencia. tiene una resistencia m\u00e1xima de peso de 31olbs y un minimo de 130lbs<\/h4>\n<h4>Caracter\u00edsticas especificas<\/h4>\n<p>-Cuenta con 1 argolla dorsal en \u201cD\u201d para la detenci\u00f3n y restricci\u00f3n de ca\u00eddas<\/p>\n<p>-2 argollas laterales en \u201cD\u201d con el fin de que el usuario pueda\u00a0 posicionarse f\u00e1cilmente.<\/p>\n<p>-1 argolla frontal en \u201cD\u201d para un ascenso y descenso controlado.<\/p>\n<h4>MARCA INSAFE<\/h4>\n<h3><\/h3>\n<p>&nbsp;<\/p>\n","protected":false},"excerpt":{"rendered":"<p>Este es un arnes multiprop\u00f3sito de 4 argollas con herraje elaborado en acero inoxidable, dise\u00f1ado para priorizar la seguridad y la eficiencia en el espacio laboral, tiene una resistencia de 310 lbs.<\/p>\n<p>MARCA INSAFE<\/p>\n","protected":false},"featured_media":8529,"comment_status":"closed","ping_status":"closed","template":"","meta":[],"product_brand":[],"product_cat":[48],"product_tag":[],"class_list":{"0":"post-8526","1":"product","2":"type-product","3":"status-publish","4":"has-post-thumbnail","6":"product_cat-arneses-multiproposito-para-trabajos-en-alturas-sin-faja-lumbar","8":"first","9":"instock","10":"taxable","11":"shipping-taxable","12":"purchasable","13":"product-type-simple"},"yoast_head":"<!-- This site is optimized with the Yoast SEO plugin v25.3 - https:\/\/yoast.com\/wordpress\/plugins\/seo\/ -->\n<title>ARNES 4 ARGOLLAS CON HERRAJE EN ACERO INOXIDABLE - Cubik<\/title>\n<meta name=\"description\" content=\"compra c\u00f3modo arnes multiprop\u00f3sito de 4 argollas, dise\u00f1ado para priorizar la comodidad y eficiencia, con una resistencia m\u00e1xima de peso de 310lbs\" \/>\n<meta name=\"robots\" content=\"index, follow, max-snippet:-1, max-image-preview:large, max-video-preview:-1\" \/>\n<link rel=\"canonical\" href=\"https:\/\/cursosalturas.com.co\/tienda\/producto\/arnes-4-argollas-con-herraje-en-acero-inoxidable\/\" \/>\n<meta property=\"og:locale\" content=\"es_ES\" \/>\n<meta property=\"og:type\" content=\"article\" \/>\n<meta property=\"og:title\" content=\"ARNES 4 ARGOLLAS CON HERRAJE EN ACERO INOXIDABLE - Cubik\" \/>\n<meta property=\"og:description\" content=\"compra c\u00f3modo arnes multiprop\u00f3sito de 4 argollas, dise\u00f1ado para priorizar la comodidad y eficiencia, con una resistencia m\u00e1xima de peso de 310lbs\" \/>\n<meta property=\"og:url\" content=\"https:\/\/cursosalturas.com.co\/tienda\/producto\/arnes-4-argollas-con-herraje-en-acero-inoxidable\/\" \/>\n<meta property=\"og:site_name\" content=\"Cubik\" \/>\n<meta property=\"article:modified_time\" content=\"2025-10-02T14:05:59+00:00\" \/>\n<meta property=\"og:image\" content=\"https:\/\/cursosalturas.com.co\/tienda\/wp-content\/uploads\/2025\/10\/PROTECCION-CAIDAS-ARNESES-ARNES-4-ARGOLLAS-X-HERRAJES-INOXIDABLE-78620250923215802.jpg\" \/>\n\t<meta property=\"og:image:width\" content=\"750\" \/>\n\t<meta property=\"og:image:height\" content=\"750\" \/>\n\t<meta property=\"og:image:type\" content=\"image\/jpeg\" \/>\n<meta name=\"twitter:card\" content=\"summary_large_image\" \/>\n<meta name=\"twitter:label1\" content=\"Tiempo de lectura\" \/>\n\t<meta name=\"twitter:data1\" content=\"1 minuto\" \/>\n<script type=\"application\/ld+json\" class=\"yoast-schema-graph\">{\"@context\":\"https:\/\/schema.org\",\"@graph\":[{\"@type\":\"WebPage\",\"@id\":\"https:\/\/cursosalturas.com.co\/tienda\/producto\/arnes-4-argollas-con-herraje-en-acero-inoxidable\/\",\"url\":\"https:\/\/cursosalturas.com.co\/tienda\/producto\/arnes-4-argollas-con-herraje-en-acero-inoxidable\/\",\"name\":\"ARNES 4 ARGOLLAS CON HERRAJE EN ACERO INOXIDABLE - Cubik\",\"isPartOf\":{\"@id\":\"https:\/\/cursosalturas.com.co\/tienda\/#website\"},\"primaryImageOfPage\":{\"@id\":\"https:\/\/cursosalturas.com.co\/tienda\/producto\/arnes-4-argollas-con-herraje-en-acero-inoxidable\/#primaryimage\"},\"image\":{\"@id\":\"https:\/\/cursosalturas.com.co\/tienda\/producto\/arnes-4-argollas-con-herraje-en-acero-inoxidable\/#primaryimage\"},\"thumbnailUrl\":\"https:\/\/cursosalturas.com.co\/tienda\/wp-content\/uploads\/2025\/10\/PROTECCION-CAIDAS-ARNESES-ARNES-4-ARGOLLAS-X-HERRAJES-INOXIDABLE-78620250923215802.jpg\",\"datePublished\":\"2025-10-02T14:03:37+00:00\",\"dateModified\":\"2025-10-02T14:05:59+00:00\",\"description\":\"compra c\u00f3modo arnes multiprop\u00f3sito de 4 argollas, dise\u00f1ado para priorizar la comodidad y eficiencia, con una resistencia m\u00e1xima de peso de 310lbs\",\"breadcrumb\":{\"@id\":\"https:\/\/cursosalturas.com.co\/tienda\/producto\/arnes-4-argollas-con-herraje-en-acero-inoxidable\/#breadcrumb\"},\"inLanguage\":\"es\",\"potentialAction\":[{\"@type\":\"ReadAction\",\"target\":[\"https:\/\/cursosalturas.com.co\/tienda\/producto\/arnes-4-argollas-con-herraje-en-acero-inoxidable\/\"]}]},{\"@type\":\"ImageObject\",\"inLanguage\":\"es\",\"@id\":\"https:\/\/cursosalturas.com.co\/tienda\/producto\/arnes-4-argollas-con-herraje-en-acero-inoxidable\/#primaryimage\",\"url\":\"https:\/\/cursosalturas.com.co\/tienda\/wp-content\/uploads\/2025\/10\/PROTECCION-CAIDAS-ARNESES-ARNES-4-ARGOLLAS-X-HERRAJES-INOXIDABLE-78620250923215802.jpg\",\"contentUrl\":\"https:\/\/cursosalturas.com.co\/tienda\/wp-content\/uploads\/2025\/10\/PROTECCION-CAIDAS-ARNESES-ARNES-4-ARGOLLAS-X-HERRAJES-INOXIDABLE-78620250923215802.jpg\",\"width\":750,\"height\":750},{\"@type\":\"BreadcrumbList\",\"@id\":\"https:\/\/cursosalturas.com.co\/tienda\/producto\/arnes-4-argollas-con-herraje-en-acero-inoxidable\/#breadcrumb\",\"itemListElement\":[{\"@type\":\"ListItem\",\"position\":1,\"name\":\"Portada\",\"item\":\"https:\/\/cursosalturas.com.co\/tienda\/\"},{\"@type\":\"ListItem\",\"position\":2,\"name\":\"Tienda\",\"item\":\"https:\/\/cursosalturas.com.co\/tienda\/tienda\/\"},{\"@type\":\"ListItem\",\"position\":3,\"name\":\"ARNES 4 ARGOLLAS CON HERRAJE EN ACERO INOXIDABLE\"}]},{\"@type\":\"WebSite\",\"@id\":\"https:\/\/cursosalturas.com.co\/tienda\/#website\",\"url\":\"https:\/\/cursosalturas.com.co\/tienda\/\",\"name\":\"Cubik\",\"description\":\"Cursos certificados y Protecci\u00f3n contra ca\u00eddas en Trabajo de Alturas\",\"publisher\":{\"@id\":\"https:\/\/cursosalturas.com.co\/tienda\/#organization\"},\"potentialAction\":[{\"@type\":\"SearchAction\",\"target\":{\"@type\":\"EntryPoint\",\"urlTemplate\":\"https:\/\/cursosalturas.com.co\/tienda\/?s={search_term_string}\"},\"query-input\":{\"@type\":\"PropertyValueSpecification\",\"valueRequired\":true,\"valueName\":\"search_term_string\"}}],\"inLanguage\":\"es\"},{\"@type\":\"Organization\",\"@id\":\"https:\/\/cursosalturas.com.co\/tienda\/#organization\",\"name\":\"Cubik\",\"url\":\"https:\/\/cursosalturas.com.co\/tienda\/\",\"logo\":{\"@type\":\"ImageObject\",\"inLanguage\":\"es\",\"@id\":\"https:\/\/cursosalturas.com.co\/tienda\/#\/schema\/logo\/image\/\",\"url\":\"https:\/\/cursosalturas.com.co\/tienda\/wp-content\/uploads\/2025\/05\/cubik-logo-blanco.png\",\"contentUrl\":\"https:\/\/cursosalturas.com.co\/tienda\/wp-content\/uploads\/2025\/05\/cubik-logo-blanco.png\",\"width\":225,\"height\":64,\"caption\":\"Cubik\"},\"image\":{\"@id\":\"https:\/\/cursosalturas.com.co\/tienda\/#\/schema\/logo\/image\/\"}}]}<\/script>\n<!-- \/ Yoast SEO plugin. -->","yoast_head_json":{"title":"ARNES 4 ARGOLLAS CON HERRAJE EN ACERO INOXIDABLE - Cubik","description":"compra c\u00f3modo arnes multiprop\u00f3sito de 4 argollas, dise\u00f1ado para priorizar la comodidad y eficiencia, con una resistencia m\u00e1xima de peso de 310lbs","robots":{"index":"index","follow":"follow","max-snippet":"max-snippet:-1","max-image-preview":"max-image-preview:large","max-video-preview":"max-video-preview:-1"},"canonical":"https:\/\/cursosalturas.com.co\/tienda\/producto\/arnes-4-argollas-con-herraje-en-acero-inoxidable\/","og_locale":"es_ES","og_type":"article","og_title":"ARNES 4 ARGOLLAS CON HERRAJE EN ACERO INOXIDABLE - Cubik","og_description":"compra c\u00f3modo arnes multiprop\u00f3sito de 4 argollas, dise\u00f1ado para priorizar la comodidad y eficiencia, con una resistencia m\u00e1xima de peso de 310lbs","og_url":"https:\/\/cursosalturas.com.co\/tienda\/producto\/arnes-4-argollas-con-herraje-en-acero-inoxidable\/","og_site_name":"Cubik","article_modified_time":"2025-10-02T14:05:59+00:00","og_image":[{"width":750,"height":750,"url":"https:\/\/cursosalturas.com.co\/tienda\/wp-content\/uploads\/2025\/10\/PROTECCION-CAIDAS-ARNESES-ARNES-4-ARGOLLAS-X-HERRAJES-INOXIDABLE-78620250923215802.jpg","type":"image\/jpeg"}],"twitter_card":"summary_large_image","twitter_misc":{"Tiempo de lectura":"1 minuto"},"schema":{"@context":"https:\/\/schema.org","@graph":[{"@type":"WebPage","@id":"https:\/\/cursosalturas.com.co\/tienda\/producto\/arnes-4-argollas-con-herraje-en-acero-inoxidable\/","url":"https:\/\/cursosalturas.com.co\/tienda\/producto\/arnes-4-argollas-con-herraje-en-acero-inoxidable\/","name":"ARNES 4 ARGOLLAS CON HERRAJE EN ACERO INOXIDABLE - Cubik","isPartOf":{"@id":"https:\/\/cursosalturas.com.co\/tienda\/#website"},"primaryImageOfPage":{"@id":"https:\/\/cursosalturas.com.co\/tienda\/producto\/arnes-4-argollas-con-herraje-en-acero-inoxidable\/#primaryimage"},"image":{"@id":"https:\/\/cursosalturas.com.co\/tienda\/producto\/arnes-4-argollas-con-herraje-en-acero-inoxidable\/#primaryimage"},"thumbnailUrl":"https:\/\/cursosalturas.com.co\/tienda\/wp-content\/uploads\/2025\/10\/PROTECCION-CAIDAS-ARNESES-ARNES-4-ARGOLLAS-X-HERRAJES-INOXIDABLE-78620250923215802.jpg","datePublished":"2025-10-02T14:03:37+00:00","dateModified":"2025-10-02T14:05:59+00:00","description":"compra c\u00f3modo arnes multiprop\u00f3sito de 4 argollas, dise\u00f1ado para priorizar la comodidad y eficiencia, con una resistencia m\u00e1xima de peso de 310lbs","breadcrumb":{"@id":"https:\/\/cursosalturas.com.co\/tienda\/producto\/arnes-4-argollas-con-herraje-en-acero-inoxidable\/#breadcrumb"},"inLanguage":"es","potentialAction":[{"@type":"ReadAction","target":["https:\/\/cursosalturas.com.co\/tienda\/producto\/arnes-4-argollas-con-herraje-en-acero-inoxidable\/"]}]},{"@type":"ImageObject","inLanguage":"es","@id":"https:\/\/cursosalturas.com.co\/tienda\/producto\/arnes-4-argollas-con-herraje-en-acero-inoxidable\/#primaryimage","url":"https:\/\/cursosalturas.com.co\/tienda\/wp-content\/uploads\/2025\/10\/PROTECCION-CAIDAS-ARNESES-ARNES-4-ARGOLLAS-X-HERRAJES-INOXIDABLE-78620250923215802.jpg","contentUrl":"https:\/\/cursosalturas.com.co\/tienda\/wp-content\/uploads\/2025\/10\/PROTECCION-CAIDAS-ARNESES-ARNES-4-ARGOLLAS-X-HERRAJES-INOXIDABLE-78620250923215802.jpg","width":750,"height":750},{"@type":"BreadcrumbList","@id":"https:\/\/cursosalturas.com.co\/tienda\/producto\/arnes-4-argollas-con-herraje-en-acero-inoxidable\/#breadcrumb","itemListElement":[{"@type":"ListItem","position":1,"name":"Portada","item":"https:\/\/cursosalturas.com.co\/tienda\/"},{"@type":"ListItem","position":2,"name":"Tienda","item":"https:\/\/cursosalturas.com.co\/tienda\/tienda\/"},{"@type":"ListItem","position":3,"name":"ARNES 4 ARGOLLAS CON HERRAJE EN ACERO INOXIDABLE"}]},{"@type":"WebSite","@id":"https:\/\/cursosalturas.com.co\/tienda\/#website","url":"https:\/\/cursosalturas.com.co\/tienda\/","name":"Cubik","description":"Cursos certificados y Protecci\u00f3n contra ca\u00eddas en Trabajo de Alturas","publisher":{"@id":"https:\/\/cursosalturas.com.co\/tienda\/#organization"},"potentialAction":[{"@type":"SearchAction","target":{"@type":"EntryPoint","urlTemplate":"https:\/\/cursosalturas.com.co\/tienda\/?s={search_term_string}"},"query-input":{"@type":"PropertyValueSpecification","valueRequired":true,"valueName":"search_term_string"}}],"inLanguage":"es"},{"@type":"Organization","@id":"https:\/\/cursosalturas.com.co\/tienda\/#organization","name":"Cubik","url":"https:\/\/cursosalturas.com.co\/tienda\/","logo":{"@type":"ImageObject","inLanguage":"es","@id":"https:\/\/cursosalturas.com.co\/tienda\/#\/schema\/logo\/image\/","url":"https:\/\/cursosalturas.com.co\/tienda\/wp-content\/uploads\/2025\/05\/cubik-logo-blanco.png","contentUrl":"https:\/\/cursosalturas.com.co\/tienda\/wp-content\/uploads\/2025\/05\/cubik-logo-blanco.png","width":225,"height":64,"caption":"Cubik"},"image":{"@id":"https:\/\/cursosalturas.com.co\/tienda\/#\/schema\/logo\/image\/"}}]}},"_links":{"self":[{"href":"https:\/\/cursosalturas.com.co\/tienda\/wp-json\/wp\/v2\/product\/8526","targetHints":{"allow":["GET"]}}],"collection":[{"href":"https:\/\/cursosalturas.com.co\/tienda\/wp-json\/wp\/v2\/product"}],"about":[{"href":"https:\/\/cursosalturas.com.co\/tienda\/wp-json\/wp\/v2\/types\/product"}],"replies":[{"embeddable":true,"href":"https:\/\/cursosalturas.com.co\/tienda\/wp-json\/wp\/v2\/comments?post=8526"}],"wp:featuredmedia":[{"embeddable":true,"href":"https:\/\/cursosalturas.com.co\/tienda\/wp-json\/wp\/v2\/media\/8529"}],"wp:attachment":[{"href":"https:\/\/cursosalturas.com.co\/tienda\/wp-json\/wp\/v2\/media?parent=8526"}],"wp:term":[{"taxonomy":"product_brand","embeddable":true,"href":"https:\/\/cursosalturas.com.co\/tienda\/wp-json\/wp\/v2\/product_brand?post=8526"},{"taxonomy":"product_cat","embeddable":true,"href":"https:\/\/cursosalturas.com.co\/tienda\/wp-json\/wp\/v2\/product_cat?post=8526"},{"taxonomy":"product_tag","embeddable":true,"href":"https:\/\/cursosalturas.com.co\/tienda\/wp-json\/wp\/v2\/product_tag?post=8526"}],"curies":[{"name":"wp","href":"https:\/\/api.w.org\/{rel}","templated":true}]}}